{"id":23752,"date":"2024-12-26T12:10:40","date_gmt":"2024-12-26T11:10:40","guid":{"rendered":"https:\/\/www.proxym-group.com\/fr\/?page_id=23752"},"modified":"2024-12-27T11:27:08","modified_gmt":"2024-12-27T10:27:08","slug":"coris-banque","status":"publish","type":"page","link":"https:\/\/www.proxym-group.com\/fr\/coris-banque\/","title":{"rendered":"CORIS banque"},"content":{"rendered":"\t\t<div data-elementor-type=\"wp-page\" data-elementor-id=\"23752\" class=\"elementor elementor-23752\" data-elementor-post-type=\"page\">\n\t\t\t\t\t\t\t\t\t<section class=\"elementor-section elementor-top-section elementor-element elementor-element-9447b3d elementor-section-full_width elementor-section-height-default elementor-section-height-default\" data-id=\"9447b3d\" data-element_type=\"section\" data-settings=\"{&quot;background_background&quot;:&quot;gradient&quot;}\">\n\t\t\t\t\t\t<div class=\"elementor-container elementor-column-gap-default\">\n\t\t\t\t\t<div class=\"elementor-column elementor-col-100 elementor-top-column elementor-element elementor-element-e1bb40e\" data-id=\"e1bb40e\" data-element_type=\"column\" data-settings=\"{&quot;background_background&quot;:&quot;classic&quot;}\">\n\t\t\t<div class=\"elementor-widget-wrap elementor-element-populated\">\n\t\t\t\t\t<div class=\"elementor-background-overlay\"><\/div>\n\t\t\t\t\t\t\t\t<div class=\"elementor-element elementor-element-8aad15f elementor-invisible elementor-widget elementor-widget-heading\" data-id=\"8aad15f\" data-element_type=\"widget\" data-settings=\"{&quot;_animation&quot;:&quot;fadeInUp&quot;}\" data-widget_type=\"heading.default\">\n\t\t\t\t<div class=\"elementor-widget-container\">\n\t\t\t<style>\/*! elementor - v3.17.0 - 01-11-2023 *\/\n.elementor-heading-title{padding:0;margin:0;line-height:1}.elementor-widget-heading .elementor-heading-title[class*=elementor-size-]>a{color:inherit;font-size:inherit;line-height:inherit}.elementor-widget-heading .elementor-heading-title.elementor-size-small{font-size:15px}.elementor-widget-heading .elementor-heading-title.elementor-size-medium{font-size:19px}.elementor-widget-heading .elementor-heading-title.elementor-size-large{font-size:29px}.elementor-widget-heading .elementor-heading-title.elementor-size-xl{font-size:39px}.elementor-widget-heading .elementor-heading-title.elementor-size-xxl{font-size:59px}<\/style><h2 class=\"elementor-heading-title elementor-size-default\">CORIS Bank International\u200b<\/h2>\t\t<\/div>\n\t\t\t\t<\/div>\n\t\t\t\t<div class=\"elementor-element elementor-element-14d472f elementor-invisible elementor-widget elementor-widget-heading\" data-id=\"14d472f\" data-element_type=\"widget\" data-settings=\"{&quot;_animation&quot;:&quot;fadeInUp&quot;}\" data-widget_type=\"heading.default\">\n\t\t\t\t<div class=\"elementor-widget-container\">\n\t\t\t<h2 class=\"elementor-heading-title elementor-size-default\">BANQUE RETAIL DIGITALE OMNICANALE<\/h2>\t\t<\/div>\n\t\t\t\t<\/div>\n\t\t\t\t<div class=\"elementor-element elementor-element-9e90260 elementor-widget elementor-widget-text-editor\" data-id=\"9e90260\" data-element_type=\"widget\" data-widget_type=\"text-editor.default\">\n\t\t\t\t<div class=\"elementor-widget-container\">\n\t\t\t<style>\/*! elementor - v3.17.0 - 01-11-2023 *\/\n.elementor-widget-text-editor.elementor-drop-cap-view-stacked .elementor-drop-cap{background-color:#69727d;color:#fff}.elementor-widget-text-editor.elementor-drop-cap-view-framed .elementor-drop-cap{color:#69727d;border:3px solid;background-color:transparent}.elementor-widget-text-editor:not(.elementor-drop-cap-view-default) .elementor-drop-cap{margin-top:8px}.elementor-widget-text-editor:not(.elementor-drop-cap-view-default) .elementor-drop-cap-letter{width:1em;height:1em}.elementor-widget-text-editor .elementor-drop-cap{float:left;text-align:center;line-height:1;font-size:50px}.elementor-widget-text-editor .elementor-drop-cap-letter{display:inline-block}<\/style>\t\t\t\t<p style=\"text-align: center;\">Powered by\u00a0 <img decoding=\"async\" loading=\"lazy\" class=\"alignnone wp-image-14973\" src=\"http:\/\/proxym-group.proxym-it.net\/wp-content\/uploads\/2023\/03\/Logo-bankerise-300x71.png\" alt=\"logo\" width=\"135\" height=\"32\" srcset=\"https:\/\/www.proxym-group.com\/wp-content\/uploads\/sites\/8\/2023\/03\/Logo-bankerise-300x71.png 300w, https:\/\/www.proxym-group.com\/wp-content\/uploads\/sites\/8\/2023\/03\/Logo-bankerise-1024x242.png 1024w, https:\/\/www.proxym-group.com\/wp-content\/uploads\/sites\/8\/2023\/03\/Logo-bankerise-768x182.png 768w, https:\/\/www.proxym-group.com\/wp-content\/uploads\/sites\/8\/2023\/03\/Logo-bankerise-1536x363.png 1536w, https:\/\/www.proxym-group.com\/wp-content\/uploads\/sites\/8\/2023\/03\/Logo-bankerise-570x135.png 570w, https:\/\/www.proxym-group.com\/wp-content\/uploads\/sites\/8\/2023\/03\/Logo-bankerise-270x64.png 270w, https:\/\/www.proxym-group.com\/wp-content\/uploads\/sites\/8\/2023\/03\/Logo-bankerise-600x142.png 600w, https:\/\/www.proxym-group.com\/wp-content\/uploads\/sites\/8\/2023\/03\/Logo-bankerise.png 1763w\" sizes=\"(max-width: 135px) 100vw, 135px\" \/><\/p>\t\t\t\t\t\t<\/div>\n\t\t\t\t<\/div>\n\t\t\t\t\t<\/div>\n\t\t<\/div>\n\t\t\t\t\t\t\t<\/div>\n\t\t<\/section>\n\t\t\t\t<section class=\"elementor-section elementor-top-section elementor-element elementor-element-f08a7a7 elementor-section-boxed elementor-section-height-default elementor-section-height-default\" data-id=\"f08a7a7\" data-element_type=\"section\">\n\t\t\t\t\t\t<div class=\"elementor-container elementor-column-gap-default\">\n\t\t\t\t\t<div class=\"elementor-column elementor-col-100 elementor-top-column elementor-element elementor-element-a096cc0\" data-id=\"a096cc0\" data-element_type=\"column\">\n\t\t\t<div class=\"elementor-widget-wrap elementor-element-populated\">\n\t\t\t\t\t\t\t\t<div class=\"elementor-element elementor-element-63744c6 elementor-invisible elementor-widget elementor-widget-text-editor\" data-id=\"63744c6\" data-element_type=\"widget\" data-settings=\"{&quot;_animation&quot;:&quot;fadeInUp&quot;}\" data-widget_type=\"text-editor.default\">\n\t\t\t\t<div class=\"elementor-widget-container\">\n\t\t\t\t\t\t\t<p><span class=\"TextRun SpellingErrorZoomed  BCX0 SCXP191471578\" lang=\"FR-FR\" xml:lang=\"FR-FR\" data-scheme-color=\"@333333,,\" data-usefontface=\"true\" data-contrast=\"none\"><span class=\"BCX0 SCXP191471578\">Coris<\/span><\/span><span class=\"TextRun  BCX0 SCXP191471578\" lang=\"FR-FR\" xml:lang=\"FR-FR\" data-scheme-color=\"@333333,,\" data-usefontface=\"true\" data-contrast=\"none\"><span class=\"NormalTextRun  BCX0 SCXP191471578\"> Bank International (CBI) est une banque commerciale avec une vision panafricaine. Depuis sa <\/span><\/span><span class=\"TextRun  BCX0 SCXP191471578\" lang=\"FR-FR\" xml:lang=\"FR-FR\" data-scheme-color=\"@333333,,\" data-usefontface=\"true\" data-contrast=\"none\"><span class=\"NormalTextRun  BCX0 SCXP191471578\">cr\u00e9ation en 2008, l&rsquo;ambition de CBI est d&rsquo;\u00eatre la banque de r\u00e9f\u00e9rence en Afrique. Aujourd&rsquo;hui, <\/span><\/span><span class=\"TextRun SpellingErrorZoomed  BCX0 SCXP191471578\" lang=\"FR-FR\" xml:lang=\"FR-FR\" data-scheme-color=\"@333333,,\" data-usefontface=\"true\" data-contrast=\"none\"><span class=\"BCX0 SCXP191471578\">Coris<\/span><\/span> <span class=\"TextRun  BCX0 SCXP191471578\" lang=\"FR-FR\" xml:lang=\"FR-FR\" data-scheme-color=\"@333333,,\" data-usefontface=\"true\" data-contrast=\"none\"><span class=\"NormalTextRun  BCX0 SCXP191471578\">Bank est pr\u00e9sente dans 11 pays africains,<\/span><\/span><span class=\"EOP  BCX0 SCXP191471578\">\u200b<\/span><\/p>\t\t\t\t\t\t<\/div>\n\t\t\t\t<\/div>\n\t\t\t\t\t<\/div>\n\t\t<\/div>\n\t\t\t\t\t\t\t<\/div>\n\t\t<\/section>\n\t\t\t\t<section class=\"elementor-section elementor-top-section elementor-element elementor-element-ae30cc4 elementor-section-boxed elementor-section-height-default elementor-section-height-default\" data-id=\"ae30cc4\" data-element_type=\"section\">\n\t\t\t\t\t\t<div class=\"elementor-container elementor-column-gap-default\">\n\t\t\t\t\t<div class=\"elementor-column elementor-col-50 elementor-top-column elementor-element elementor-element-5ed0d23\" data-id=\"5ed0d23\" data-element_type=\"column\">\n\t\t\t<div class=\"elementor-widget-wrap elementor-element-populated\">\n\t\t\t\t\t\t\t\t<div class=\"elementor-element elementor-element-322dc38 elementor-button-info elementor-widget elementor-widget-button\" data-id=\"322dc38\" data-element_type=\"widget\" data-widget_type=\"button.default\">\n\t\t\t\t<div class=\"elementor-widget-container\">\n\t\t\t\t\t<div class=\"elementor-button-wrapper\">\n\t\t\t<a class=\"elementor-button elementor-size-xs\" role=\"button\">\n\t\t\t\t\t\t<span class=\"elementor-button-content-wrapper\">\n\t\t\t\t\t\t<span class=\"elementor-button-text\">Solution par Proxym<\/span>\n\t\t<\/span>\n\t\t\t\t\t<\/a>\n\t\t<\/div>\n\t\t\t\t<\/div>\n\t\t\t\t<\/div>\n\t\t\t\t<div class=\"elementor-element elementor-element-3ce0bea elementor-widget elementor-widget-Element_Ready_Box_Widget\" data-id=\"3ce0bea\" data-element_type=\"widget\" data-widget_type=\"Element_Ready_Box_Widget.default\">\n\t\t\t\t<div class=\"elementor-widget-container\">\n\t\t\t\n\t\t\t\t<div class=\"single__box single__box__layout__6\">\n\t\t\t\t\t\n\t\t\t\t\t<div class=\"box__icon elementor-animation-\"><\/div>\n\t\t\t\t\t<h3 class=\"box__title\">Bankerise, solution bancaire omnicanal couvrant les besoins de Coris Bank et offrant un time-to-market sur 2 canaux : Web et Mobil<\/h3>\n\t\t\t\t\t\n\t\t\t\t\t\n\t\t\t\t\t\n\t\t\t\t<\/div>\n\t\t\t\t\t<\/div>\n\t\t\t\t<\/div>\n\t\t\t\t<div class=\"elementor-element elementor-element-3dfc026 elementor-widget elementor-widget-Element_Ready_Box_Widget\" data-id=\"3dfc026\" data-element_type=\"widget\" data-widget_type=\"Element_Ready_Box_Widget.default\">\n\t\t\t\t<div class=\"elementor-widget-container\">\n\t\t\t\n\t\t\t\t<div class=\"single__box single__box__layout__6\">\n\t\t\t\t\t\n\t\t\t\t\t<div class=\"box__icon elementor-animation-\"><\/div>\n\t\t\t\t\t<h3 class=\"box__title\">D\u00e9veloppement agile et personnalisation<\/h3>\n\t\t\t\t\t\n\t\t\t\t\t\n\t\t\t\t\t\n\t\t\t\t<\/div>\n\t\t\t\t\t<\/div>\n\t\t\t\t<\/div>\n\t\t\t\t<div class=\"elementor-element elementor-element-49dd8c9 elementor-widget elementor-widget-Element_Ready_Box_Widget\" data-id=\"49dd8c9\" data-element_type=\"widget\" data-widget_type=\"Element_Ready_Box_Widget.default\">\n\t\t\t\t<div class=\"elementor-widget-container\">\n\t\t\t\n\t\t\t\t<div class=\"single__box single__box__layout__6\">\n\t\t\t\t\t\n\t\t\t\t\t<div class=\"box__icon elementor-animation-\"><\/div>\n\t\t\t\t\t<h3 class=\"box__title\">Application intuitive offrant une exp\u00e9rience client riche, s\u00e9curis\u00e9e et personnalis\u00e9e.<\/h3>\n\t\t\t\t\t\n\t\t\t\t\t\n\t\t\t\t\t\n\t\t\t\t<\/div>\n\t\t\t\t\t<\/div>\n\t\t\t\t<\/div>\n\t\t\t\t<div class=\"elementor-element elementor-element-17f5d89 elementor-widget elementor-widget-Element_Ready_Box_Widget\" data-id=\"17f5d89\" data-element_type=\"widget\" data-widget_type=\"Element_Ready_Box_Widget.default\">\n\t\t\t\t<div class=\"elementor-widget-container\">\n\t\t\t\n\t\t\t\t<div class=\"single__box single__box__layout__6\">\n\t\t\t\t\t\n\t\t\t\t\t<div class=\"box__icon elementor-animation-\"><\/div>\n\t\t\t\t\t<h3 class=\"box__title\">L&#039;application MyCoris Bank est une nouvelle banque connect\u00e9e qui propose aux clients une large gamme de services, tels que :<\/h3>\n\t\t\t\t\t\n\t\t\t\t\t\n\t\t\t\t\t\n\t\t\t\t<\/div>\n\t\t\t\t\t<\/div>\n\t\t\t\t<\/div>\n\t\t\t\t<div class=\"elementor-element elementor-element-3df2387 elementor-widget elementor-widget-Element_Ready_Box_Widget\" data-id=\"3df2387\" data-element_type=\"widget\" data-widget_type=\"Element_Ready_Box_Widget.default\">\n\t\t\t\t<div class=\"elementor-widget-container\">\n\t\t\t\n\t\t\t\t<div class=\"single__box single__box__layout__6\">\n\t\t\t\t\t\n\t\t\t\t\t<div class=\"box__icon elementor-animation-\"><i class=\"eicon eicon-caret-right\"><\/i><\/div>\n\t\t\t\t\t\n\t\t\t\t\t<div class=\"box__description\"><p>Onboarding et souscription des clients\u200b<\/p>\n<\/div>\n\t\t\t\t\t\n\t\t\t\t\t\n\t\t\t\t<\/div>\n\t\t\t\t\t<\/div>\n\t\t\t\t<\/div>\n\t\t\t\t<div class=\"elementor-element elementor-element-3c54902 elementor-widget elementor-widget-Element_Ready_Box_Widget\" data-id=\"3c54902\" data-element_type=\"widget\" data-widget_type=\"Element_Ready_Box_Widget.default\">\n\t\t\t\t<div class=\"elementor-widget-container\">\n\t\t\t\n\t\t\t\t<div class=\"single__box single__box__layout__6\">\n\t\t\t\t\t\n\t\t\t\t\t<div class=\"box__icon elementor-animation-\"><i class=\"eicon eicon-caret-right\"><\/i><\/div>\n\t\t\t\t\t\n\t\t\t\t\t<div class=\"box__description\"><p>Commande, activation et blocage de cartes\u200b<\/p>\n<\/div>\n\t\t\t\t\t\n\t\t\t\t\t\n\t\t\t\t<\/div>\n\t\t\t\t\t<\/div>\n\t\t\t\t<\/div>\n\t\t\t\t<div class=\"elementor-element elementor-element-0d6ac00 elementor-widget elementor-widget-Element_Ready_Box_Widget\" data-id=\"0d6ac00\" data-element_type=\"widget\" data-widget_type=\"Element_Ready_Box_Widget.default\">\n\t\t\t\t<div class=\"elementor-widget-container\">\n\t\t\t\n\t\t\t\t<div class=\"single__box single__box__layout__6\">\n\t\t\t\t\t\n\t\t\t\t\t<div class=\"box__icon elementor-animation-\"><i class=\"eicon eicon-caret-right\"><\/i><\/div>\n\t\t\t\t\t\n\t\t\t\t\t<div class=\"box__description\"><p>Virements locaux et internationaux<\/p>\n<\/div>\n\t\t\t\t\t\n\t\t\t\t\t\n\t\t\t\t<\/div>\n\t\t\t\t\t<\/div>\n\t\t\t\t<\/div>\n\t\t\t\t<div class=\"elementor-element elementor-element-6a1a8d3 elementor-widget elementor-widget-Element_Ready_Box_Widget\" data-id=\"6a1a8d3\" data-element_type=\"widget\" data-widget_type=\"Element_Ready_Box_Widget.default\">\n\t\t\t\t<div class=\"elementor-widget-container\">\n\t\t\t\n\t\t\t\t<div class=\"single__box single__box__layout__6\">\n\t\t\t\t\t\n\t\t\t\t\t<div class=\"box__icon elementor-animation-\"><i class=\"eicon eicon-caret-right\"><\/i><\/div>\n\t\t\t\t\t\n\t\t\t\t\t<div class=\"box__description\"><p>Commande et suivi de ch\u00e9quier\u200b<\/p>\n<\/div>\n\t\t\t\t\t\n\t\t\t\t\t\n\t\t\t\t<\/div>\n\t\t\t\t\t<\/div>\n\t\t\t\t<\/div>\n\t\t\t\t<div class=\"elementor-element elementor-element-0513e0c elementor-widget elementor-widget-Element_Ready_Box_Widget\" data-id=\"0513e0c\" data-element_type=\"widget\" data-widget_type=\"Element_Ready_Box_Widget.default\">\n\t\t\t\t<div class=\"elementor-widget-container\">\n\t\t\t\n\t\t\t\t<div class=\"single__box single__box__layout__6\">\n\t\t\t\t\t\n\t\t\t\t\t<div class=\"box__icon elementor-animation-\"><i class=\"eicon eicon-caret-right\"><\/i><\/div>\n\t\t\t\t\t\n\t\t\t\t\t<div class=\"box__description\"><p>Paiement de factures\u200b<\/p>\n<\/div>\n\t\t\t\t\t\n\t\t\t\t\t\n\t\t\t\t<\/div>\n\t\t\t\t\t<\/div>\n\t\t\t\t<\/div>\n\t\t\t\t<div class=\"elementor-element elementor-element-db6e256 elementor-widget elementor-widget-Element_Ready_Box_Widget\" data-id=\"db6e256\" data-element_type=\"widget\" data-widget_type=\"Element_Ready_Box_Widget.default\">\n\t\t\t\t<div class=\"elementor-widget-container\">\n\t\t\t\n\t\t\t\t<div class=\"single__box single__box__layout__6\">\n\t\t\t\t\t\n\t\t\t\t\t<div class=\"box__icon elementor-animation-\"><i class=\"eicon eicon-caret-right\"><\/i><\/div>\n\t\t\t\t\t\n\t\t\t\t\t<div class=\"box__description\"><p>Gestion de portefeuille digital<\/p>\n<\/div>\n\t\t\t\t\t\n\t\t\t\t\t\n\t\t\t\t<\/div>\n\t\t\t\t\t<\/div>\n\t\t\t\t<\/div>\n\t\t\t\t\t<\/div>\n\t\t<\/div>\n\t\t\t\t<div class=\"elementor-column elementor-col-50 elementor-top-column elementor-element elementor-element-faa0264\" data-id=\"faa0264\" data-element_type=\"column\">\n\t\t\t<div class=\"elementor-widget-wrap elementor-element-populated\">\n\t\t\t\t\t\t\t\t<div class=\"elementor-element elementor-element-5c44daf elementor-widget elementor-widget-image\" data-id=\"5c44daf\" data-element_type=\"widget\" data-widget_type=\"image.default\">\n\t\t\t\t<div class=\"elementor-widget-container\">\n\t\t\t<style>\/*! elementor - v3.17.0 - 01-11-2023 *\/\n.elementor-widget-image{text-align:center}.elementor-widget-image a{display:inline-block}.elementor-widget-image a img[src$=\".svg\"]{width:48px}.elementor-widget-image img{vertical-align:middle;display:inline-block}<\/style>\t\t\t\t\t\t\t\t\t\t\t\t<img decoding=\"async\" loading=\"lazy\" width=\"596\" height=\"396\" src=\"https:\/\/www.proxym-group.com\/wp-content\/uploads\/sites\/8\/2024\/12\/shared-image.png\" class=\"attachment-large size-large wp-image-23753\" alt=\"\" srcset=\"https:\/\/www.proxym-group.com\/wp-content\/uploads\/sites\/8\/2024\/12\/shared-image.png 596w, https:\/\/www.proxym-group.com\/wp-content\/uploads\/sites\/8\/2024\/12\/shared-image-300x199.png 300w, https:\/\/www.proxym-group.com\/wp-content\/uploads\/sites\/8\/2024\/12\/shared-image-497x330.png 497w, https:\/\/www.proxym-group.com\/wp-content\/uploads\/sites\/8\/2024\/12\/shared-image-270x180.png 270w\" sizes=\"(max-width: 596px) 100vw, 596px\" \/>\t\t\t\t\t\t\t\t\t\t\t\t\t\t\t<\/div>\n\t\t\t\t<\/div>\n\t\t\t\t\t<\/div>\n\t\t<\/div>\n\t\t\t\t\t\t\t<\/div>\n\t\t<\/section>\n\t\t\t\t<section class=\"elementor-section elementor-top-section elementor-element elementor-element-6dc713b elementor-section-boxed elementor-section-height-default elementor-section-height-default\" data-id=\"6dc713b\" data-element_type=\"section\">\n\t\t\t\t\t\t<div class=\"elementor-container elementor-column-gap-default\">\n\t\t\t\t\t<div class=\"elementor-column elementor-col-50 elementor-top-column elementor-element elementor-element-888fac1\" data-id=\"888fac1\" data-element_type=\"column\">\n\t\t\t<div class=\"elementor-widget-wrap elementor-element-populated\">\n\t\t\t\t\t\t\t\t<div class=\"elementor-element elementor-element-49675d5 elementor-widget elementor-widget-image\" data-id=\"49675d5\" data-element_type=\"widget\" data-widget_type=\"image.default\">\n\t\t\t\t<div class=\"elementor-widget-container\">\n\t\t\t\t\t\t\t\t\t\t\t\t\t\t\t<img decoding=\"async\" loading=\"lazy\" width=\"800\" height=\"505\" src=\"https:\/\/www.proxym-group.com\/wp-content\/uploads\/sites\/8\/2024\/12\/3-screens.png\" class=\"attachment-large size-large wp-image-23754\" alt=\"\" srcset=\"https:\/\/www.proxym-group.com\/wp-content\/uploads\/sites\/8\/2024\/12\/3-screens.png 800w, https:\/\/www.proxym-group.com\/wp-content\/uploads\/sites\/8\/2024\/12\/3-screens-300x189.png 300w, https:\/\/www.proxym-group.com\/wp-content\/uploads\/sites\/8\/2024\/12\/3-screens-768x485.png 768w, https:\/\/www.proxym-group.com\/wp-content\/uploads\/sites\/8\/2024\/12\/3-screens-523x330.png 523w, https:\/\/www.proxym-group.com\/wp-content\/uploads\/sites\/8\/2024\/12\/3-screens-270x170.png 270w\" sizes=\"(max-width: 800px) 100vw, 800px\" \/>\t\t\t\t\t\t\t\t\t\t\t\t\t\t\t<\/div>\n\t\t\t\t<\/div>\n\t\t\t\t\t<\/div>\n\t\t<\/div>\n\t\t\t\t<div class=\"elementor-column elementor-col-50 elementor-top-column elementor-element elementor-element-807c7a8\" data-id=\"807c7a8\" data-element_type=\"column\">\n\t\t\t<div class=\"elementor-widget-wrap elementor-element-populated\">\n\t\t\t\t\t\t\t\t<div class=\"elementor-element elementor-element-abef2ac elementor-button-info elementor-widget elementor-widget-button\" data-id=\"abef2ac\" data-element_type=\"widget\" data-widget_type=\"button.default\">\n\t\t\t\t<div class=\"elementor-widget-container\">\n\t\t\t\t\t<div class=\"elementor-button-wrapper\">\n\t\t\t<a class=\"elementor-button elementor-size-xs\" role=\"button\">\n\t\t\t\t\t\t<span class=\"elementor-button-content-wrapper\">\n\t\t\t\t\t\t<span class=\"elementor-button-text\">Valeur Ajout\u00e9e<\/span>\n\t\t<\/span>\n\t\t\t\t\t<\/a>\n\t\t<\/div>\n\t\t\t\t<\/div>\n\t\t\t\t<\/div>\n\t\t\t\t<div class=\"elementor-element elementor-element-acfccb0 elementor-widget elementor-widget-Element_Ready_Box_Widget\" data-id=\"acfccb0\" data-element_type=\"widget\" data-widget_type=\"Element_Ready_Box_Widget.default\">\n\t\t\t\t<div class=\"elementor-widget-container\">\n\t\t\t\n\t\t\t\t<div class=\"single__box single__box__layout__6\">\n\t\t\t\t\t\n\t\t\t\t\t<div class=\"box__icon elementor-animation-\"><\/div>\n\t\t\t\t\t<h3 class=\"box__title\">Un gain de temps consid\u00e9rable gr\u00e2ce \u00e0 la mise en place de la nouvelle banque digitale bas\u00e9e sur la Fondation Bankerise et utilisant les fonctionnalit\u00e9s pr\u00e9construites de la solution<\/h3>\n\t\t\t\t\t\n\t\t\t\t\t\n\t\t\t\t\t\n\t\t\t\t<\/div>\n\t\t\t\t\t<\/div>\n\t\t\t\t<\/div>\n\t\t\t\t\t<\/div>\n\t\t<\/div>\n\t\t\t\t\t\t\t<\/div>\n\t\t<\/section>\n\t\t\t\t\t\t\t<\/div>\n\t\t","protected":false},"excerpt":{"rendered":"<p>CORIS Bank International\u200b BANQUE RETAIL DIGITALE OMNICANALE Powered by\u00a0 Coris Bank International (CBI) est une banque commerciale avec une vision panafricaine. Depuis sa cr\u00e9ation en 2008, l&rsquo;ambition de CBI est d&rsquo;\u00eatre la banque de r\u00e9f\u00e9rence en Afrique. Aujourd&rsquo;hui, Coris Bank est pr\u00e9sente dans 11 pays africains,\u200b Solution par Proxym Bankerise, solution bancaire omnicanal couvrant les [&hellip;]<\/p>\n","protected":false},"author":1,"featured_media":0,"parent":0,"menu_order":0,"comment_status":"closed","ping_status":"closed","template":"page-templates\/full-width.php","meta":{"content-type":"","_monsterinsights_skip_tracking":false,"_monsterinsights_sitenote_active":false,"_monsterinsights_sitenote_note":"","_monsterinsights_sitenote_category":0,"footnotes":""},"aioseo_notices":[],"_links":{"self":[{"href":"https:\/\/www.proxym-group.com\/fr\/wp-json\/wp\/v2\/pages\/23752"}],"collection":[{"href":"https:\/\/www.proxym-group.com\/fr\/wp-json\/wp\/v2\/pages"}],"about":[{"href":"https:\/\/www.proxym-group.com\/fr\/wp-json\/wp\/v2\/types\/page"}],"author":[{"embeddable":true,"href":"https:\/\/www.proxym-group.com\/fr\/wp-json\/wp\/v2\/users\/1"}],"replies":[{"embeddable":true,"href":"https:\/\/www.proxym-group.com\/fr\/wp-json\/wp\/v2\/comments?post=23752"}],"version-history":[{"count":25,"href":"https:\/\/www.proxym-group.com\/fr\/wp-json\/wp\/v2\/pages\/23752\/revisions"}],"predecessor-version":[{"id":23907,"href":"https:\/\/www.proxym-group.com\/fr\/wp-json\/wp\/v2\/pages\/23752\/revisions\/23907"}],"wp:attachment":[{"href":"https:\/\/www.proxym-group.com\/fr\/wp-json\/wp\/v2\/media?parent=23752"}],"curies":[{"name":"wp","href":"https:\/\/api.w.org\/{rel}","templated":true}]}}