{"id":21121,"date":"2023-10-13T16:03:26","date_gmt":"2023-10-13T14:03:26","guid":{"rendered":"https:\/\/www.proxym-group.com\/fr-tmp\/?page_id=21121"},"modified":"2024-12-25T11:03:06","modified_gmt":"2024-12-25T10:03:06","slug":"digital-engagement-suite","status":"publish","type":"page","link":"https:\/\/www.proxym-group.com\/fr\/digital-engagement-suite\/","title":{"rendered":"digital engagement suite"},"content":{"rendered":"\t\t<div data-elementor-type=\"wp-page\" data-elementor-id=\"21121\" class=\"elementor elementor-21121\" data-elementor-post-type=\"page\">\n\t\t\t\t\t\t\t\t\t<section class=\"elementor-section elementor-top-section elementor-element elementor-element-34f3210 elementor-section-boxed elementor-section-height-default elementor-section-height-default\" data-id=\"34f3210\" data-element_type=\"section\" data-settings=\"{&quot;background_background&quot;:&quot;classic&quot;}\">\n\t\t\t\t\t\t<div class=\"elementor-container elementor-column-gap-default\">\n\t\t\t\t\t<div class=\"elementor-column elementor-col-100 elementor-top-column elementor-element elementor-element-e873826\" data-id=\"e873826\" data-element_type=\"column\">\n\t\t\t<div class=\"elementor-widget-wrap elementor-element-populated\">\n\t\t\t\t\t\t\t\t<div class=\"elementor-element elementor-element-474ac93 elementor-widget elementor-widget-heading\" data-id=\"474ac93\" data-element_type=\"widget\" data-widget_type=\"heading.default\">\n\t\t\t\t<div class=\"elementor-widget-container\">\n\t\t\t<style>\/*! elementor - v3.17.0 - 01-11-2023 *\/\n.elementor-heading-title{padding:0;margin:0;line-height:1}.elementor-widget-heading .elementor-heading-title[class*=elementor-size-]>a{color:inherit;font-size:inherit;line-height:inherit}.elementor-widget-heading .elementor-heading-title.elementor-size-small{font-size:15px}.elementor-widget-heading .elementor-heading-title.elementor-size-medium{font-size:19px}.elementor-widget-heading .elementor-heading-title.elementor-size-large{font-size:29px}.elementor-widget-heading .elementor-heading-title.elementor-size-xl{font-size:39px}.elementor-widget-heading .elementor-heading-title.elementor-size-xxl{font-size:59px}<\/style><h2 class=\"elementor-heading-title elementor-size-default\">Optimisez vos strat\u00e9gies d'engagement client <br>et stimulez le succ\u00e8s<\/h2>\t\t<\/div>\n\t\t\t\t<\/div>\n\t\t\t\t<div class=\"elementor-element elementor-element-82c6285 elementor-widget elementor-widget-heading\" data-id=\"82c6285\" data-element_type=\"widget\" data-widget_type=\"heading.default\">\n\t\t\t\t<div class=\"elementor-widget-container\">\n\t\t\t<h2 class=\"elementor-heading-title elementor-size-default\"><span style=\"letter-spacing: 0.1px;\">Proxym <\/span>Digital Engagement Suite propose des solutions sur mesure et flexibles pour les institutions financi\u00e8res, r\u00e9pondant \u00e0 leurs besoins sp\u00e9cifiques et d\u00e9fis. Avec ses fonctionnalit\u00e9s vari\u00e9es, elle permet aux organisations d'engager efficacement leurs clients, d'am\u00e9liorer l'exp\u00e9rience client et de favoriser la croissance.<\/h2>\t\t<\/div>\n\t\t\t\t<\/div>\n\t\t\t\t\t<\/div>\n\t\t<\/div>\n\t\t\t\t\t\t\t<\/div>\n\t\t<\/section>\n\t\t\t\t<section class=\"elementor-section elementor-top-section elementor-element elementor-element-fb30b7a elementor-section-boxed elementor-section-height-default elementor-section-height-default\" data-id=\"fb30b7a\" data-element_type=\"section\" data-settings=\"{&quot;background_background&quot;:&quot;classic&quot;}\">\n\t\t\t\t\t\t\t<div class=\"elementor-background-overlay\"><\/div>\n\t\t\t\t\t\t\t<div class=\"elementor-container elementor-column-gap-default\">\n\t\t\t\t\t<div class=\"elementor-column elementor-col-100 elementor-top-column elementor-element elementor-element-41fb234\" data-id=\"41fb234\" data-element_type=\"column\">\n\t\t\t<div class=\"elementor-widget-wrap elementor-element-populated\">\n\t\t\t\t\t\t\t\t<div class=\"elementor-element elementor-element-6455f1b elementor-invisible elementor-widget elementor-widget-heading\" data-id=\"6455f1b\" data-element_type=\"widget\" data-settings=\"{&quot;_animation&quot;:&quot;fadeInUp&quot;}\" data-widget_type=\"heading.default\">\n\t\t\t\t<div class=\"elementor-widget-container\">\n\t\t\t<h2 class=\"elementor-heading-title elementor-size-default\">Proxym Digital Engagement Suite, <br>Des solutions adapt\u00e9es \u00e0 chaque secteur<\/h2>\t\t<\/div>\n\t\t\t\t<\/div>\n\t\t\t\t\t<\/div>\n\t\t<\/div>\n\t\t\t\t\t\t\t<\/div>\n\t\t<\/section>\n\t\t\t\t<section class=\"elementor-section elementor-top-section elementor-element elementor-element-ac6f5bc elementor-section-boxed elementor-section-height-default elementor-section-height-default\" data-id=\"ac6f5bc\" data-element_type=\"section\" data-settings=\"{&quot;background_background&quot;:&quot;classic&quot;}\">\n\t\t\t\t\t\t\t<div class=\"elementor-background-overlay\"><\/div>\n\t\t\t\t\t\t\t<div class=\"elementor-container elementor-column-gap-default\">\n\t\t\t\t\t<div class=\"elementor-column elementor-col-50 elementor-top-column elementor-element elementor-element-45fb798\" data-id=\"45fb798\" data-element_type=\"column\">\n\t\t\t<div class=\"elementor-widget-wrap elementor-element-populated\">\n\t\t\t\t\t\t\t\t<div class=\"elementor-element elementor-element-38ea73a elementor-widget elementor-widget-Element_Ready_Box_Widget\" data-id=\"38ea73a\" data-element_type=\"widget\" data-widget_type=\"Element_Ready_Box_Widget.default\">\n\t\t\t\t<div class=\"elementor-widget-container\">\n\t\t\t\n\t\t\t\t<div class=\"single__box single__box__layout__1\">\n\t\t\t\t\t\n\t\t\t\t\t<div class=\"box__icon elementor-animation-\"><\/div>\n\t\t\t\t\t<h3 class=\"box__title\">Pour les Banques<\/h3>\n\t\t\t\t\t\n\t\t\t\t\t\n\t\t\t\t\t\n\t\t\t\t<\/div>\n\t\t\t\t\t<\/div>\n\t\t\t\t<\/div>\n\t\t\t\t<div class=\"elementor-element elementor-element-453d4e7 elementor-align-left elementor-icon-list--layout-traditional elementor-list-item-link-full_width elementor-widget elementor-widget-icon-list\" data-id=\"453d4e7\" data-element_type=\"widget\" data-widget_type=\"icon-list.default\">\n\t\t\t\t<div class=\"elementor-widget-container\">\n\t\t\t<link rel=\"stylesheet\" href=\"https:\/\/www.proxym-group.com\/wp-content\/uploads\/sites\/8\/elementor\/css\/custom-widget-icon-list.min.css?ver=1764671704\">\t\t<ul class=\"elementor-icon-list-items\">\n\t\t\t\t\t\t\t<li class=\"elementor-icon-list-item\">\n\t\t\t\t\t\t\t\t\t\t\t<a href=\"\/fr\/banque-de-detail\">\n\n\t\t\t\t\t\t\t\t\t\t\t\t<span class=\"elementor-icon-list-icon\">\n\t\t\t\t\t\t\t<i aria-hidden=\"true\" class=\"far fa-arrow-alt-circle-right\"><\/i>\t\t\t\t\t\t<\/span>\n\t\t\t\t\t\t\t\t\t\t<span class=\"elementor-icon-list-text\">Bankerise pour les Banques Retail<\/span>\n\t\t\t\t\t\t\t\t\t\t\t<\/a>\n\t\t\t\t\t\t\t\t\t<\/li>\n\t\t\t\t\t\t\t\t<li class=\"elementor-icon-list-item\">\n\t\t\t\t\t\t\t\t\t\t\t<a href=\"\/fr\/banque-corporate\/\">\n\n\t\t\t\t\t\t\t\t\t\t\t\t<span class=\"elementor-icon-list-icon\">\n\t\t\t\t\t\t\t<i aria-hidden=\"true\" class=\"far fa-arrow-alt-circle-right\"><\/i>\t\t\t\t\t\t<\/span>\n\t\t\t\t\t\t\t\t\t\t<span class=\"elementor-icon-list-text\">Bankerise pour les Banques Corporate<\/span>\n\t\t\t\t\t\t\t\t\t\t\t<\/a>\n\t\t\t\t\t\t\t\t\t<\/li>\n\t\t\t\t\t\t<\/ul>\n\t\t\t\t<\/div>\n\t\t\t\t<\/div>\n\t\t\t\t<div class=\"elementor-element elementor-element-f0313f1 elementor-widget elementor-widget-Element_Ready_Box_Widget\" data-id=\"f0313f1\" data-element_type=\"widget\" data-widget_type=\"Element_Ready_Box_Widget.default\">\n\t\t\t\t<div class=\"elementor-widget-container\">\n\t\t\t\n\t\t\t\t<div class=\"single__box single__box__layout__1\">\n\t\t\t\t\t\n\t\t\t\t\t<div class=\"box__icon elementor-animation-\"><\/div>\n\t\t\t\t\t<h3 class=\"box__title\">Pour les Assurances<\/h3>\n\t\t\t\t\t<div class=\"box__description\"><\/div>\n\t\t\t\t\t\n\t\t\t\t\t\n\t\t\t\t<\/div>\n\t\t\t\t\t<\/div>\n\t\t\t\t<\/div>\n\t\t\t\t<div class=\"elementor-element elementor-element-eae3beb elementor-align-left elementor-icon-list--layout-traditional elementor-list-item-link-full_width elementor-widget elementor-widget-icon-list\" data-id=\"eae3beb\" data-element_type=\"widget\" data-widget_type=\"icon-list.default\">\n\t\t\t\t<div class=\"elementor-widget-container\">\n\t\t\t\t\t<ul class=\"elementor-icon-list-items\">\n\t\t\t\t\t\t\t<li class=\"elementor-icon-list-item\">\n\t\t\t\t\t\t\t\t\t\t\t<a href=\"\/fr\/assurance-vie\">\n\n\t\t\t\t\t\t\t\t\t\t\t\t<span class=\"elementor-icon-list-icon\">\n\t\t\t\t\t\t\t<i aria-hidden=\"true\" class=\"far fa-arrow-alt-circle-right\"><\/i>\t\t\t\t\t\t<\/span>\n\t\t\t\t\t\t\t\t\t\t<span class=\"elementor-icon-list-text\">Insurise pour l'Assurances Vie<\/span>\n\t\t\t\t\t\t\t\t\t\t\t<\/a>\n\t\t\t\t\t\t\t\t\t<\/li>\n\t\t\t\t\t\t\t\t<li class=\"elementor-icon-list-item\">\n\t\t\t\t\t\t\t\t\t\t\t<a href=\"\/fr\/assurance-non-vie\">\n\n\t\t\t\t\t\t\t\t\t\t\t\t<span class=\"elementor-icon-list-icon\">\n\t\t\t\t\t\t\t<i aria-hidden=\"true\" class=\"far fa-arrow-alt-circle-right\"><\/i>\t\t\t\t\t\t<\/span>\n\t\t\t\t\t\t\t\t\t\t<span class=\"elementor-icon-list-text\">Insurise pour l'Assurance Non-Vie<\/span>\n\t\t\t\t\t\t\t\t\t\t\t<\/a>\n\t\t\t\t\t\t\t\t\t<\/li>\n\t\t\t\t\t\t<\/ul>\n\t\t\t\t<\/div>\n\t\t\t\t<\/div>\n\t\t\t\t<div class=\"elementor-element elementor-element-d99b6f8 elementor-widget elementor-widget-Element_Ready_Box_Widget\" data-id=\"d99b6f8\" data-element_type=\"widget\" data-widget_type=\"Element_Ready_Box_Widget.default\">\n\t\t\t\t<div class=\"elementor-widget-container\">\n\t\t\t\n\t\t\t\t<div class=\"single__box single__box__layout__1\">\n\t\t\t\t\t\n\t\t\t\t\t<div class=\"box__icon elementor-animation-\"><\/div>\n\t\t\t\t\t<h3 class=\"box__title\">Pour les \u00c9tablissements de Cr\u00e9dit<\/h3>\n\t\t\t\t\t\n\t\t\t\t\t\n\t\t\t\t\t\n\t\t\t\t<\/div>\n\t\t\t\t\t<\/div>\n\t\t\t\t<\/div>\n\t\t\t\t<div class=\"elementor-element elementor-element-f4ed3f8 elementor-align-left elementor-icon-list--layout-traditional elementor-list-item-link-full_width elementor-widget elementor-widget-icon-list\" data-id=\"f4ed3f8\" data-element_type=\"widget\" data-widget_type=\"icon-list.default\">\n\t\t\t\t<div class=\"elementor-widget-container\">\n\t\t\t\t\t<ul class=\"elementor-icon-list-items\">\n\t\t\t\t\t\t\t<li class=\"elementor-icon-list-item\">\n\t\t\t\t\t\t\t\t\t\t\t<a href=\"\/fr\/microfinance\">\n\n\t\t\t\t\t\t\t\t\t\t\t\t<span class=\"elementor-icon-list-icon\">\n\t\t\t\t\t\t\t<i aria-hidden=\"true\" class=\"far fa-arrow-alt-circle-right\"><\/i>\t\t\t\t\t\t<\/span>\n\t\t\t\t\t\t\t\t\t\t<span class=\"elementor-icon-list-text\">Bankerise pour la Microfinance<\/span>\n\t\t\t\t\t\t\t\t\t\t\t<\/a>\n\t\t\t\t\t\t\t\t\t<\/li>\n\t\t\t\t\t\t\t\t<li class=\"elementor-icon-list-item\">\n\t\t\t\t\t\t\t\t\t\t\t<a href=\"\/fr\/credit-digital\/\">\n\n\t\t\t\t\t\t\t\t\t\t\t\t<span class=\"elementor-icon-list-icon\">\n\t\t\t\t\t\t\t<i aria-hidden=\"true\" class=\"far fa-arrow-alt-circle-right\"><\/i>\t\t\t\t\t\t<\/span>\n\t\t\t\t\t\t\t\t\t\t<span class=\"elementor-icon-list-text\">Bankerise pour les Cr\u00e9dits Digitaux<\/span>\n\t\t\t\t\t\t\t\t\t\t\t<\/a>\n\t\t\t\t\t\t\t\t\t<\/li>\n\t\t\t\t\t\t<\/ul>\n\t\t\t\t<\/div>\n\t\t\t\t<\/div>\n\t\t\t\t\t<\/div>\n\t\t<\/div>\n\t\t\t\t<div class=\"elementor-column elementor-col-50 elementor-top-column elementor-element elementor-element-40dd16d elementor-hidden-tablet\" data-id=\"40dd16d\" data-element_type=\"column\">\n\t\t\t<div class=\"elementor-widget-wrap elementor-element-populated\">\n\t\t\t\t\t\t\t\t<div class=\"elementor-element elementor-element-4d81e1f elementor-widget elementor-widget-Element_Ready_Image_Carousel\" data-id=\"4d81e1f\" data-element_type=\"widget\" data-widget_type=\"Element_Ready_Image_Carousel.default\">\n\t\t\t\t<div class=\"elementor-widget-container\">\n\t\t\t        <div class=\"sldier-content-area \">\r\n            <div class=\"element-ready-carousel-activation\" data-settings=\"{&quot;slideid&quot;:2526,&quot;arrows&quot;:false,&quot;arrow_prev_txt&quot;:null,&quot;arrow_next_txt&quot;:null,&quot;dots&quot;:false,&quot;autoplay&quot;:true,&quot;autoplay_speed&quot;:3000,&quot;animation_speed&quot;:300,&quot;pause_on_hover&quot;:true,&quot;center_mode&quot;:false,&quot;center_padding&quot;:0,&quot;rows&quot;:1,&quot;fade&quot;:false,&quot;focusonselect&quot;:false,&quot;vertical&quot;:false,&quot;rtl&quot;:false,&quot;infinite&quot;:true,&quot;display_columns&quot;:1,&quot;scroll_columns&quot;:1,&quot;tablet_width&quot;:768,&quot;tablet_display_columns&quot;:1,&quot;tablet_scroll_columns&quot;:3,&quot;mobile_width&quot;:480,&quot;mobile_display_columns&quot;:1,&quot;mobile_scroll_columns&quot;:1}\">\r\n\r\n                                    <div class=\"element__ready__image__slide__item__parent\">\r\n                        <div class=\"single__image__slide element__ready__image__slide__layout__1\">\r\n                            <a href=\"http:\/\/proxym-group.proxym-it.net\/wp-content\/uploads\/2023\/05\/divers-business-1-1.png\" class=\"lightbox\"  ><img loading=\"lazy\" width=\"1152\" height=\"766\" src=\"https:\/\/www.proxym-group.com\/wp-content\/uploads\/sites\/8\/2023\/05\/divers-business-1-1.png\" class=\"attachment-full size-full wp-image-18557\" alt=\"divers-business\" decoding=\"async\" srcset=\"https:\/\/www.proxym-group.com\/wp-content\/uploads\/sites\/8\/2023\/05\/divers-business-1-1.png 1152w, https:\/\/www.proxym-group.com\/wp-content\/uploads\/sites\/8\/2023\/05\/divers-business-1-1-300x199.png 300w, https:\/\/www.proxym-group.com\/wp-content\/uploads\/sites\/8\/2023\/05\/divers-business-1-1-1024x681.png 1024w, https:\/\/www.proxym-group.com\/wp-content\/uploads\/sites\/8\/2023\/05\/divers-business-1-1-768x511.png 768w, https:\/\/www.proxym-group.com\/wp-content\/uploads\/sites\/8\/2023\/05\/divers-business-1-1-496x330.png 496w, https:\/\/www.proxym-group.com\/wp-content\/uploads\/sites\/8\/2023\/05\/divers-business-1-1-270x180.png 270w, https:\/\/www.proxym-group.com\/wp-content\/uploads\/sites\/8\/2023\/05\/divers-business-1-1-600x399.png 600w\" sizes=\"(max-width: 1152px) 100vw, 1152px\" \/><\/a>                                                    <\/div>\r\n                    <\/div>\r\n                                    <div class=\"element__ready__image__slide__item__parent\">\r\n                        <div class=\"single__image__slide element__ready__image__slide__layout__1\">\r\n                            <a href=\"http:\/\/proxym-group.proxym-it.net\/wp-content\/uploads\/2023\/05\/divers-business-2.png\" class=\"lightbox\"  ><img loading=\"lazy\" width=\"1152\" height=\"766\" src=\"https:\/\/www.proxym-group.com\/wp-content\/uploads\/sites\/8\/2023\/05\/divers-business-2.png\" class=\"attachment-full size-full wp-image-18094\" alt=\"divers-business-2\" decoding=\"async\" srcset=\"https:\/\/www.proxym-group.com\/wp-content\/uploads\/sites\/8\/2023\/05\/divers-business-2.png 1152w, https:\/\/www.proxym-group.com\/wp-content\/uploads\/sites\/8\/2023\/05\/divers-business-2-300x199.png 300w, https:\/\/www.proxym-group.com\/wp-content\/uploads\/sites\/8\/2023\/05\/divers-business-2-1024x681.png 1024w, https:\/\/www.proxym-group.com\/wp-content\/uploads\/sites\/8\/2023\/05\/divers-business-2-768x511.png 768w, https:\/\/www.proxym-group.com\/wp-content\/uploads\/sites\/8\/2023\/05\/divers-business-2-496x330.png 496w, https:\/\/www.proxym-group.com\/wp-content\/uploads\/sites\/8\/2023\/05\/divers-business-2-270x180.png 270w, https:\/\/www.proxym-group.com\/wp-content\/uploads\/sites\/8\/2023\/05\/divers-business-2-600x399.png 600w\" sizes=\"(max-width: 1152px) 100vw, 1152px\" \/><\/a>                                                    <\/div>\r\n                    <\/div>\r\n                                    <div class=\"element__ready__image__slide__item__parent\">\r\n                        <div class=\"single__image__slide element__ready__image__slide__layout__1\">\r\n                            <a href=\"http:\/\/proxym-group.proxym-it.net\/wp-content\/uploads\/2023\/05\/divers-business-3.png\" class=\"lightbox\"  ><img loading=\"lazy\" width=\"1152\" height=\"766\" src=\"https:\/\/www.proxym-group.com\/wp-content\/uploads\/sites\/8\/2023\/05\/divers-business-3.png\" class=\"attachment-full size-full wp-image-18096\" alt=\"divers business 3\" decoding=\"async\" srcset=\"https:\/\/www.proxym-group.com\/wp-content\/uploads\/sites\/8\/2023\/05\/divers-business-3.png 1152w, https:\/\/www.proxym-group.com\/wp-content\/uploads\/sites\/8\/2023\/05\/divers-business-3-300x199.png 300w, https:\/\/www.proxym-group.com\/wp-content\/uploads\/sites\/8\/2023\/05\/divers-business-3-1024x681.png 1024w, https:\/\/www.proxym-group.com\/wp-content\/uploads\/sites\/8\/2023\/05\/divers-business-3-768x511.png 768w, https:\/\/www.proxym-group.com\/wp-content\/uploads\/sites\/8\/2023\/05\/divers-business-3-496x330.png 496w, https:\/\/www.proxym-group.com\/wp-content\/uploads\/sites\/8\/2023\/05\/divers-business-3-270x180.png 270w, https:\/\/www.proxym-group.com\/wp-content\/uploads\/sites\/8\/2023\/05\/divers-business-3-600x399.png 600w\" sizes=\"(max-width: 1152px) 100vw, 1152px\" \/><\/a>                                                    <\/div>\r\n                    <\/div>\r\n                \r\n            <\/div>\r\n\r\n            \r\n        <\/div>\r\n    \t\t<\/div>\n\t\t\t\t<\/div>\n\t\t\t\t\t<\/div>\n\t\t<\/div>\n\t\t\t\t\t\t\t<\/div>\n\t\t<\/section>\n\t\t\t\t\t\t\t<\/div>\n\t\t","protected":false},"excerpt":{"rendered":"<p>Optimisez vos strat\u00e9gies d&rsquo;engagement client et stimulez le succ\u00e8s Proxym Digital Engagement Suite propose des solutions sur mesure et flexibles pour les institutions financi\u00e8res, r\u00e9pondant \u00e0 leurs besoins sp\u00e9cifiques et d\u00e9fis. Avec ses fonctionnalit\u00e9s vari\u00e9es, elle permet aux organisations d&rsquo;engager efficacement leurs clients, d&rsquo;am\u00e9liorer l&rsquo;exp\u00e9rience client et de favoriser la croissance. Proxym Digital Engagement Suite, [&hellip;]<\/p>\n","protected":false},"author":1,"featured_media":0,"parent":0,"menu_order":0,"comment_status":"closed","ping_status":"closed","template":"page-templates\/full-width.php","meta":{"content-type":"","_monsterinsights_skip_tracking":false,"_monsterinsights_sitenote_active":false,"_monsterinsights_sitenote_note":"","_monsterinsights_sitenote_category":0,"footnotes":""},"aioseo_notices":[],"_links":{"self":[{"href":"https:\/\/www.proxym-group.com\/fr\/wp-json\/wp\/v2\/pages\/21121"}],"collection":[{"href":"https:\/\/www.proxym-group.com\/fr\/wp-json\/wp\/v2\/pages"}],"about":[{"href":"https:\/\/www.proxym-group.com\/fr\/wp-json\/wp\/v2\/types\/page"}],"author":[{"embeddable":true,"href":"https:\/\/www.proxym-group.com\/fr\/wp-json\/wp\/v2\/users\/1"}],"replies":[{"embeddable":true,"href":"https:\/\/www.proxym-group.com\/fr\/wp-json\/wp\/v2\/comments?post=21121"}],"version-history":[{"count":19,"href":"https:\/\/www.proxym-group.com\/fr\/wp-json\/wp\/v2\/pages\/21121\/revisions"}],"predecessor-version":[{"id":23561,"href":"https:\/\/www.proxym-group.com\/fr\/wp-json\/wp\/v2\/pages\/21121\/revisions\/23561"}],"wp:attachment":[{"href":"https:\/\/www.proxym-group.com\/fr\/wp-json\/wp\/v2\/media?parent=21121"}],"curies":[{"name":"wp","href":"https:\/\/api.w.org\/{rel}","templated":true}]}}