{"id":19919,"date":"2023-05-24T18:00:22","date_gmt":"2023-05-24T16:00:22","guid":{"rendered":"https:\/\/www.proxym-group.com\/fr-tmp\/?page_id=19919"},"modified":"2024-12-26T11:55:26","modified_gmt":"2024-12-26T10:55:26","slug":"agb-fr","status":"publish","type":"page","link":"https:\/\/www.proxym-group.com\/fr\/agb-fr\/","title":{"rendered":"AGB"},"content":{"rendered":"\t\t<div data-elementor-type=\"wp-page\" data-elementor-id=\"19919\" class=\"elementor elementor-19919\" data-elementor-post-type=\"page\">\n\t\t\t\t\t\t\t\t\t<section class=\"elementor-section elementor-top-section elementor-element elementor-element-0158cfe elementor-section-full_width elementor-section-height-default elementor-section-height-default\" data-id=\"0158cfe\" data-element_type=\"section\" data-settings=\"{&quot;background_background&quot;:&quot;gradient&quot;}\">\n\t\t\t\t\t\t<div class=\"elementor-container elementor-column-gap-default\">\n\t\t\t\t\t<div class=\"elementor-column elementor-col-100 elementor-top-column elementor-element elementor-element-904e09b\" data-id=\"904e09b\" data-element_type=\"column\" data-settings=\"{&quot;background_background&quot;:&quot;classic&quot;}\">\n\t\t\t<div class=\"elementor-widget-wrap elementor-element-populated\">\n\t\t\t\t\t<div class=\"elementor-background-overlay\"><\/div>\n\t\t\t\t\t\t\t\t<div class=\"elementor-element elementor-element-cbeb244 elementor-invisible elementor-widget elementor-widget-heading\" data-id=\"cbeb244\" data-element_type=\"widget\" data-settings=\"{&quot;_animation&quot;:&quot;fadeInUp&quot;}\" data-widget_type=\"heading.default\">\n\t\t\t\t<div class=\"elementor-widget-container\">\n\t\t\t<style>\/*! elementor - v3.17.0 - 01-11-2023 *\/\n.elementor-heading-title{padding:0;margin:0;line-height:1}.elementor-widget-heading .elementor-heading-title[class*=elementor-size-]>a{color:inherit;font-size:inherit;line-height:inherit}.elementor-widget-heading .elementor-heading-title.elementor-size-small{font-size:15px}.elementor-widget-heading .elementor-heading-title.elementor-size-medium{font-size:19px}.elementor-widget-heading .elementor-heading-title.elementor-size-large{font-size:29px}.elementor-widget-heading .elementor-heading-title.elementor-size-xl{font-size:39px}.elementor-widget-heading .elementor-heading-title.elementor-size-xxl{font-size:59px}<\/style><h2 class=\"elementor-heading-title elementor-size-default\">AGB<\/h2>\t\t<\/div>\n\t\t\t\t<\/div>\n\t\t\t\t<div class=\"elementor-element elementor-element-c4ead34 elementor-invisible elementor-widget elementor-widget-heading\" data-id=\"c4ead34\" data-element_type=\"widget\" data-settings=\"{&quot;_animation&quot;:&quot;fadeInUp&quot;}\" data-widget_type=\"heading.default\">\n\t\t\t\t<div class=\"elementor-widget-container\">\n\t\t\t<h2 class=\"elementor-heading-title elementor-size-default\">PLATEFORME BANCAIRE DIGITALE MULTICANALE<\/h2>\t\t<\/div>\n\t\t\t\t<\/div>\n\t\t\t\t<div class=\"elementor-element elementor-element-9886986 elementor-widget elementor-widget-text-editor\" data-id=\"9886986\" data-element_type=\"widget\" data-widget_type=\"text-editor.default\">\n\t\t\t\t<div class=\"elementor-widget-container\">\n\t\t\t<style>\/*! elementor - v3.17.0 - 01-11-2023 *\/\n.elementor-widget-text-editor.elementor-drop-cap-view-stacked .elementor-drop-cap{background-color:#69727d;color:#fff}.elementor-widget-text-editor.elementor-drop-cap-view-framed .elementor-drop-cap{color:#69727d;border:3px solid;background-color:transparent}.elementor-widget-text-editor:not(.elementor-drop-cap-view-default) .elementor-drop-cap{margin-top:8px}.elementor-widget-text-editor:not(.elementor-drop-cap-view-default) .elementor-drop-cap-letter{width:1em;height:1em}.elementor-widget-text-editor .elementor-drop-cap{float:left;text-align:center;line-height:1;font-size:50px}.elementor-widget-text-editor .elementor-drop-cap-letter{display:inline-block}<\/style>\t\t\t\t<p style=\"text-align: center;\">Powered by\u00a0 <img decoding=\"async\" loading=\"lazy\" class=\"alignnone wp-image-14973\" src=\"http:\/\/proxym-group.proxym-it.net\/wp-content\/uploads\/2023\/03\/Logo-bankerise-300x71.png\" alt=\"\" width=\"135\" height=\"32\" srcset=\"https:\/\/www.proxym-group.com\/wp-content\/uploads\/sites\/8\/2023\/03\/Logo-bankerise-300x71.png 300w, https:\/\/www.proxym-group.com\/wp-content\/uploads\/sites\/8\/2023\/03\/Logo-bankerise-1024x242.png 1024w, https:\/\/www.proxym-group.com\/wp-content\/uploads\/sites\/8\/2023\/03\/Logo-bankerise-768x182.png 768w, https:\/\/www.proxym-group.com\/wp-content\/uploads\/sites\/8\/2023\/03\/Logo-bankerise-1536x363.png 1536w, https:\/\/www.proxym-group.com\/wp-content\/uploads\/sites\/8\/2023\/03\/Logo-bankerise-570x135.png 570w, https:\/\/www.proxym-group.com\/wp-content\/uploads\/sites\/8\/2023\/03\/Logo-bankerise-270x64.png 270w, https:\/\/www.proxym-group.com\/wp-content\/uploads\/sites\/8\/2023\/03\/Logo-bankerise-600x142.png 600w, https:\/\/www.proxym-group.com\/wp-content\/uploads\/sites\/8\/2023\/03\/Logo-bankerise.png 1763w\" sizes=\"(max-width: 135px) 100vw, 135px\" \/><\/p>\t\t\t\t\t\t<\/div>\n\t\t\t\t<\/div>\n\t\t\t\t\t<\/div>\n\t\t<\/div>\n\t\t\t\t\t\t\t<\/div>\n\t\t<\/section>\n\t\t\t\t<section class=\"elementor-section elementor-top-section elementor-element elementor-element-f0f6bed elementor-section-boxed elementor-section-height-default elementor-section-height-default\" data-id=\"f0f6bed\" data-element_type=\"section\">\n\t\t\t\t\t\t<div class=\"elementor-container elementor-column-gap-default\">\n\t\t\t\t\t<div class=\"elementor-column elementor-col-100 elementor-top-column elementor-element elementor-element-368194a\" data-id=\"368194a\" data-element_type=\"column\">\n\t\t\t<div class=\"elementor-widget-wrap elementor-element-populated\">\n\t\t\t\t\t\t\t\t<div class=\"elementor-element elementor-element-7be71d3 elementor-invisible elementor-widget elementor-widget-text-editor\" data-id=\"7be71d3\" data-element_type=\"widget\" data-settings=\"{&quot;_animation&quot;:&quot;fadeInUp&quot;}\" data-widget_type=\"text-editor.default\">\n\t\t\t\t<div class=\"elementor-widget-container\">\n\t\t\t\t\t\t\t<p data-ccp-props=\"{&quot;335551550&quot;:10,&quot;335551620&quot;:10,&quot;335559683&quot;:0,&quot;335559685&quot;:0,&quot;335559731&quot;:0,&quot;335559737&quot;:0,&quot;335562764&quot;:2,&quot;335562765&quot;:1.2,&quot;335562766&quot;:4,&quot;335562767&quot;:0,&quot;335562768&quot;:4,&quot;335562769&quot;:0}\"><span data-scheme-color=\"@333333,,\" data-usefontface=\"true\" data-contrast=\"none\">Banque priv\u00e9e alg\u00e9rienne avec de grandes ambitions de croissance, ax\u00e9e sur les professions <\/span><span data-scheme-color=\"@333333,,\" data-usefontface=\"true\" data-contrast=\"none\">lib\u00e9rales et les micro-entreprises, ainsi que le segment de la vente au d\u00e9tail.<\/span>\u200b<\/p><p data-ccp-props=\"{&quot;335551550&quot;:10,&quot;335551620&quot;:10,&quot;335559683&quot;:0,&quot;335559685&quot;:0,&quot;335559731&quot;:0,&quot;335559737&quot;:0,&quot;335562764&quot;:2,&quot;335562765&quot;:1.2,&quot;335562766&quot;:4,&quot;335562767&quot;:0,&quot;335562768&quot;:4,&quot;335562769&quot;:0}\"><b><span data-scheme-color=\"@333333,,\" data-usefontface=\"true\" data-contrast=\"none\">Approche de la plateforme bancaire digitale : <\/span><\/b><span data-scheme-color=\"@333333,,\" data-usefontface=\"true\" data-contrast=\"none\">Co-d\u00e9veloppement et personnalisation de <\/span><span data-scheme-color=\"@333333,,\" data-usefontface=\"true\" data-contrast=\"none\">modules sp\u00e9cifiques par l&rsquo;\u00e9quipe interne : module <\/span><span data-scheme-color=\"@333333,,\" data-usefontface=\"true\" data-contrast=\"none\">ComEx<\/span><span data-scheme-color=\"@333333,,\" data-usefontface=\"true\" data-contrast=\"none\"> en approche sans code.<\/span><\/p>\t\t\t\t\t\t<\/div>\n\t\t\t\t<\/div>\n\t\t\t\t\t<\/div>\n\t\t<\/div>\n\t\t\t\t\t\t\t<\/div>\n\t\t<\/section>\n\t\t\t\t<section class=\"elementor-section elementor-top-section elementor-element elementor-element-ba908bc elementor-section-boxed elementor-section-height-default elementor-section-height-default\" data-id=\"ba908bc\" data-element_type=\"section\">\n\t\t\t\t\t\t<div class=\"elementor-container elementor-column-gap-default\">\n\t\t\t\t\t<div class=\"elementor-column elementor-col-50 elementor-top-column elementor-element elementor-element-f013c3f\" data-id=\"f013c3f\" data-element_type=\"column\">\n\t\t\t<div class=\"elementor-widget-wrap elementor-element-populated\">\n\t\t\t\t\t\t\t\t<div class=\"elementor-element elementor-element-125ebed elementor-button-info elementor-widget elementor-widget-button\" data-id=\"125ebed\" data-element_type=\"widget\" data-widget_type=\"button.default\">\n\t\t\t\t<div class=\"elementor-widget-container\">\n\t\t\t\t\t<div class=\"elementor-button-wrapper\">\n\t\t\t<a class=\"elementor-button elementor-size-xs\" role=\"button\">\n\t\t\t\t\t\t<span class=\"elementor-button-content-wrapper\">\n\t\t\t\t\t\t<span class=\"elementor-button-text\">Solution par Proxym<\/span>\n\t\t<\/span>\n\t\t\t\t\t<\/a>\n\t\t<\/div>\n\t\t\t\t<\/div>\n\t\t\t\t<\/div>\n\t\t\t\t<div class=\"elementor-element elementor-element-68ad229 elementor-widget elementor-widget-Element_Ready_Box_Widget\" data-id=\"68ad229\" data-element_type=\"widget\" data-widget_type=\"Element_Ready_Box_Widget.default\">\n\t\t\t\t<div class=\"elementor-widget-container\">\n\t\t\t\n\t\t\t\t<div class=\"single__box single__box__layout__6\">\n\t\t\t\t\t\n\t\t\t\t\t<div class=\"box__icon elementor-animation-\"><\/div>\n\t\t\t\t\t<h3 class=\"box__title\">Solution bancaire omnicanale Bankerise couvrant 70 % des besoins et offrant un d\u00e9lai de mise sur le march\u00e9 de 2 canaux Web et mobiles.\u200b<\/h3>\n\t\t\t\t\t\n\t\t\t\t\t\n\t\t\t\t\t\n\t\t\t\t<\/div>\n\t\t\t\t\t<\/div>\n\t\t\t\t<\/div>\n\t\t\t\t<div class=\"elementor-element elementor-element-73e4d97 elementor-widget elementor-widget-Element_Ready_Box_Widget\" data-id=\"73e4d97\" data-element_type=\"widget\" data-widget_type=\"Element_Ready_Box_Widget.default\">\n\t\t\t\t<div class=\"elementor-widget-container\">\n\t\t\t\n\t\t\t\t<div class=\"single__box single__box__layout__6\">\n\t\t\t\t\t\n\t\t\t\t\t<div class=\"box__icon elementor-animation-\"><\/div>\n\t\t\t\t\t<h3 class=\"box__title\">Atelier d&#039;analyse des processus m\u00e9tier + pens\u00e9e de conception<\/h3>\n\t\t\t\t\t\n\t\t\t\t\t\n\t\t\t\t\t\n\t\t\t\t<\/div>\n\t\t\t\t\t<\/div>\n\t\t\t\t<\/div>\n\t\t\t\t<div class=\"elementor-element elementor-element-fad8819 elementor-widget elementor-widget-Element_Ready_Box_Widget\" data-id=\"fad8819\" data-element_type=\"widget\" data-widget_type=\"Element_Ready_Box_Widget.default\">\n\t\t\t\t<div class=\"elementor-widget-container\">\n\t\t\t\n\t\t\t\t<div class=\"single__box single__box__layout__6\">\n\t\t\t\t\t\n\t\t\t\t\t<div class=\"box__icon elementor-animation-\"><\/div>\n\t\t\t\t\t<h3 class=\"box__title\">Int\u00e9gration en ligne et acquisition de nouveaux clients<\/h3>\n\t\t\t\t\t\n\t\t\t\t\t\n\t\t\t\t\t\n\t\t\t\t<\/div>\n\t\t\t\t\t<\/div>\n\t\t\t\t<\/div>\n\t\t\t\t<div class=\"elementor-element elementor-element-0bd1cd9 elementor-widget elementor-widget-Element_Ready_Box_Widget\" data-id=\"0bd1cd9\" data-element_type=\"widget\" data-widget_type=\"Element_Ready_Box_Widget.default\">\n\t\t\t\t<div class=\"elementor-widget-container\">\n\t\t\t\n\t\t\t\t<div class=\"single__box single__box__layout__6\">\n\t\t\t\t\t\n\t\t\t\t\t<div class=\"box__icon elementor-animation-\"><\/div>\n\t\t\t\t\t<h3 class=\"box__title\">Num\u00e9risation du processus de lignes de cr\u00e9dit corporatives\u200b<\/h3>\n\t\t\t\t\t\n\t\t\t\t\t\n\t\t\t\t\t\n\t\t\t\t<\/div>\n\t\t\t\t\t<\/div>\n\t\t\t\t<\/div>\n\t\t\t\t<div class=\"elementor-element elementor-element-6d12f43 elementor-widget elementor-widget-Element_Ready_Box_Widget\" data-id=\"6d12f43\" data-element_type=\"widget\" data-widget_type=\"Element_Ready_Box_Widget.default\">\n\t\t\t\t<div class=\"elementor-widget-container\">\n\t\t\t\n\t\t\t\t<div class=\"single__box single__box__layout__6\">\n\t\t\t\t\t\n\t\t\t\t\t<div class=\"box__icon elementor-animation-\"><\/div>\n\t\t\t\t\t<h3 class=\"box__title\">D\u00e9mat\u00e9rialisation des ouvertures de compte et des r\u00e9clamations clients Centre de relations clients : suivi, surveillance et r\u00e9partition.<\/h3>\n\t\t\t\t\t\n\t\t\t\t\t\n\t\t\t\t\t\n\t\t\t\t<\/div>\n\t\t\t\t\t<\/div>\n\t\t\t\t<\/div>\n\t\t\t\t\t<\/div>\n\t\t<\/div>\n\t\t\t\t<div class=\"elementor-column elementor-col-50 elementor-top-column elementor-element elementor-element-bcecabd\" data-id=\"bcecabd\" data-element_type=\"column\">\n\t\t\t<div class=\"elementor-widget-wrap elementor-element-populated\">\n\t\t\t\t\t\t\t\t<div class=\"elementor-element elementor-element-83ffec3 elementor-widget elementor-widget-image\" data-id=\"83ffec3\" data-element_type=\"widget\" data-widget_type=\"image.default\">\n\t\t\t\t<div class=\"elementor-widget-container\">\n\t\t\t<style>\/*! elementor - v3.17.0 - 01-11-2023 *\/\n.elementor-widget-image{text-align:center}.elementor-widget-image a{display:inline-block}.elementor-widget-image a img[src$=\".svg\"]{width:48px}.elementor-widget-image img{vertical-align:middle;display:inline-block}<\/style>\t\t\t\t\t\t\t\t\t\t\t\t<img decoding=\"async\" loading=\"lazy\" width=\"800\" height=\"342\" src=\"https:\/\/www.proxym-group.com\/wp-content\/uploads\/sites\/8\/2023\/05\/Picture1-3-1024x438.png\" class=\"attachment-large size-large wp-image-19930\" alt=\"\" srcset=\"https:\/\/www.proxym-group.com\/wp-content\/uploads\/sites\/8\/2023\/05\/Picture1-3-1024x438.png 1024w, https:\/\/www.proxym-group.com\/wp-content\/uploads\/sites\/8\/2023\/05\/Picture1-3-300x128.png 300w, https:\/\/www.proxym-group.com\/wp-content\/uploads\/sites\/8\/2023\/05\/Picture1-3-768x328.png 768w, https:\/\/www.proxym-group.com\/wp-content\/uploads\/sites\/8\/2023\/05\/Picture1-3-1536x656.png 1536w, https:\/\/www.proxym-group.com\/wp-content\/uploads\/sites\/8\/2023\/05\/Picture1-3-570x244.png 570w, https:\/\/www.proxym-group.com\/wp-content\/uploads\/sites\/8\/2023\/05\/Picture1-3-270x115.png 270w, https:\/\/www.proxym-group.com\/wp-content\/uploads\/sites\/8\/2023\/05\/Picture1-3-600x256.png 600w, https:\/\/www.proxym-group.com\/wp-content\/uploads\/sites\/8\/2023\/05\/Picture1-3.png 1575w\" sizes=\"(max-width: 800px) 100vw, 800px\" \/>\t\t\t\t\t\t\t\t\t\t\t\t\t\t\t<\/div>\n\t\t\t\t<\/div>\n\t\t\t\t\t<\/div>\n\t\t<\/div>\n\t\t\t\t\t\t\t<\/div>\n\t\t<\/section>\n\t\t\t\t<section class=\"elementor-section elementor-top-section elementor-element elementor-element-4558086 elementor-section-boxed elementor-section-height-default elementor-section-height-default\" data-id=\"4558086\" data-element_type=\"section\">\n\t\t\t\t\t\t<div class=\"elementor-container elementor-column-gap-default\">\n\t\t\t\t\t<div class=\"elementor-column elementor-col-50 elementor-top-column elementor-element elementor-element-c0053af\" data-id=\"c0053af\" data-element_type=\"column\">\n\t\t\t<div class=\"elementor-widget-wrap elementor-element-populated\">\n\t\t\t\t\t\t\t\t<div class=\"elementor-element elementor-element-674e478 elementor-button-info elementor-widget elementor-widget-button\" data-id=\"674e478\" data-element_type=\"widget\" data-widget_type=\"button.default\">\n\t\t\t\t<div class=\"elementor-widget-container\">\n\t\t\t\t\t<div class=\"elementor-button-wrapper\">\n\t\t\t<a class=\"elementor-button elementor-size-xs\" role=\"button\">\n\t\t\t\t\t\t<span class=\"elementor-button-content-wrapper\">\n\t\t\t\t\t\t<span class=\"elementor-button-text\">Valeur Ajout\u00e9e<\/span>\n\t\t<\/span>\n\t\t\t\t\t<\/a>\n\t\t<\/div>\n\t\t\t\t<\/div>\n\t\t\t\t<\/div>\n\t\t\t\t<div class=\"elementor-element elementor-element-9bb6a56 elementor-widget elementor-widget-Element_Ready_Box_Widget\" data-id=\"9bb6a56\" data-element_type=\"widget\" data-widget_type=\"Element_Ready_Box_Widget.default\">\n\t\t\t\t<div class=\"elementor-widget-container\">\n\t\t\t\n\t\t\t\t<div class=\"single__box single__box__layout__6\">\n\t\t\t\t\t\n\t\t\t\t\t<div class=\"box__icon elementor-animation-\"><\/div>\n\t\t\t\t\t<h3 class=\"box__title\">Optimisation du &quot;Parcours client&quot;\u200b<\/h3>\n\t\t\t\t\t\n\t\t\t\t\t\n\t\t\t\t\t\n\t\t\t\t<\/div>\n\t\t\t\t\t<\/div>\n\t\t\t\t<\/div>\n\t\t\t\t<div class=\"elementor-element elementor-element-6d17cdb elementor-widget elementor-widget-Element_Ready_Box_Widget\" data-id=\"6d17cdb\" data-element_type=\"widget\" data-widget_type=\"Element_Ready_Box_Widget.default\">\n\t\t\t\t<div class=\"elementor-widget-container\">\n\t\t\t\n\t\t\t\t<div class=\"single__box single__box__layout__6\">\n\t\t\t\t\t\n\t\t\t\t\t<div class=\"box__icon elementor-animation-\"><\/div>\n\t\t\t\t\t<h3 class=\"box__title\">Augmentation de l&#039;attraction et de la r\u00e9tention des clients\u200b<\/h3>\n\t\t\t\t\t\n\t\t\t\t\t\n\t\t\t\t\t\n\t\t\t\t<\/div>\n\t\t\t\t\t<\/div>\n\t\t\t\t<\/div>\n\t\t\t\t<div class=\"elementor-element elementor-element-89235f5 elementor-widget elementor-widget-Element_Ready_Box_Widget\" data-id=\"89235f5\" data-element_type=\"widget\" data-widget_type=\"Element_Ready_Box_Widget.default\">\n\t\t\t\t<div class=\"elementor-widget-container\">\n\t\t\t\n\t\t\t\t<div class=\"single__box single__box__layout__6\">\n\t\t\t\t\t\n\t\t\t\t\t<div class=\"box__icon elementor-animation-\"><\/div>\n\t\t\t\t\t<h3 class=\"box__title\">Avantage comp\u00e9titif important (professionnel)\u200b<\/h3>\n\t\t\t\t\t\n\t\t\t\t\t\n\t\t\t\t\t\n\t\t\t\t<\/div>\n\t\t\t\t\t<\/div>\n\t\t\t\t<\/div>\n\t\t\t\t<div class=\"elementor-element elementor-element-74d92a2 elementor-widget elementor-widget-Element_Ready_Box_Widget\" data-id=\"74d92a2\" data-element_type=\"widget\" data-widget_type=\"Element_Ready_Box_Widget.default\">\n\t\t\t\t<div class=\"elementor-widget-container\">\n\t\t\t\n\t\t\t\t<div class=\"single__box single__box__layout__6\">\n\t\t\t\t\t\n\t\t\t\t\t<div class=\"box__icon elementor-animation-\"><\/div>\n\t\t\t\t\t<h3 class=\"box__title\">Optimisation de la productivit\u00e9\u200b<\/h3>\n\t\t\t\t\t\n\t\t\t\t\t\n\t\t\t\t\t\n\t\t\t\t<\/div>\n\t\t\t\t\t<\/div>\n\t\t\t\t<\/div>\n\t\t\t\t<div class=\"elementor-element elementor-element-711cdf9 elementor-widget elementor-widget-Element_Ready_Box_Widget\" data-id=\"711cdf9\" data-element_type=\"widget\" data-widget_type=\"Element_Ready_Box_Widget.default\">\n\t\t\t\t<div class=\"elementor-widget-container\">\n\t\t\t\n\t\t\t\t<div class=\"single__box single__box__layout__6\">\n\t\t\t\t\t\n\t\t\t\t\t<div class=\"box__icon elementor-animation-\"><\/div>\n\t\t\t\t\t<h3 class=\"box__title\">Renforcement de l&#039;autonomie du personnel\u200b<\/h3>\n\t\t\t\t\t\n\t\t\t\t\t\n\t\t\t\t\t\n\t\t\t\t<\/div>\n\t\t\t\t\t<\/div>\n\t\t\t\t<\/div>\n\t\t\t\t\t<\/div>\n\t\t<\/div>\n\t\t\t\t<div class=\"elementor-column elementor-col-50 elementor-top-column elementor-element elementor-element-758ce31\" data-id=\"758ce31\" data-element_type=\"column\">\n\t\t\t<div class=\"elementor-widget-wrap\">\n\t\t\t\t\t\t\t\t\t<\/div>\n\t\t<\/div>\n\t\t\t\t\t\t\t<\/div>\n\t\t<\/section>\n\t\t\t\t\t\t\t<\/div>\n\t\t","protected":false},"excerpt":{"rendered":"<p>AGB PLATEFORME BANCAIRE DIGITALE MULTICANALE Powered by\u00a0 Banque priv\u00e9e alg\u00e9rienne avec de grandes ambitions de croissance, ax\u00e9e sur les professions lib\u00e9rales et les micro-entreprises, ainsi que le segment de la vente au d\u00e9tail.\u200b Approche de la plateforme bancaire digitale : Co-d\u00e9veloppement et personnalisation de modules sp\u00e9cifiques par l&rsquo;\u00e9quipe interne : module ComEx en approche sans [&hellip;]<\/p>\n","protected":false},"author":1,"featured_media":0,"parent":0,"menu_order":0,"comment_status":"closed","ping_status":"closed","template":"page-templates\/full-width.php","meta":{"content-type":"","_monsterinsights_skip_tracking":false,"_monsterinsights_sitenote_active":false,"_monsterinsights_sitenote_note":"","_monsterinsights_sitenote_category":0,"footnotes":""},"aioseo_notices":[],"_links":{"self":[{"href":"https:\/\/www.proxym-group.com\/fr\/wp-json\/wp\/v2\/pages\/19919"}],"collection":[{"href":"https:\/\/www.proxym-group.com\/fr\/wp-json\/wp\/v2\/pages"}],"about":[{"href":"https:\/\/www.proxym-group.com\/fr\/wp-json\/wp\/v2\/types\/page"}],"author":[{"embeddable":true,"href":"https:\/\/www.proxym-group.com\/fr\/wp-json\/wp\/v2\/users\/1"}],"replies":[{"embeddable":true,"href":"https:\/\/www.proxym-group.com\/fr\/wp-json\/wp\/v2\/comments?post=19919"}],"version-history":[{"count":34,"href":"https:\/\/www.proxym-group.com\/fr\/wp-json\/wp\/v2\/pages\/19919\/revisions"}],"predecessor-version":[{"id":23698,"href":"https:\/\/www.proxym-group.com\/fr\/wp-json\/wp\/v2\/pages\/19919\/revisions\/23698"}],"wp:attachment":[{"href":"https:\/\/www.proxym-group.com\/fr\/wp-json\/wp\/v2\/media?parent=19919"}],"curies":[{"name":"wp","href":"https:\/\/api.w.org\/{rel}","templated":true}]}}