{"id":19819,"date":"2023-05-24T14:48:50","date_gmt":"2023-05-24T12:48:50","guid":{"rendered":"https:\/\/www.proxym-group.com\/fr-tmp\/?page_id=19819"},"modified":"2024-12-26T14:47:41","modified_gmt":"2024-12-26T13:47:41","slug":"oman-arab-bank-2","status":"publish","type":"page","link":"https:\/\/www.proxym-group.com\/fr\/oman-arab-bank-2\/","title":{"rendered":"Oman Arab Bank"},"content":{"rendered":"\t\t<div data-elementor-type=\"wp-page\" data-elementor-id=\"19819\" class=\"elementor elementor-19819\" data-elementor-post-type=\"page\">\n\t\t\t\t\t\t\t\t\t<section class=\"elementor-section elementor-top-section elementor-element elementor-element-0293226 elementor-section-full_width elementor-section-height-default elementor-section-height-default\" data-id=\"0293226\" data-element_type=\"section\" data-settings=\"{&quot;background_background&quot;:&quot;gradient&quot;}\">\n\t\t\t\t\t\t<div class=\"elementor-container elementor-column-gap-default\">\n\t\t\t\t\t<div class=\"elementor-column elementor-col-100 elementor-top-column elementor-element elementor-element-83f7c01\" data-id=\"83f7c01\" data-element_type=\"column\" data-settings=\"{&quot;background_background&quot;:&quot;classic&quot;}\">\n\t\t\t<div class=\"elementor-widget-wrap elementor-element-populated\">\n\t\t\t\t\t<div class=\"elementor-background-overlay\"><\/div>\n\t\t\t\t\t\t\t\t<div class=\"elementor-element elementor-element-89783c3 elementor-invisible elementor-widget elementor-widget-heading\" data-id=\"89783c3\" data-element_type=\"widget\" data-settings=\"{&quot;_animation&quot;:&quot;fadeInUp&quot;}\" data-widget_type=\"heading.default\">\n\t\t\t\t<div class=\"elementor-widget-container\">\n\t\t\t<style>\/*! elementor - v3.17.0 - 01-11-2023 *\/\n.elementor-heading-title{padding:0;margin:0;line-height:1}.elementor-widget-heading .elementor-heading-title[class*=elementor-size-]>a{color:inherit;font-size:inherit;line-height:inherit}.elementor-widget-heading .elementor-heading-title.elementor-size-small{font-size:15px}.elementor-widget-heading .elementor-heading-title.elementor-size-medium{font-size:19px}.elementor-widget-heading .elementor-heading-title.elementor-size-large{font-size:29px}.elementor-widget-heading .elementor-heading-title.elementor-size-xl{font-size:39px}.elementor-widget-heading .elementor-heading-title.elementor-size-xxl{font-size:59px}<\/style><h2 class=\"elementor-heading-title elementor-size-default\">OMAN ARAB BANK<\/h2>\t\t<\/div>\n\t\t\t\t<\/div>\n\t\t\t\t<div class=\"elementor-element elementor-element-ece8d27 elementor-invisible elementor-widget elementor-widget-heading\" data-id=\"ece8d27\" data-element_type=\"widget\" data-settings=\"{&quot;_animation&quot;:&quot;fadeInUp&quot;}\" data-widget_type=\"heading.default\">\n\t\t\t\t<div class=\"elementor-widget-container\">\n\t\t\t<h2 class=\"elementor-heading-title elementor-size-default\">MIDDLEWARE<\/h2>\t\t<\/div>\n\t\t\t\t<\/div>\n\t\t\t\t<div class=\"elementor-element elementor-element-8863f52 elementor-widget elementor-widget-text-editor\" data-id=\"8863f52\" data-element_type=\"widget\" data-widget_type=\"text-editor.default\">\n\t\t\t\t<div class=\"elementor-widget-container\">\n\t\t\t<style>\/*! elementor - v3.17.0 - 01-11-2023 *\/\n.elementor-widget-text-editor.elementor-drop-cap-view-stacked .elementor-drop-cap{background-color:#69727d;color:#fff}.elementor-widget-text-editor.elementor-drop-cap-view-framed .elementor-drop-cap{color:#69727d;border:3px solid;background-color:transparent}.elementor-widget-text-editor:not(.elementor-drop-cap-view-default) .elementor-drop-cap{margin-top:8px}.elementor-widget-text-editor:not(.elementor-drop-cap-view-default) .elementor-drop-cap-letter{width:1em;height:1em}.elementor-widget-text-editor .elementor-drop-cap{float:left;text-align:center;line-height:1;font-size:50px}.elementor-widget-text-editor .elementor-drop-cap-letter{display:inline-block}<\/style>\t\t\t\t<p style=\"text-align: center;\">Powered by\u00a0 <img decoding=\"async\" loading=\"lazy\" class=\"alignnone wp-image-14973\" src=\"http:\/\/proxym-group.proxym-it.net\/wp-content\/uploads\/2023\/03\/Logo-bankerise-300x71.png\" alt=\"\" width=\"135\" height=\"32\" srcset=\"https:\/\/www.proxym-group.com\/wp-content\/uploads\/sites\/8\/2023\/03\/Logo-bankerise-300x71.png 300w, https:\/\/www.proxym-group.com\/wp-content\/uploads\/sites\/8\/2023\/03\/Logo-bankerise-1024x242.png 1024w, https:\/\/www.proxym-group.com\/wp-content\/uploads\/sites\/8\/2023\/03\/Logo-bankerise-768x182.png 768w, https:\/\/www.proxym-group.com\/wp-content\/uploads\/sites\/8\/2023\/03\/Logo-bankerise-1536x363.png 1536w, https:\/\/www.proxym-group.com\/wp-content\/uploads\/sites\/8\/2023\/03\/Logo-bankerise-570x135.png 570w, https:\/\/www.proxym-group.com\/wp-content\/uploads\/sites\/8\/2023\/03\/Logo-bankerise-270x64.png 270w, https:\/\/www.proxym-group.com\/wp-content\/uploads\/sites\/8\/2023\/03\/Logo-bankerise-600x142.png 600w, https:\/\/www.proxym-group.com\/wp-content\/uploads\/sites\/8\/2023\/03\/Logo-bankerise.png 1763w\" sizes=\"(max-width: 135px) 100vw, 135px\" \/><\/p>\t\t\t\t\t\t<\/div>\n\t\t\t\t<\/div>\n\t\t\t\t\t<\/div>\n\t\t<\/div>\n\t\t\t\t\t\t\t<\/div>\n\t\t<\/section>\n\t\t\t\t<section class=\"elementor-section elementor-top-section elementor-element elementor-element-f0f6bed elementor-section-boxed elementor-section-height-default elementor-section-height-default\" data-id=\"f0f6bed\" data-element_type=\"section\">\n\t\t\t\t\t\t<div class=\"elementor-container elementor-column-gap-default\">\n\t\t\t\t\t<div class=\"elementor-column elementor-col-100 elementor-top-column elementor-element elementor-element-368194a\" data-id=\"368194a\" data-element_type=\"column\">\n\t\t\t<div class=\"elementor-widget-wrap elementor-element-populated\">\n\t\t\t\t\t\t\t\t<div class=\"elementor-element elementor-element-7be71d3 elementor-invisible elementor-widget elementor-widget-text-editor\" data-id=\"7be71d3\" data-element_type=\"widget\" data-settings=\"{&quot;_animation&quot;:&quot;fadeInUp&quot;}\" data-widget_type=\"text-editor.default\">\n\t\t\t\t<div class=\"elementor-widget-container\">\n\t\t\t\t\t\t\t<p data-ccp-props=\"{&quot;335551550&quot;:6,&quot;335551620&quot;:6,&quot;335559683&quot;:0,&quot;335559685&quot;:0,&quot;335559731&quot;:0,&quot;335559737&quot;:0,&quot;335562764&quot;:2,&quot;335562765&quot;:1.2,&quot;335562766&quot;:4,&quot;335562767&quot;:0,&quot;335562768&quot;:4,&quot;335562769&quot;:0}\"><span data-scheme-color=\"@333333,,\" data-usefontface=\"true\" data-contrast=\"none\">Oman Arab Bank<\/span><span data-scheme-color=\"@333333,,\" data-usefontface=\"true\" data-contrast=\"none\"> est une banque commerciale \u00e0 Oman, \u00e9tablie en 1984. Elle est d\u00e9tenue <\/span><span data-scheme-color=\"@333333,,\" data-usefontface=\"true\" data-contrast=\"none\">conjointement par Arab Bank <\/span><span data-scheme-color=\"@333333,,\" data-usefontface=\"true\" data-contrast=\"none\">plc<\/span><span data-scheme-color=\"@333333,,\" data-usefontface=\"true\" data-contrast=\"none\">, Oman International <\/span><span data-scheme-color=\"@333333,,\" data-usefontface=\"true\" data-contrast=\"none\">Development<\/span><span data-scheme-color=\"@333333,,\" data-usefontface=\"true\" data-contrast=\"none\"> and Investment <\/span><span data-scheme-color=\"@333333,,\" data-usefontface=\"true\" data-contrast=\"none\">Company<\/span><span data-scheme-color=\"@333333,,\" data-usefontface=\"true\" data-contrast=\"none\"> SAOG <\/span><span data-scheme-color=\"@333333,,\" data-usefontface=\"true\" data-contrast=\"none\">et d&rsquo;autres actionnaires individuels ou corporatifs.<\/span>\u200b<\/p><p data-ccp-props=\"{&quot;335551550&quot;:6,&quot;335551620&quot;:6,&quot;335559683&quot;:0,&quot;335559685&quot;:0,&quot;335559731&quot;:0,&quot;335559737&quot;:0,&quot;335562764&quot;:2,&quot;335562765&quot;:1.2,&quot;335562766&quot;:4,&quot;335562767&quot;:0,&quot;335562768&quot;:4,&quot;335562769&quot;:0}\"><span data-scheme-color=\"@333333,,\" data-usefontface=\"true\" data-contrast=\"none\">Afin de r\u00e9pondre aux exigences de l&rsquo;\u00e8re num\u00e9rique et d&rsquo;accro\u00eetre l&rsquo;agilit\u00e9 organisationnelle en <\/span><span data-scheme-color=\"@333333,,\" data-usefontface=\"true\" data-contrast=\"none\">r\u00e9duisant le d\u00e9lai de mise sur le march\u00e9 pour de nouvelles initiatives, la banque s&rsquo;est engag\u00e9e dans <\/span><span data-scheme-color=\"@333333,,\" data-usefontface=\"true\" data-contrast=\"none\">la mise en \u0153uvre d&rsquo;un ESB comme \u00e9pine dorsale de son infrastructure informatique. En effet, une <\/span><span data-scheme-color=\"@333333,,\" data-usefontface=\"true\" data-contrast=\"none\">architecture ESB facilite cela en fournissant un syst\u00e8me simple et bien d\u00e9fini, \u00ab plug and <\/span><span data-scheme-color=\"@333333,,\" data-usefontface=\"true\" data-contrast=\"none\">play<\/span><span data-scheme-color=\"@333333,,\" data-usefontface=\"true\" data-contrast=\"none\"> \u00bb, qui <\/span><span data-scheme-color=\"@333333,,\" data-usefontface=\"true\" data-contrast=\"none\">\u00e9volue bien.<\/span><\/p>\t\t\t\t\t\t<\/div>\n\t\t\t\t<\/div>\n\t\t\t\t<div class=\"elementor-element elementor-element-c1a0f3b elementor-button-info elementor-widget elementor-widget-button\" data-id=\"c1a0f3b\" data-element_type=\"widget\" data-widget_type=\"button.default\">\n\t\t\t\t<div class=\"elementor-widget-container\">\n\t\t\t\t\t<div class=\"elementor-button-wrapper\">\n\t\t\t<a class=\"elementor-button elementor-size-xs\" role=\"button\">\n\t\t\t\t\t\t<span class=\"elementor-button-content-wrapper\">\n\t\t\t\t\t\t<span class=\"elementor-button-text\">Solution par Proxym<\/span>\n\t\t<\/span>\n\t\t\t\t\t<\/a>\n\t\t<\/div>\n\t\t\t\t<\/div>\n\t\t\t\t<\/div>\n\t\t\t\t<div class=\"elementor-element elementor-element-5c15387 elementor-widget elementor-widget-Element_Ready_Box_Widget\" data-id=\"5c15387\" data-element_type=\"widget\" data-widget_type=\"Element_Ready_Box_Widget.default\">\n\t\t\t\t<div class=\"elementor-widget-container\">\n\t\t\t\n\t\t\t\t<div class=\"single__box single__box__layout__6\">\n\t\t\t\t\t\n\t\t\t\t\t<div class=\"box__icon elementor-animation-\"><\/div>\n\t\t\t\t\t<h3 class=\"box__title\">Centre de d\u00e9veloppement sur site\u200b<\/h3>\n\t\t\t\t\t\n\t\t\t\t\t\n\t\t\t\t\t\n\t\t\t\t<\/div>\n\t\t\t\t\t<\/div>\n\t\t\t\t<\/div>\n\t\t\t\t<div class=\"elementor-element elementor-element-ab7edf8 elementor-widget elementor-widget-Element_Ready_Box_Widget\" data-id=\"ab7edf8\" data-element_type=\"widget\" data-widget_type=\"Element_Ready_Box_Widget.default\">\n\t\t\t\t<div class=\"elementor-widget-container\">\n\t\t\t\n\t\t\t\t<div class=\"single__box single__box__layout__6\">\n\t\t\t\t\t\n\t\t\t\t\t<div class=\"box__icon elementor-animation-\"><\/div>\n\t\t\t\t\t<h3 class=\"box__title\">\u00c9quipe d&#039;experts en IIB et API Connect\u200b<\/h3>\n\t\t\t\t\t\n\t\t\t\t\t\n\t\t\t\t\t\n\t\t\t\t<\/div>\n\t\t\t\t\t<\/div>\n\t\t\t\t<\/div>\n\t\t\t\t<div class=\"elementor-element elementor-element-f1e5a1c elementor-button-info elementor-widget elementor-widget-button\" data-id=\"f1e5a1c\" data-element_type=\"widget\" data-widget_type=\"button.default\">\n\t\t\t\t<div class=\"elementor-widget-container\">\n\t\t\t\t\t<div class=\"elementor-button-wrapper\">\n\t\t\t<a class=\"elementor-button elementor-size-xs\" role=\"button\">\n\t\t\t\t\t\t<span class=\"elementor-button-content-wrapper\">\n\t\t\t\t\t\t<span class=\"elementor-button-text\">Valeur Ajout\u00e9e\u200b<\/span>\n\t\t<\/span>\n\t\t\t\t\t<\/a>\n\t\t<\/div>\n\t\t\t\t<\/div>\n\t\t\t\t<\/div>\n\t\t\t\t<div class=\"elementor-element elementor-element-25df234 elementor-widget elementor-widget-Element_Ready_Box_Widget\" data-id=\"25df234\" data-element_type=\"widget\" data-widget_type=\"Element_Ready_Box_Widget.default\">\n\t\t\t\t<div class=\"elementor-widget-container\">\n\t\t\t\n\t\t\t\t<div class=\"single__box single__box__layout__6\">\n\t\t\t\t\t\n\t\t\t\t\t<div class=\"box__icon elementor-animation-\"><\/div>\n\t\t\t\t\t<h3 class=\"box__title\">Toutes les communications passent par le MW bancaire<\/h3>\n\t\t\t\t\t\n\t\t\t\t\t\n\t\t\t\t\t\n\t\t\t\t<\/div>\n\t\t\t\t\t<\/div>\n\t\t\t\t<\/div>\n\t\t\t\t<div class=\"elementor-element elementor-element-bb9a805 elementor-widget elementor-widget-Element_Ready_Box_Widget\" data-id=\"bb9a805\" data-element_type=\"widget\" data-widget_type=\"Element_Ready_Box_Widget.default\">\n\t\t\t\t<div class=\"elementor-widget-container\">\n\t\t\t\n\t\t\t\t<div class=\"single__box single__box__layout__6\">\n\t\t\t\t\t\n\t\t\t\t\t<div class=\"box__icon elementor-animation-\"><\/div>\n\t\t\t\t\t<h3 class=\"box__title\">Audit complet et tra\u00e7abilit\u00e9<\/h3>\n\t\t\t\t\t\n\t\t\t\t\t\n\t\t\t\t\t\n\t\t\t\t<\/div>\n\t\t\t\t\t<\/div>\n\t\t\t\t<\/div>\n\t\t\t\t<div class=\"elementor-element elementor-element-f20bdc9 elementor-widget elementor-widget-Element_Ready_Box_Widget\" data-id=\"f20bdc9\" data-element_type=\"widget\" data-widget_type=\"Element_Ready_Box_Widget.default\">\n\t\t\t\t<div class=\"elementor-widget-container\">\n\t\t\t\n\t\t\t\t<div class=\"single__box single__box__layout__6\">\n\t\t\t\t\t\n\t\t\t\t\t<div class=\"box__icon elementor-animation-\"><\/div>\n\t\t\t\t\t<h3 class=\"box__title\">Exp\u00e9rience utilisateur optimis\u00e9e sur tous les canaux<\/h3>\n\t\t\t\t\t\n\t\t\t\t\t\n\t\t\t\t\t\n\t\t\t\t<\/div>\n\t\t\t\t\t<\/div>\n\t\t\t\t<\/div>\n\t\t\t\t<div class=\"elementor-element elementor-element-9fd3d8a elementor-widget elementor-widget-Element_Ready_Box_Widget\" data-id=\"9fd3d8a\" data-element_type=\"widget\" data-widget_type=\"Element_Ready_Box_Widget.default\">\n\t\t\t\t<div class=\"elementor-widget-container\">\n\t\t\t\n\t\t\t\t<div class=\"single__box single__box__layout__6\">\n\t\t\t\t\t\n\t\t\t\t\t<div class=\"box__icon elementor-animation-\"><\/div>\n\t\t\t\t\t<h3 class=\"box__title\">Logique m\u00e9tier centralis\u00e9e<\/h3>\n\t\t\t\t\t\n\t\t\t\t\t\n\t\t\t\t\t\n\t\t\t\t<\/div>\n\t\t\t\t\t<\/div>\n\t\t\t\t<\/div>\n\t\t\t\t<div class=\"elementor-element elementor-element-4d782ab elementor-widget elementor-widget-Element_Ready_Box_Widget\" data-id=\"4d782ab\" data-element_type=\"widget\" data-widget_type=\"Element_Ready_Box_Widget.default\">\n\t\t\t\t<div class=\"elementor-widget-container\">\n\t\t\t\n\t\t\t\t<div class=\"single__box single__box__layout__6\">\n\t\t\t\t\t\n\t\t\t\t\t<div class=\"box__icon elementor-animation-\"><\/div>\n\t\t\t\t\t<h3 class=\"box__title\">Traitement multi-niveaux\u200b<\/h3>\n\t\t\t\t\t\n\t\t\t\t\t\n\t\t\t\t\t\n\t\t\t\t<\/div>\n\t\t\t\t\t<\/div>\n\t\t\t\t<\/div>\n\t\t\t\t\t<\/div>\n\t\t<\/div>\n\t\t\t\t\t\t\t<\/div>\n\t\t<\/section>\n\t\t\t\t\t\t\t<\/div>\n\t\t","protected":false},"excerpt":{"rendered":"<p>OMAN ARAB BANK MIDDLEWARE Powered by\u00a0 Oman Arab Bank est une banque commerciale \u00e0 Oman, \u00e9tablie en 1984. Elle est d\u00e9tenue conjointement par Arab Bank plc, Oman International Development and Investment Company SAOG et d&rsquo;autres actionnaires individuels ou corporatifs.\u200b Afin de r\u00e9pondre aux exigences de l&rsquo;\u00e8re num\u00e9rique et d&rsquo;accro\u00eetre l&rsquo;agilit\u00e9 organisationnelle en r\u00e9duisant le d\u00e9lai [&hellip;]<\/p>\n","protected":false},"author":1,"featured_media":0,"parent":0,"menu_order":0,"comment_status":"closed","ping_status":"closed","template":"page-templates\/full-width.php","meta":{"content-type":"","_monsterinsights_skip_tracking":false,"_monsterinsights_sitenote_active":false,"_monsterinsights_sitenote_note":"","_monsterinsights_sitenote_category":0,"footnotes":""},"aioseo_notices":[],"_links":{"self":[{"href":"https:\/\/www.proxym-group.com\/fr\/wp-json\/wp\/v2\/pages\/19819"}],"collection":[{"href":"https:\/\/www.proxym-group.com\/fr\/wp-json\/wp\/v2\/pages"}],"about":[{"href":"https:\/\/www.proxym-group.com\/fr\/wp-json\/wp\/v2\/types\/page"}],"author":[{"embeddable":true,"href":"https:\/\/www.proxym-group.com\/fr\/wp-json\/wp\/v2\/users\/1"}],"replies":[{"embeddable":true,"href":"https:\/\/www.proxym-group.com\/fr\/wp-json\/wp\/v2\/comments?post=19819"}],"version-history":[{"count":20,"href":"https:\/\/www.proxym-group.com\/fr\/wp-json\/wp\/v2\/pages\/19819\/revisions"}],"predecessor-version":[{"id":23784,"href":"https:\/\/www.proxym-group.com\/fr\/wp-json\/wp\/v2\/pages\/19819\/revisions\/23784"}],"wp:attachment":[{"href":"https:\/\/www.proxym-group.com\/fr\/wp-json\/wp\/v2\/media?parent=19819"}],"curies":[{"name":"wp","href":"https:\/\/api.w.org\/{rel}","templated":true}]}}