{"id":17779,"date":"2023-05-02T17:54:16","date_gmt":"2023-05-02T15:54:16","guid":{"rendered":"https:\/\/proxym-group.proxym-it.net\/?page_id=17779"},"modified":"2024-12-26T16:50:05","modified_gmt":"2024-12-26T15:50:05","slug":"gim","status":"publish","type":"page","link":"https:\/\/www.proxym-group.com\/fr\/gim\/","title":{"rendered":"Gim"},"content":{"rendered":"\t\t<div data-elementor-type=\"wp-page\" data-elementor-id=\"17779\" class=\"elementor elementor-17779\" data-elementor-post-type=\"page\">\n\t\t\t\t\t\t\t\t\t<section class=\"elementor-section elementor-top-section elementor-element elementor-element-0fd61a7 elementor-section-full_width elementor-section-height-default elementor-section-height-default\" data-id=\"0fd61a7\" data-element_type=\"section\" data-settings=\"{&quot;background_background&quot;:&quot;gradient&quot;}\">\n\t\t\t\t\t\t<div class=\"elementor-container elementor-column-gap-default\">\n\t\t\t\t\t<div class=\"elementor-column elementor-col-100 elementor-top-column elementor-element elementor-element-9c542b0\" data-id=\"9c542b0\" data-element_type=\"column\" data-settings=\"{&quot;background_background&quot;:&quot;classic&quot;}\">\n\t\t\t<div class=\"elementor-widget-wrap elementor-element-populated\">\n\t\t\t\t\t<div class=\"elementor-background-overlay\"><\/div>\n\t\t\t\t\t\t\t\t<div class=\"elementor-element elementor-element-80e0f34 elementor-invisible elementor-widget elementor-widget-heading\" data-id=\"80e0f34\" data-element_type=\"widget\" data-settings=\"{&quot;_animation&quot;:&quot;fadeInUp&quot;}\" data-widget_type=\"heading.default\">\n\t\t\t\t<div class=\"elementor-widget-container\">\n\t\t\t<style>\/*! elementor - v3.17.0 - 01-11-2023 *\/\n.elementor-heading-title{padding:0;margin:0;line-height:1}.elementor-widget-heading .elementor-heading-title[class*=elementor-size-]>a{color:inherit;font-size:inherit;line-height:inherit}.elementor-widget-heading .elementor-heading-title.elementor-size-small{font-size:15px}.elementor-widget-heading .elementor-heading-title.elementor-size-medium{font-size:19px}.elementor-widget-heading .elementor-heading-title.elementor-size-large{font-size:29px}.elementor-widget-heading .elementor-heading-title.elementor-size-xl{font-size:39px}.elementor-widget-heading .elementor-heading-title.elementor-size-xxl{font-size:59px}<\/style><h2 class=\"elementor-heading-title elementor-size-default\">GIM UEMOA<\/h2>\t\t<\/div>\n\t\t\t\t<\/div>\n\t\t\t\t<div class=\"elementor-element elementor-element-d8e17d0 elementor-invisible elementor-widget elementor-widget-heading\" data-id=\"d8e17d0\" data-element_type=\"widget\" data-settings=\"{&quot;_animation&quot;:&quot;fadeInUp&quot;}\" data-widget_type=\"heading.default\">\n\t\t\t\t<div class=\"elementor-widget-container\">\n\t\t\t<h2 class=\"elementor-heading-title elementor-size-default\">API Connect Platform Integration - GIM UEMOA Platforme GIM SWITCH<\/h2>\t\t<\/div>\n\t\t\t\t<\/div>\n\t\t\t\t\t<\/div>\n\t\t<\/div>\n\t\t\t\t\t\t\t<\/div>\n\t\t<\/section>\n\t\t\t\t<section class=\"elementor-section elementor-top-section elementor-element elementor-element-f0f6bed elementor-section-boxed elementor-section-height-default elementor-section-height-default\" data-id=\"f0f6bed\" data-element_type=\"section\">\n\t\t\t\t\t\t<div class=\"elementor-container elementor-column-gap-default\">\n\t\t\t\t\t<div class=\"elementor-column elementor-col-100 elementor-top-column elementor-element elementor-element-368194a\" data-id=\"368194a\" data-element_type=\"column\">\n\t\t\t<div class=\"elementor-widget-wrap elementor-element-populated\">\n\t\t\t\t\t\t\t\t<div class=\"elementor-element elementor-element-8df8bf2 elementor-invisible elementor-widget elementor-widget-text-editor\" data-id=\"8df8bf2\" data-element_type=\"widget\" data-settings=\"{&quot;_animation&quot;:&quot;fadeInUp&quot;}\" data-widget_type=\"text-editor.default\">\n\t\t\t\t<div class=\"elementor-widget-container\">\n\t\t\t<style>\/*! elementor - v3.17.0 - 01-11-2023 *\/\n.elementor-widget-text-editor.elementor-drop-cap-view-stacked .elementor-drop-cap{background-color:#69727d;color:#fff}.elementor-widget-text-editor.elementor-drop-cap-view-framed .elementor-drop-cap{color:#69727d;border:3px solid;background-color:transparent}.elementor-widget-text-editor:not(.elementor-drop-cap-view-default) .elementor-drop-cap{margin-top:8px}.elementor-widget-text-editor:not(.elementor-drop-cap-view-default) .elementor-drop-cap-letter{width:1em;height:1em}.elementor-widget-text-editor .elementor-drop-cap{float:left;text-align:center;line-height:1;font-size:50px}.elementor-widget-text-editor .elementor-drop-cap-letter{display:inline-block}<\/style>\t\t\t\t<p><span class=\"TextRun SCXP197923784 BCX0\" lang=\"FR-FR\" xml:lang=\"FR-FR\" data-usefontface=\"true\" data-contrast=\"none\"><span class=\"NormalTextRun SCXP197923784 BCX0\">GIM SWITCH est une plateforme digitale garantissant l&rsquo;interop\u00e9rabilit\u00e9 des transactions <\/span><\/span><span class=\"TextRun SCXP197923784 BCX0\" lang=\"FR-FR\" xml:lang=\"FR-FR\" data-usefontface=\"true\" data-contrast=\"none\"><span class=\"NormalTextRun SCXP197923784 BCX0\">digitales pour tous les acteurs de la r\u00e9gion.<\/span><\/span><\/p>\t\t\t\t\t\t<\/div>\n\t\t\t\t<\/div>\n\t\t\t\t\t<\/div>\n\t\t<\/div>\n\t\t\t\t\t\t\t<\/div>\n\t\t<\/section>\n\t\t\t\t<section class=\"elementor-section elementor-top-section elementor-element elementor-element-ba908bc elementor-section-boxed elementor-section-height-default elementor-section-height-default\" data-id=\"ba908bc\" data-element_type=\"section\">\n\t\t\t\t\t\t<div class=\"elementor-container elementor-column-gap-default\">\n\t\t\t\t\t<div class=\"elementor-column elementor-col-100 elementor-top-column elementor-element elementor-element-f013c3f\" data-id=\"f013c3f\" data-element_type=\"column\">\n\t\t\t<div class=\"elementor-widget-wrap elementor-element-populated\">\n\t\t\t\t\t\t\t\t<div class=\"elementor-element elementor-element-8a796a1 elementor-button-info elementor-widget elementor-widget-button\" data-id=\"8a796a1\" data-element_type=\"widget\" data-widget_type=\"button.default\">\n\t\t\t\t<div class=\"elementor-widget-container\">\n\t\t\t\t\t<div class=\"elementor-button-wrapper\">\n\t\t\t<a class=\"elementor-button elementor-size-xs\" role=\"button\">\n\t\t\t\t\t\t<span class=\"elementor-button-content-wrapper\">\n\t\t\t\t\t\t<span class=\"elementor-button-text\">Solution par Proxym<\/span>\n\t\t<\/span>\n\t\t\t\t\t<\/a>\n\t\t<\/div>\n\t\t\t\t<\/div>\n\t\t\t\t<\/div>\n\t\t\t\t<div class=\"elementor-element elementor-element-2f2bfe7 elementor-invisible elementor-widget elementor-widget-text-editor\" data-id=\"2f2bfe7\" data-element_type=\"widget\" data-settings=\"{&quot;_animation&quot;:&quot;fadeInUp&quot;}\" data-widget_type=\"text-editor.default\">\n\t\t\t\t<div class=\"elementor-widget-container\">\n\t\t\t\t\t\t\t<p>Int\u00e9gration de l&rsquo;API Connect d&rsquo;IBM au GIM UEMOA, dans le cadre du projet d&rsquo;interop\u00e9rabilit\u00e9 et de la solution GIM SWITCH. Cette plateforme assure l&rsquo;interop\u00e9rabilit\u00e9 des transactions \u00e9lectroniques entre tous les acteurs de la r\u00e9gion UEMOA, en couvrant des fonctionnalit\u00e9s telles que l&rsquo;acheminement, le r\u00e8glement, la gestion des d\u00e9fauts, et bien plus encore.<\/p>\t\t\t\t\t\t<\/div>\n\t\t\t\t<\/div>\n\t\t\t\t<div class=\"elementor-element elementor-element-f4444fd elementor-button-info elementor-widget elementor-widget-button\" data-id=\"f4444fd\" data-element_type=\"widget\" data-widget_type=\"button.default\">\n\t\t\t\t<div class=\"elementor-widget-container\">\n\t\t\t\t\t<div class=\"elementor-button-wrapper\">\n\t\t\t<a class=\"elementor-button elementor-size-xs\" role=\"button\">\n\t\t\t\t\t\t<span class=\"elementor-button-content-wrapper\">\n\t\t\t\t\t\t<span class=\"elementor-button-text\">Valeur Ajout\u00e9e<\/span>\n\t\t<\/span>\n\t\t\t\t\t<\/a>\n\t\t<\/div>\n\t\t\t\t<\/div>\n\t\t\t\t<\/div>\n\t\t\t\t<div class=\"elementor-element elementor-element-8cbb230 elementor-invisible elementor-widget elementor-widget-text-editor\" data-id=\"8cbb230\" data-element_type=\"widget\" data-settings=\"{&quot;_animation&quot;:&quot;fadeInUp&quot;}\" data-widget_type=\"text-editor.default\">\n\t\t\t\t<div class=\"elementor-widget-container\">\n\t\t\t\t\t\t\t<p>Cette solution permet \u00e0 un client de l&rsquo;adh\u00e9rent \u00ab\u00a0A\u00a0\u00bb, d\u00e9tenteur d&rsquo;une carte, d&rsquo;un appareil mobile ou de tout autre moyen de paiement \u00e9lectronique, d&rsquo;effectuer des transactions (retraits, paiements, consultations de solde, etc.) sur les points de service (guichets automatiques, terminaux de paiement, plateformes de commerce \u00e9lectronique, etc.) de l&rsquo;adh\u00e9rent \u00ab\u00a0B\u00a0\u00bb. Les transactions sont s\u00e9curis\u00e9es gr\u00e2ce \u00e0 l&rsquo;int\u00e9gration des adh\u00e9rents \u00ab\u00a0A\u00a0\u00bb et \u00ab\u00a0B\u00a0\u00bb via la plateforme GIM-SWITCH, d\u00e9ploy\u00e9e sur IBM API Connect, garantissant ainsi une interop\u00e9rabilit\u00e9 fluide et s\u00e9curis\u00e9e.<\/p>\t\t\t\t\t\t<\/div>\n\t\t\t\t<\/div>\n\t\t\t\t\t<\/div>\n\t\t<\/div>\n\t\t\t\t\t\t\t<\/div>\n\t\t<\/section>\n\t\t\t\t\t\t\t<\/div>\n\t\t","protected":false},"excerpt":{"rendered":"<p>GIM UEMOA API Connect Platform Integration &#8211; GIM UEMOA Platforme GIM SWITCH GIM SWITCH est une plateforme digitale garantissant l&rsquo;interop\u00e9rabilit\u00e9 des transactions digitales pour tous les acteurs de la r\u00e9gion. Solution par Proxym Int\u00e9gration de l&rsquo;API Connect d&rsquo;IBM au GIM UEMOA, dans le cadre du projet d&rsquo;interop\u00e9rabilit\u00e9 et de la solution GIM SWITCH. Cette plateforme [&hellip;]<\/p>\n","protected":false},"author":1,"featured_media":0,"parent":0,"menu_order":0,"comment_status":"closed","ping_status":"closed","template":"page-templates\/full-width.php","meta":{"content-type":"","_monsterinsights_skip_tracking":false,"_monsterinsights_sitenote_active":false,"_monsterinsights_sitenote_note":"","_monsterinsights_sitenote_category":0,"footnotes":""},"aioseo_notices":[],"_links":{"self":[{"href":"https:\/\/www.proxym-group.com\/fr\/wp-json\/wp\/v2\/pages\/17779"}],"collection":[{"href":"https:\/\/www.proxym-group.com\/fr\/wp-json\/wp\/v2\/pages"}],"about":[{"href":"https:\/\/www.proxym-group.com\/fr\/wp-json\/wp\/v2\/types\/page"}],"author":[{"embeddable":true,"href":"https:\/\/www.proxym-group.com\/fr\/wp-json\/wp\/v2\/users\/1"}],"replies":[{"embeddable":true,"href":"https:\/\/www.proxym-group.com\/fr\/wp-json\/wp\/v2\/comments?post=17779"}],"version-history":[{"count":26,"href":"https:\/\/www.proxym-group.com\/fr\/wp-json\/wp\/v2\/pages\/17779\/revisions"}],"predecessor-version":[{"id":23811,"href":"https:\/\/www.proxym-group.com\/fr\/wp-json\/wp\/v2\/pages\/17779\/revisions\/23811"}],"wp:attachment":[{"href":"https:\/\/www.proxym-group.com\/fr\/wp-json\/wp\/v2\/media?parent=17779"}],"curies":[{"name":"wp","href":"https:\/\/api.w.org\/{rel}","templated":true}]}}