{"id":16294,"date":"2023-03-23T09:25:06","date_gmt":"2023-03-23T08:25:06","guid":{"rendered":"https:\/\/www.proxym-group.com\/fr-tmp\/?page_id=16294"},"modified":"2024-12-26T17:05:15","modified_gmt":"2024-12-26T16:05:15","slug":"comar","status":"publish","type":"page","link":"https:\/\/www.proxym-group.com\/fr\/comar\/","title":{"rendered":"Comar"},"content":{"rendered":"\t\t<div data-elementor-type=\"wp-page\" data-elementor-id=\"16294\" class=\"elementor elementor-16294\" data-elementor-post-type=\"page\">\n\t\t\t\t\t\t\t\t\t<section class=\"elementor-section elementor-top-section elementor-element elementor-element-216a601 elementor-section-full_width elementor-section-height-default elementor-section-height-default\" data-id=\"216a601\" data-element_type=\"section\" data-settings=\"{&quot;background_background&quot;:&quot;gradient&quot;}\">\n\t\t\t\t\t\t<div class=\"elementor-container elementor-column-gap-default\">\n\t\t\t\t\t<div class=\"elementor-column elementor-col-100 elementor-top-column elementor-element elementor-element-3788ec4\" data-id=\"3788ec4\" data-element_type=\"column\" data-settings=\"{&quot;background_background&quot;:&quot;classic&quot;}\">\n\t\t\t<div class=\"elementor-widget-wrap elementor-element-populated\">\n\t\t\t\t\t<div class=\"elementor-background-overlay\"><\/div>\n\t\t\t\t\t\t\t\t<div class=\"elementor-element elementor-element-1362820 elementor-invisible elementor-widget elementor-widget-heading\" data-id=\"1362820\" data-element_type=\"widget\" data-settings=\"{&quot;_animation&quot;:&quot;fadeInUp&quot;}\" data-widget_type=\"heading.default\">\n\t\t\t\t<div class=\"elementor-widget-container\">\n\t\t\t<style>\/*! elementor - v3.17.0 - 01-11-2023 *\/\n.elementor-heading-title{padding:0;margin:0;line-height:1}.elementor-widget-heading .elementor-heading-title[class*=elementor-size-]>a{color:inherit;font-size:inherit;line-height:inherit}.elementor-widget-heading .elementor-heading-title.elementor-size-small{font-size:15px}.elementor-widget-heading .elementor-heading-title.elementor-size-medium{font-size:19px}.elementor-widget-heading .elementor-heading-title.elementor-size-large{font-size:29px}.elementor-widget-heading .elementor-heading-title.elementor-size-xl{font-size:39px}.elementor-widget-heading .elementor-heading-title.elementor-size-xxl{font-size:59px}<\/style><h2 class=\"elementor-heading-title elementor-size-default\">COMAR HAYETT<\/h2>\t\t<\/div>\n\t\t\t\t<\/div>\n\t\t\t\t<div class=\"elementor-element elementor-element-5f91052 elementor-invisible elementor-widget elementor-widget-heading\" data-id=\"5f91052\" data-element_type=\"widget\" data-settings=\"{&quot;_animation&quot;:&quot;fadeInUp&quot;}\" data-widget_type=\"heading.default\">\n\t\t\t\t<div class=\"elementor-widget-container\">\n\t\t\t<h2 class=\"elementor-heading-title elementor-size-default\">ASSURANCE DIGITALE OMNICANALE<\/h2>\t\t<\/div>\n\t\t\t\t<\/div>\n\t\t\t\t<div class=\"elementor-element elementor-element-59ad749 elementor-widget elementor-widget-text-editor\" data-id=\"59ad749\" data-element_type=\"widget\" data-widget_type=\"text-editor.default\">\n\t\t\t\t<div class=\"elementor-widget-container\">\n\t\t\t<style>\/*! elementor - v3.17.0 - 01-11-2023 *\/\n.elementor-widget-text-editor.elementor-drop-cap-view-stacked .elementor-drop-cap{background-color:#69727d;color:#fff}.elementor-widget-text-editor.elementor-drop-cap-view-framed .elementor-drop-cap{color:#69727d;border:3px solid;background-color:transparent}.elementor-widget-text-editor:not(.elementor-drop-cap-view-default) .elementor-drop-cap{margin-top:8px}.elementor-widget-text-editor:not(.elementor-drop-cap-view-default) .elementor-drop-cap-letter{width:1em;height:1em}.elementor-widget-text-editor .elementor-drop-cap{float:left;text-align:center;line-height:1;font-size:50px}.elementor-widget-text-editor .elementor-drop-cap-letter{display:inline-block}<\/style>\t\t\t\t<p style=\"text-align: center;\">Powered by\u00a0 <img decoding=\"async\" loading=\"lazy\" class=\"alignnone wp-image-14974\" src=\"http:\/\/proxym-group.proxym-it.net\/wp-content\/uploads\/2023\/03\/Logo-Insurise-300x75.png\" alt=\"\" width=\"125\" height=\"31\" srcset=\"https:\/\/www.proxym-group.com\/wp-content\/uploads\/sites\/8\/2023\/03\/Logo-Insurise-300x75.png 300w, https:\/\/www.proxym-group.com\/wp-content\/uploads\/sites\/8\/2023\/03\/Logo-Insurise-1024x257.png 1024w, https:\/\/www.proxym-group.com\/wp-content\/uploads\/sites\/8\/2023\/03\/Logo-Insurise-768x193.png 768w, https:\/\/www.proxym-group.com\/wp-content\/uploads\/sites\/8\/2023\/03\/Logo-Insurise-1536x386.png 1536w, https:\/\/www.proxym-group.com\/wp-content\/uploads\/sites\/8\/2023\/03\/Logo-Insurise-570x143.png 570w, https:\/\/www.proxym-group.com\/wp-content\/uploads\/sites\/8\/2023\/03\/Logo-Insurise-270x68.png 270w, https:\/\/www.proxym-group.com\/wp-content\/uploads\/sites\/8\/2023\/03\/Logo-Insurise-600x151.png 600w, https:\/\/www.proxym-group.com\/wp-content\/uploads\/sites\/8\/2023\/03\/Logo-Insurise.png 1734w\" sizes=\"(max-width: 125px) 100vw, 125px\" \/><\/p>\t\t\t\t\t\t<\/div>\n\t\t\t\t<\/div>\n\t\t\t\t\t<\/div>\n\t\t<\/div>\n\t\t\t\t\t\t\t<\/div>\n\t\t<\/section>\n\t\t\t\t<section class=\"elementor-section elementor-top-section elementor-element elementor-element-1c9404b elementor-section-boxed elementor-section-height-default elementor-section-height-default\" data-id=\"1c9404b\" data-element_type=\"section\">\n\t\t\t\t\t\t<div class=\"elementor-container elementor-column-gap-default\">\n\t\t\t\t\t<div class=\"elementor-column elementor-col-100 elementor-top-column elementor-element elementor-element-11a159a\" data-id=\"11a159a\" data-element_type=\"column\">\n\t\t\t<div class=\"elementor-widget-wrap elementor-element-populated\">\n\t\t\t\t\t\t\t\t<div class=\"elementor-element elementor-element-778cf4f elementor-invisible elementor-widget elementor-widget-text-editor\" data-id=\"778cf4f\" data-element_type=\"widget\" data-settings=\"{&quot;_animation&quot;:&quot;fadeInUp&quot;}\" data-widget_type=\"text-editor.default\">\n\t\t\t\t<div class=\"elementor-widget-container\">\n\t\t\t\t\t\t\t<div class=\"flex-shrink-0 flex flex-col relative items-end\"><div><div class=\"pt-0\"><div class=\"gizmo-bot-avatar flex h-8 w-8 items-center justify-center overflow-hidden rounded-full\"><div class=\"relative p-1 rounded-sm flex items-center justify-center bg-token-main-surface-primary text-token-text-primary h-8 w-8\">\u00a0<\/div><\/div><\/div><\/div><\/div><div class=\"group\/conversation-turn relative flex w-full min-w-0 flex-col agent-turn\"><div class=\"flex-col gap-1 md:gap-3\"><div class=\"flex max-w-full flex-col flex-grow\"><div class=\"min-h-8 text-message flex w-full flex-col items-end gap-2 whitespace-normal break-words text-start [.text-message+&amp;]:mt-5\" dir=\"auto\" data-message-author-role=\"assistant\" data-message-id=\"c8297675-8845-499d-85f8-a92d987da8c0\" data-message-model-slug=\"gpt-4o-mini\"><div class=\"flex w-full flex-col gap-1 empty:hidden first:pt-[3px]\"><div class=\"markdown prose w-full break-words dark:prose-invert light\"><p>La digitalisation repr\u00e9sente un enjeu strat\u00e9gique majeur pour COMAR-HAYETT. Elle permet d\u2019all\u00e9ger la charge administrative des \u00e9quipes (avis d\u2019\u00e9ch\u00e9ance, renouvellement, etc.) tout en renfor\u00e7ant la proximit\u00e9 avec les assur\u00e9s.<\/p><\/div><\/div><\/div><\/div><\/div><\/div>\t\t\t\t\t\t<\/div>\n\t\t\t\t<\/div>\n\t\t\t\t\t<\/div>\n\t\t<\/div>\n\t\t\t\t\t\t\t<\/div>\n\t\t<\/section>\n\t\t\t\t<section class=\"elementor-section elementor-top-section elementor-element elementor-element-f0f6bed elementor-section-boxed elementor-section-height-default elementor-section-height-default\" data-id=\"f0f6bed\" data-element_type=\"section\">\n\t\t\t\t\t\t<div class=\"elementor-container elementor-column-gap-default\">\n\t\t\t\t\t<div class=\"elementor-column elementor-col-50 elementor-top-column elementor-element elementor-element-368194a\" data-id=\"368194a\" data-element_type=\"column\">\n\t\t\t<div class=\"elementor-widget-wrap elementor-element-populated\">\n\t\t\t\t\t\t\t\t<div class=\"elementor-element elementor-element-8a1b5aa elementor-button-info elementor-widget elementor-widget-button\" data-id=\"8a1b5aa\" data-element_type=\"widget\" data-widget_type=\"button.default\">\n\t\t\t\t<div class=\"elementor-widget-container\">\n\t\t\t\t\t<div class=\"elementor-button-wrapper\">\n\t\t\t<a class=\"elementor-button elementor-size-xs\" role=\"button\">\n\t\t\t\t\t\t<span class=\"elementor-button-content-wrapper\">\n\t\t\t\t\t\t<span class=\"elementor-button-text\">Solution par Proxym<\/span>\n\t\t<\/span>\n\t\t\t\t\t<\/a>\n\t\t<\/div>\n\t\t\t\t<\/div>\n\t\t\t\t<\/div>\n\t\t\t\t<div class=\"elementor-element elementor-element-bc5ff31 elementor-widget elementor-widget-Element_Ready_Box_Widget\" data-id=\"bc5ff31\" data-element_type=\"widget\" data-widget_type=\"Element_Ready_Box_Widget.default\">\n\t\t\t\t<div class=\"elementor-widget-container\">\n\t\t\t\n\t\t\t\t<div class=\"single__box single__box__layout__6\">\n\t\t\t\t\t\n\t\t\t\t\t<div class=\"box__icon elementor-animation-\"><\/div>\n\t\t\t\t\t<h3 class=\"box__title\">Ateliers Innovation + Design Thinking<\/h3>\n\t\t\t\t\t\n\t\t\t\t\t\n\t\t\t\t\t\n\t\t\t\t<\/div>\n\t\t\t\t\t<\/div>\n\t\t\t\t<\/div>\n\t\t\t\t<div class=\"elementor-element elementor-element-2b5f9f9 elementor-widget elementor-widget-Element_Ready_Box_Widget\" data-id=\"2b5f9f9\" data-element_type=\"widget\" data-widget_type=\"Element_Ready_Box_Widget.default\">\n\t\t\t\t<div class=\"elementor-widget-container\">\n\t\t\t\n\t\t\t\t<div class=\"single__box single__box__layout__6\">\n\t\t\t\t\t\n\t\t\t\t\t<div class=\"box__icon elementor-animation-\"><\/div>\n\t\t\t\t\t<h3 class=\"box__title\">+80% des services couverts par notre plateforme Digitale Insurise\u200b<\/h3>\n\t\t\t\t\t\n\t\t\t\t\t\n\t\t\t\t\t\n\t\t\t\t<\/div>\n\t\t\t\t\t<\/div>\n\t\t\t\t<\/div>\n\t\t\t\t<div class=\"elementor-element elementor-element-6385e94 elementor-widget elementor-widget-Element_Ready_Box_Widget\" data-id=\"6385e94\" data-element_type=\"widget\" data-widget_type=\"Element_Ready_Box_Widget.default\">\n\t\t\t\t<div class=\"elementor-widget-container\">\n\t\t\t\n\t\t\t\t<div class=\"single__box single__box__layout__6\">\n\t\t\t\t\t\n\t\t\t\t\t<div class=\"box__icon elementor-animation-\"><\/div>\n\t\t\t\t\t<h3 class=\"box__title\">Proxy Product Owner pour la d\u00e9finition et la validation du backlog \u200b<\/h3>\n\t\t\t\t\t\n\t\t\t\t\t\n\t\t\t\t\t\n\t\t\t\t<\/div>\n\t\t\t\t\t<\/div>\n\t\t\t\t<\/div>\n\t\t\t\t<div class=\"elementor-element elementor-element-1d812e8 elementor-widget elementor-widget-Element_Ready_Box_Widget\" data-id=\"1d812e8\" data-element_type=\"widget\" data-widget_type=\"Element_Ready_Box_Widget.default\">\n\t\t\t\t<div class=\"elementor-widget-container\">\n\t\t\t\n\t\t\t\t<div class=\"single__box single__box__layout__6\">\n\t\t\t\t\t\n\t\t\t\t\t<div class=\"box__icon elementor-animation-\"><\/div>\n\t\t\t\t\t<h3 class=\"box__title\">Mise en place d&#039;une solution innovante d&#039;exp\u00e9rience digitale omnicanale Selfcare <\/h3>\n\t\t\t\t\t\n\t\t\t\t\t\n\t\t\t\t\t\n\t\t\t\t<\/div>\n\t\t\t\t\t<\/div>\n\t\t\t\t<\/div>\n\t\t\t\t\t<\/div>\n\t\t<\/div>\n\t\t\t\t<div class=\"elementor-column elementor-col-50 elementor-top-column elementor-element elementor-element-c3a6614\" data-id=\"c3a6614\" data-element_type=\"column\">\n\t\t\t<div class=\"elementor-widget-wrap elementor-element-populated\">\n\t\t\t\t\t\t\t\t<div class=\"elementor-element elementor-element-83ffec3 elementor-widget elementor-widget-image\" data-id=\"83ffec3\" data-element_type=\"widget\" data-widget_type=\"image.default\">\n\t\t\t\t<div class=\"elementor-widget-container\">\n\t\t\t<style>\/*! elementor - v3.17.0 - 01-11-2023 *\/\n.elementor-widget-image{text-align:center}.elementor-widget-image a{display:inline-block}.elementor-widget-image a img[src$=\".svg\"]{width:48px}.elementor-widget-image img{vertical-align:middle;display:inline-block}<\/style>\t\t\t\t\t\t\t\t\t\t\t\t<img decoding=\"async\" loading=\"lazy\" width=\"1088\" height=\"622\" src=\"https:\/\/www.proxym-group.com\/wp-content\/uploads\/sites\/8\/2023\/03\/comar.png\" class=\"attachment-full size-full wp-image-16299\" alt=\"\" srcset=\"https:\/\/www.proxym-group.com\/wp-content\/uploads\/sites\/8\/2023\/03\/comar.png 1088w, https:\/\/www.proxym-group.com\/wp-content\/uploads\/sites\/8\/2023\/03\/comar-300x172.png 300w, https:\/\/www.proxym-group.com\/wp-content\/uploads\/sites\/8\/2023\/03\/comar-1024x585.png 1024w, https:\/\/www.proxym-group.com\/wp-content\/uploads\/sites\/8\/2023\/03\/comar-768x439.png 768w, https:\/\/www.proxym-group.com\/wp-content\/uploads\/sites\/8\/2023\/03\/comar-570x326.png 570w, https:\/\/www.proxym-group.com\/wp-content\/uploads\/sites\/8\/2023\/03\/comar-270x154.png 270w, https:\/\/www.proxym-group.com\/wp-content\/uploads\/sites\/8\/2023\/03\/comar-600x343.png 600w\" sizes=\"(max-width: 1088px) 100vw, 1088px\" \/>\t\t\t\t\t\t\t\t\t\t\t\t\t\t\t<\/div>\n\t\t\t\t<\/div>\n\t\t\t\t\t<\/div>\n\t\t<\/div>\n\t\t\t\t\t\t\t<\/div>\n\t\t<\/section>\n\t\t\t\t<section class=\"elementor-section elementor-top-section elementor-element elementor-element-ba908bc elementor-section-boxed elementor-section-height-default elementor-section-height-default\" data-id=\"ba908bc\" data-element_type=\"section\">\n\t\t\t\t\t\t<div class=\"elementor-container elementor-column-gap-default\">\n\t\t\t\t\t<div class=\"elementor-column elementor-col-50 elementor-top-column elementor-element elementor-element-f013c3f\" data-id=\"f013c3f\" data-element_type=\"column\">\n\t\t\t<div class=\"elementor-widget-wrap elementor-element-populated\">\n\t\t\t\t\t\t\t\t<div class=\"elementor-element elementor-element-9e8ce8c elementor-button-info elementor-widget elementor-widget-button\" data-id=\"9e8ce8c\" data-element_type=\"widget\" data-widget_type=\"button.default\">\n\t\t\t\t<div class=\"elementor-widget-container\">\n\t\t\t\t\t<div class=\"elementor-button-wrapper\">\n\t\t\t<a class=\"elementor-button elementor-size-xs\" role=\"button\">\n\t\t\t\t\t\t<span class=\"elementor-button-content-wrapper\">\n\t\t\t\t\t\t<span class=\"elementor-button-text\">Valeur Ajout\u00e9e<\/span>\n\t\t<\/span>\n\t\t\t\t\t<\/a>\n\t\t<\/div>\n\t\t\t\t<\/div>\n\t\t\t\t<\/div>\n\t\t\t\t<div class=\"elementor-element elementor-element-5744042 elementor-widget elementor-widget-Element_Ready_Box_Widget\" data-id=\"5744042\" data-element_type=\"widget\" data-widget_type=\"Element_Ready_Box_Widget.default\">\n\t\t\t\t<div class=\"elementor-widget-container\">\n\t\t\t\n\t\t\t\t<div class=\"single__box single__box__layout__6\">\n\t\t\t\t\t\n\t\t\t\t\t<div class=\"box__icon elementor-animation-\"><\/div>\n\t\t\t\t\t<h3 class=\"box__title\">La simplification de l\u2019exp\u00e9rience client en  offrant des services ergonomiques, intuitifs, simples \u00e0 d\u00e9couvrir et prendre en main\u200b\u200b<\/h3>\n\t\t\t\t\t\n\t\t\t\t\t\n\t\t\t\t\t\n\t\t\t\t<\/div>\n\t\t\t\t\t<\/div>\n\t\t\t\t<\/div>\n\t\t\t\t<div class=\"elementor-element elementor-element-05598e7 elementor-widget elementor-widget-Element_Ready_Box_Widget\" data-id=\"05598e7\" data-element_type=\"widget\" data-widget_type=\"Element_Ready_Box_Widget.default\">\n\t\t\t\t<div class=\"elementor-widget-container\">\n\t\t\t\n\t\t\t\t<div class=\"single__box single__box__layout__6\">\n\t\t\t\t\t\n\t\t\t\t\t<div class=\"box__icon elementor-animation-\"><\/div>\n\t\t\t\t\t<h3 class=\"box__title\"> Optimisation de l&#039;autonomie de l&#039;assur\u00e9 : paiement en ligne, choix des garanties lors de la souscription, gestion des contrats, etc<\/h3>\n\t\t\t\t\t\n\t\t\t\t\t\n\t\t\t\t\t\n\t\t\t\t<\/div>\n\t\t\t\t\t<\/div>\n\t\t\t\t<\/div>\n\t\t\t\t<div class=\"elementor-element elementor-element-d70431b elementor-widget elementor-widget-Element_Ready_Box_Widget\" data-id=\"d70431b\" data-element_type=\"widget\" data-widget_type=\"Element_Ready_Box_Widget.default\">\n\t\t\t\t<div class=\"elementor-widget-container\">\n\t\t\t\n\t\t\t\t<div class=\"single__box single__box__layout__6\">\n\t\t\t\t\t\n\t\t\t\t\t<div class=\"box__icon elementor-animation-\"><\/div>\n\t\t\t\t\t<h3 class=\"box__title\">La simplification et l\u2019automatisation des t\u00e2ches, des acc\u00e8s, des r\u00e9ponses aux questions, des consultations cot\u00e9 Back Office<\/h3>\n\t\t\t\t\t\n\t\t\t\t\t\n\t\t\t\t\t\n\t\t\t\t<\/div>\n\t\t\t\t\t<\/div>\n\t\t\t\t<\/div>\n\t\t\t\t\t<\/div>\n\t\t<\/div>\n\t\t\t\t<div class=\"elementor-column elementor-col-50 elementor-top-column elementor-element elementor-element-bcecabd\" data-id=\"bcecabd\" data-element_type=\"column\">\n\t\t\t<div class=\"elementor-widget-wrap\">\n\t\t\t\t\t\t\t\t\t<\/div>\n\t\t<\/div>\n\t\t\t\t\t\t\t<\/div>\n\t\t<\/section>\n\t\t\t\t\t\t\t<\/div>\n\t\t","protected":false},"excerpt":{"rendered":"<p>COMAR HAYETT ASSURANCE DIGITALE OMNICANALE Powered by\u00a0 \u00a0 La digitalisation repr\u00e9sente un enjeu strat\u00e9gique majeur pour COMAR-HAYETT. Elle permet d\u2019all\u00e9ger la charge administrative des \u00e9quipes (avis d\u2019\u00e9ch\u00e9ance, renouvellement, etc.) tout en renfor\u00e7ant la proximit\u00e9 avec les assur\u00e9s. Solution par Proxym Ateliers Innovation + Design Thinking +80% des services couverts par notre plateforme Digitale Insurise\u200b Proxy [&hellip;]<\/p>\n","protected":false},"author":1,"featured_media":0,"parent":0,"menu_order":0,"comment_status":"closed","ping_status":"closed","template":"page-templates\/full-width.php","meta":{"content-type":"","_monsterinsights_skip_tracking":false,"_monsterinsights_sitenote_active":false,"_monsterinsights_sitenote_note":"","_monsterinsights_sitenote_category":0,"footnotes":""},"aioseo_notices":[],"_links":{"self":[{"href":"https:\/\/www.proxym-group.com\/fr\/wp-json\/wp\/v2\/pages\/16294"}],"collection":[{"href":"https:\/\/www.proxym-group.com\/fr\/wp-json\/wp\/v2\/pages"}],"about":[{"href":"https:\/\/www.proxym-group.com\/fr\/wp-json\/wp\/v2\/types\/page"}],"author":[{"embeddable":true,"href":"https:\/\/www.proxym-group.com\/fr\/wp-json\/wp\/v2\/users\/1"}],"replies":[{"embeddable":true,"href":"https:\/\/www.proxym-group.com\/fr\/wp-json\/wp\/v2\/comments?post=16294"}],"version-history":[{"count":32,"href":"https:\/\/www.proxym-group.com\/fr\/wp-json\/wp\/v2\/pages\/16294\/revisions"}],"predecessor-version":[{"id":23815,"href":"https:\/\/www.proxym-group.com\/fr\/wp-json\/wp\/v2\/pages\/16294\/revisions\/23815"}],"wp:attachment":[{"href":"https:\/\/www.proxym-group.com\/fr\/wp-json\/wp\/v2\/media?parent=16294"}],"curies":[{"name":"wp","href":"https:\/\/api.w.org\/{rel}","templated":true}]}}