{"id":16217,"date":"2023-03-22T17:13:46","date_gmt":"2023-03-22T16:13:46","guid":{"rendered":"https:\/\/www.proxym-group.com\/fr-tmp\/?page_id=16217"},"modified":"2024-12-26T16:47:06","modified_gmt":"2024-12-26T15:47:06","slug":"bh-assurance-fr","status":"publish","type":"page","link":"https:\/\/www.proxym-group.com\/fr\/bh-assurance-fr\/","title":{"rendered":"bh assurance"},"content":{"rendered":"\t\t<div data-elementor-type=\"wp-page\" data-elementor-id=\"16217\" class=\"elementor elementor-16217\" data-elementor-post-type=\"page\">\n\t\t\t\t\t\t\t\t\t<section class=\"elementor-section elementor-top-section elementor-element elementor-element-254e426 elementor-section-full_width elementor-section-height-default elementor-section-height-default\" data-id=\"254e426\" data-element_type=\"section\" data-settings=\"{&quot;background_background&quot;:&quot;gradient&quot;}\">\n\t\t\t\t\t\t<div class=\"elementor-container elementor-column-gap-default\">\n\t\t\t\t\t<div class=\"elementor-column elementor-col-100 elementor-top-column elementor-element elementor-element-d66b23f\" data-id=\"d66b23f\" data-element_type=\"column\" data-settings=\"{&quot;background_background&quot;:&quot;classic&quot;}\">\n\t\t\t<div class=\"elementor-widget-wrap elementor-element-populated\">\n\t\t\t\t\t<div class=\"elementor-background-overlay\"><\/div>\n\t\t\t\t\t\t\t\t<div class=\"elementor-element elementor-element-159b61d elementor-invisible elementor-widget elementor-widget-heading\" data-id=\"159b61d\" data-element_type=\"widget\" data-settings=\"{&quot;_animation&quot;:&quot;fadeInUp&quot;}\" data-widget_type=\"heading.default\">\n\t\t\t\t<div class=\"elementor-widget-container\">\n\t\t\t<style>\/*! elementor - v3.17.0 - 01-11-2023 *\/\n.elementor-heading-title{padding:0;margin:0;line-height:1}.elementor-widget-heading .elementor-heading-title[class*=elementor-size-]>a{color:inherit;font-size:inherit;line-height:inherit}.elementor-widget-heading .elementor-heading-title.elementor-size-small{font-size:15px}.elementor-widget-heading .elementor-heading-title.elementor-size-medium{font-size:19px}.elementor-widget-heading .elementor-heading-title.elementor-size-large{font-size:29px}.elementor-widget-heading .elementor-heading-title.elementor-size-xl{font-size:39px}.elementor-widget-heading .elementor-heading-title.elementor-size-xxl{font-size:59px}<\/style><h2 class=\"elementor-heading-title elementor-size-default\">BH Assurance<\/h2>\t\t<\/div>\n\t\t\t\t<\/div>\n\t\t\t\t<div class=\"elementor-element elementor-element-132355a elementor-invisible elementor-widget elementor-widget-heading\" data-id=\"132355a\" data-element_type=\"widget\" data-settings=\"{&quot;_animation&quot;:&quot;fadeInUp&quot;}\" data-widget_type=\"heading.default\">\n\t\t\t\t<div class=\"elementor-widget-container\">\n\t\t\t<h2 class=\"elementor-heading-title elementor-size-default\">Exp\u00e9rience Digitale Omnicanale<\/h2>\t\t<\/div>\n\t\t\t\t<\/div>\n\t\t\t\t\t<\/div>\n\t\t<\/div>\n\t\t\t\t\t\t\t<\/div>\n\t\t<\/section>\n\t\t\t\t<section class=\"elementor-section elementor-top-section elementor-element elementor-element-6888f71 elementor-section-boxed elementor-section-height-default elementor-section-height-default\" data-id=\"6888f71\" data-element_type=\"section\">\n\t\t\t\t\t\t<div class=\"elementor-container elementor-column-gap-default\">\n\t\t\t\t\t<div class=\"elementor-column elementor-col-100 elementor-top-column elementor-element elementor-element-94d504d\" data-id=\"94d504d\" data-element_type=\"column\">\n\t\t\t<div class=\"elementor-widget-wrap elementor-element-populated\">\n\t\t\t\t\t\t\t\t<div class=\"elementor-element elementor-element-35e4839 elementor-invisible elementor-widget elementor-widget-text-editor\" data-id=\"35e4839\" data-element_type=\"widget\" data-settings=\"{&quot;_animation&quot;:&quot;fadeInUp&quot;}\" data-widget_type=\"text-editor.default\">\n\t\t\t\t<div class=\"elementor-widget-container\">\n\t\t\t<style>\/*! elementor - v3.17.0 - 01-11-2023 *\/\n.elementor-widget-text-editor.elementor-drop-cap-view-stacked .elementor-drop-cap{background-color:#69727d;color:#fff}.elementor-widget-text-editor.elementor-drop-cap-view-framed .elementor-drop-cap{color:#69727d;border:3px solid;background-color:transparent}.elementor-widget-text-editor:not(.elementor-drop-cap-view-default) .elementor-drop-cap{margin-top:8px}.elementor-widget-text-editor:not(.elementor-drop-cap-view-default) .elementor-drop-cap-letter{width:1em;height:1em}.elementor-widget-text-editor .elementor-drop-cap{float:left;text-align:center;line-height:1;font-size:50px}.elementor-widget-text-editor .elementor-drop-cap-letter{display:inline-block}<\/style>\t\t\t\t<p>BH Assurance, leader en Tunisie, mais avec une grande partie de son chiffre d&rsquo;affaires provenant du groupe (BH Bank).<br \/>BH Assurance propose diff\u00e9rents services \u00e0 ses clients, notamment : Vie, Sant\u00e9, Automobile, etc., pour les particuliers et les entreprises.<\/p>\t\t\t\t\t\t<\/div>\n\t\t\t\t<\/div>\n\t\t\t\t\t<\/div>\n\t\t<\/div>\n\t\t\t\t\t\t\t<\/div>\n\t\t<\/section>\n\t\t\t\t<section class=\"elementor-section elementor-top-section elementor-element elementor-element-f0f6bed elementor-section-boxed elementor-section-height-default elementor-section-height-default\" data-id=\"f0f6bed\" data-element_type=\"section\">\n\t\t\t\t\t\t<div class=\"elementor-container elementor-column-gap-default\">\n\t\t\t\t\t<div class=\"elementor-column elementor-col-50 elementor-top-column elementor-element elementor-element-368194a\" data-id=\"368194a\" data-element_type=\"column\">\n\t\t\t<div class=\"elementor-widget-wrap elementor-element-populated\">\n\t\t\t\t\t\t\t\t<div class=\"elementor-element elementor-element-81cbc0e elementor-button-info elementor-widget elementor-widget-button\" data-id=\"81cbc0e\" data-element_type=\"widget\" data-widget_type=\"button.default\">\n\t\t\t\t<div class=\"elementor-widget-container\">\n\t\t\t\t\t<div class=\"elementor-button-wrapper\">\n\t\t\t<a class=\"elementor-button elementor-size-xs\" role=\"button\">\n\t\t\t\t\t\t<span class=\"elementor-button-content-wrapper\">\n\t\t\t\t\t\t<span class=\"elementor-button-text\">Solution par Proxym<\/span>\n\t\t<\/span>\n\t\t\t\t\t<\/a>\n\t\t<\/div>\n\t\t\t\t<\/div>\n\t\t\t\t<\/div>\n\t\t\t\t<div class=\"elementor-element elementor-element-71f38fe elementor-widget elementor-widget-Element_Ready_Box_Widget\" data-id=\"71f38fe\" data-element_type=\"widget\" data-widget_type=\"Element_Ready_Box_Widget.default\">\n\t\t\t\t<div class=\"elementor-widget-container\">\n\t\t\t\n\t\t\t\t<div class=\"single__box single__box__layout__6\">\n\t\t\t\t\t\n\t\t\t\t\t<div class=\"box__icon elementor-animation-\"><\/div>\n\t\t\t\t\t<h3 class=\"box__title\">Ateliers Innovation + Design Thinking <\/h3>\n\t\t\t\t\t\n\t\t\t\t\t\n\t\t\t\t\t\n\t\t\t\t<\/div>\n\t\t\t\t\t<\/div>\n\t\t\t\t<\/div>\n\t\t\t\t<div class=\"elementor-element elementor-element-de4f6b3 elementor-widget elementor-widget-Element_Ready_Box_Widget\" data-id=\"de4f6b3\" data-element_type=\"widget\" data-widget_type=\"Element_Ready_Box_Widget.default\">\n\t\t\t\t<div class=\"elementor-widget-container\">\n\t\t\t\n\t\t\t\t<div class=\"single__box single__box__layout__6\">\n\t\t\t\t\t\n\t\t\t\t\t<div class=\"box__icon elementor-animation-\"><\/div>\n\t\t\t\t\t<h3 class=\"box__title\">Approche 100% agile<\/h3>\n\t\t\t\t\t\n\t\t\t\t\t\n\t\t\t\t\t\n\t\t\t\t<\/div>\n\t\t\t\t\t<\/div>\n\t\t\t\t<\/div>\n\t\t\t\t<div class=\"elementor-element elementor-element-cfbe01a elementor-widget elementor-widget-Element_Ready_Box_Widget\" data-id=\"cfbe01a\" data-element_type=\"widget\" data-widget_type=\"Element_Ready_Box_Widget.default\">\n\t\t\t\t<div class=\"elementor-widget-container\">\n\t\t\t\n\t\t\t\t<div class=\"single__box single__box__layout__6\">\n\t\t\t\t\t\n\t\t\t\t\t<div class=\"box__icon elementor-animation-\"><\/div>\n\t\t\t\t\t<h3 class=\"box__title\">Comit\u00e9 mensuel de gouvernance digitlee relevant directement du PDG avec acc\u00e8s \u00e0 toutes les \u00e9quipes commerciales <\/h3>\n\t\t\t\t\t\n\t\t\t\t\t\n\t\t\t\t\t\n\t\t\t\t<\/div>\n\t\t\t\t\t<\/div>\n\t\t\t\t<\/div>\n\t\t\t\t<div class=\"elementor-element elementor-element-56dcf94 elementor-widget elementor-widget-Element_Ready_Box_Widget\" data-id=\"56dcf94\" data-element_type=\"widget\" data-widget_type=\"Element_Ready_Box_Widget.default\">\n\t\t\t\t<div class=\"elementor-widget-container\">\n\t\t\t\n\t\t\t\t<div class=\"single__box single__box__layout__6\">\n\t\t\t\t\t\n\t\t\t\t\t<div class=\"box__icon elementor-animation-\"><\/div>\n\t\t\t\t\t<h3 class=\"box__title\">Proxy Product Owner pour la d\u00e9finition et la validation du backlog <\/h3>\n\t\t\t\t\t\n\t\t\t\t\t\n\t\t\t\t\t\n\t\t\t\t<\/div>\n\t\t\t\t\t<\/div>\n\t\t\t\t<\/div>\n\t\t\t\t<div class=\"elementor-element elementor-element-552cedc elementor-widget elementor-widget-Element_Ready_Box_Widget\" data-id=\"552cedc\" data-element_type=\"widget\" data-widget_type=\"Element_Ready_Box_Widget.default\">\n\t\t\t\t<div class=\"elementor-widget-container\">\n\t\t\t\n\t\t\t\t<div class=\"single__box single__box__layout__6\">\n\t\t\t\t\t\n\t\t\t\t\t<div class=\"box__icon elementor-animation-\"><\/div>\n\t\t\t\t\t<h3 class=\"box__title\">Mise en place d&#039;une solution innovante d&#039;exp\u00e9rience digitale omnicanale de Selfcare couvrant diff\u00e9rents besoins et offrant un d\u00e9lai de mise sur le march\u00e9 sur 2 canaux : Web et Mobile.<\/h3>\n\t\t\t\t\t\n\t\t\t\t\t\n\t\t\t\t\t\n\t\t\t\t<\/div>\n\t\t\t\t\t<\/div>\n\t\t\t\t<\/div>\n\t\t\t\t<div class=\"elementor-element elementor-element-c28993f elementor-widget elementor-widget-Element_Ready_Box_Widget\" data-id=\"c28993f\" data-element_type=\"widget\" data-widget_type=\"Element_Ready_Box_Widget.default\">\n\t\t\t\t<div class=\"elementor-widget-container\">\n\t\t\t\n\t\t\t\t<div class=\"single__box single__box__layout__6\">\n\t\t\t\t\t\n\t\t\t\t\t<div class=\"box__icon elementor-animation-\"><\/div>\n\t\t\t\t\t<h3 class=\"box__title\">Site vitrine destin\u00e9 \u00e0 une client\u00e8le traditionnelle, ax\u00e9 sur la communication<\/h3>\n\t\t\t\t\t\n\t\t\t\t\t\n\t\t\t\t\t\n\t\t\t\t<\/div>\n\t\t\t\t\t<\/div>\n\t\t\t\t<\/div>\n\t\t\t\t<div class=\"elementor-element elementor-element-51f9b83 elementor-widget elementor-widget-Element_Ready_Box_Widget\" data-id=\"51f9b83\" data-element_type=\"widget\" data-widget_type=\"Element_Ready_Box_Widget.default\">\n\t\t\t\t<div class=\"elementor-widget-container\">\n\t\t\t\n\t\t\t\t<div class=\"single__box single__box__layout__6\">\n\t\t\t\t\t\n\t\t\t\t\t<div class=\"box__icon elementor-animation-\"><\/div>\n\t\t\t\t\t<h3 class=\"box__title\"> D\u00e9mat\u00e9rialisation du processus d&#039;ouverture de comptes.<\/h3>\n\t\t\t\t\t\n\t\t\t\t\t\n\t\t\t\t\t\n\t\t\t\t<\/div>\n\t\t\t\t\t<\/div>\n\t\t\t\t<\/div>\n\t\t\t\t<div class=\"elementor-element elementor-element-4b6c26d elementor-widget elementor-widget-Element_Ready_Box_Widget\" data-id=\"4b6c26d\" data-element_type=\"widget\" data-widget_type=\"Element_Ready_Box_Widget.default\">\n\t\t\t\t<div class=\"elementor-widget-container\">\n\t\t\t\n\t\t\t\t<div class=\"single__box single__box__layout__6\">\n\t\t\t\t\t\n\t\t\t\t\t<div class=\"box__icon elementor-animation-\"><\/div>\n\t\t\t\t\t<h3 class=\"box__title\"> Digitalisation des services d&#039;assurance, tels que : demande de devis, suivi des demandes, souscription en ligne.<\/h3>\n\t\t\t\t\t\n\t\t\t\t\t\n\t\t\t\t\t\n\t\t\t\t<\/div>\n\t\t\t\t\t<\/div>\n\t\t\t\t<\/div>\n\t\t\t\t<div class=\"elementor-element elementor-element-0f156e9 elementor-widget elementor-widget-Element_Ready_Box_Widget\" data-id=\"0f156e9\" data-element_type=\"widget\" data-widget_type=\"Element_Ready_Box_Widget.default\">\n\t\t\t\t<div class=\"elementor-widget-container\">\n\t\t\t\n\t\t\t\t<div class=\"single__box single__box__layout__6\">\n\t\t\t\t\t\n\t\t\t\t\t<div class=\"box__icon elementor-animation-\"><\/div>\n\t\t\t\t\t<h3 class=\"box__title\"> G\u00e9olocalisation des agences.<\/h3>\n\t\t\t\t\t\n\t\t\t\t\t\n\t\t\t\t\t\n\t\t\t\t<\/div>\n\t\t\t\t\t<\/div>\n\t\t\t\t<\/div>\n\t\t\t\t<div class=\"elementor-element elementor-element-6c30fcb elementor-widget elementor-widget-Element_Ready_Box_Widget\" data-id=\"6c30fcb\" data-element_type=\"widget\" data-widget_type=\"Element_Ready_Box_Widget.default\">\n\t\t\t\t<div class=\"elementor-widget-container\">\n\t\t\t\n\t\t\t\t<div class=\"single__box single__box__layout__6\">\n\t\t\t\t\t\n\t\t\t\t\t<div class=\"box__icon elementor-animation-\"><\/div>\n\t\t\t\t\t<h3 class=\"box__title\"> Tableau de bord 360\u00b0.<\/h3>\n\t\t\t\t\t\n\t\t\t\t\t\n\t\t\t\t\t\n\t\t\t\t<\/div>\n\t\t\t\t\t<\/div>\n\t\t\t\t<\/div>\n\t\t\t\t<div class=\"elementor-element elementor-element-07641fe elementor-widget elementor-widget-Element_Ready_Box_Widget\" data-id=\"07641fe\" data-element_type=\"widget\" data-widget_type=\"Element_Ready_Box_Widget.default\">\n\t\t\t\t<div class=\"elementor-widget-container\">\n\t\t\t\n\t\t\t\t<div class=\"single__box single__box__layout__6\">\n\t\t\t\t\t\n\t\t\t\t\t<div class=\"box__icon elementor-animation-\"><\/div>\n\t\t\t\t\t<h3 class=\"box__title\">Notifications, d\u00e9claration de sinistres en ligne et messagerie instantan\u00e9e.<\/h3>\n\t\t\t\t\t\n\t\t\t\t\t\n\t\t\t\t\t\n\t\t\t\t<\/div>\n\t\t\t\t\t<\/div>\n\t\t\t\t<\/div>\n\t\t\t\t\t<\/div>\n\t\t<\/div>\n\t\t\t\t<div class=\"elementor-column elementor-col-50 elementor-top-column elementor-element elementor-element-c3a6614\" data-id=\"c3a6614\" data-element_type=\"column\">\n\t\t\t<div class=\"elementor-widget-wrap elementor-element-populated\">\n\t\t\t\t\t\t\t\t<div class=\"elementor-element elementor-element-7be71d3 elementor-invisible elementor-widget elementor-widget-text-editor\" data-id=\"7be71d3\" data-element_type=\"widget\" data-settings=\"{&quot;_animation&quot;:&quot;fadeInUp&quot;}\" data-widget_type=\"text-editor.default\">\n\t\t\t\t<div class=\"elementor-widget-container\">\n\t\t\t\t\t\t\t\t\t\t\t\t\t<\/div>\n\t\t\t\t<\/div>\n\t\t\t\t<div class=\"elementor-element elementor-element-83ffec3 elementor-widget elementor-widget-image\" data-id=\"83ffec3\" data-element_type=\"widget\" data-widget_type=\"image.default\">\n\t\t\t\t<div class=\"elementor-widget-container\">\n\t\t\t<style>\/*! elementor - v3.17.0 - 01-11-2023 *\/\n.elementor-widget-image{text-align:center}.elementor-widget-image a{display:inline-block}.elementor-widget-image a img[src$=\".svg\"]{width:48px}.elementor-widget-image img{vertical-align:middle;display:inline-block}<\/style>\t\t\t\t\t\t\t\t\t\t\t\t<img decoding=\"async\" loading=\"lazy\" width=\"800\" height=\"668\" src=\"https:\/\/www.proxym-group.com\/wp-content\/uploads\/sites\/8\/2023\/03\/bh-1024x855.png\" class=\"attachment-large size-large wp-image-16219\" alt=\"\" srcset=\"https:\/\/www.proxym-group.com\/wp-content\/uploads\/sites\/8\/2023\/03\/bh-1024x855.png 1024w, https:\/\/www.proxym-group.com\/wp-content\/uploads\/sites\/8\/2023\/03\/bh-300x251.png 300w, https:\/\/www.proxym-group.com\/wp-content\/uploads\/sites\/8\/2023\/03\/bh-768x642.png 768w, https:\/\/www.proxym-group.com\/wp-content\/uploads\/sites\/8\/2023\/03\/bh-395x330.png 395w, https:\/\/www.proxym-group.com\/wp-content\/uploads\/sites\/8\/2023\/03\/bh-215x180.png 215w, https:\/\/www.proxym-group.com\/wp-content\/uploads\/sites\/8\/2023\/03\/bh-600x501.png 600w, https:\/\/www.proxym-group.com\/wp-content\/uploads\/sites\/8\/2023\/03\/bh.png 1027w\" sizes=\"(max-width: 800px) 100vw, 800px\" \/>\t\t\t\t\t\t\t\t\t\t\t\t\t\t\t<\/div>\n\t\t\t\t<\/div>\n\t\t\t\t\t<\/div>\n\t\t<\/div>\n\t\t\t\t\t\t\t<\/div>\n\t\t<\/section>\n\t\t\t\t<section class=\"elementor-section elementor-top-section elementor-element elementor-element-fa3f195 elementor-section-boxed elementor-section-height-default elementor-section-height-default\" data-id=\"fa3f195\" data-element_type=\"section\">\n\t\t\t\t\t\t<div class=\"elementor-container elementor-column-gap-default\">\n\t\t\t\t\t<div class=\"elementor-column elementor-col-50 elementor-top-column elementor-element elementor-element-e038175\" data-id=\"e038175\" data-element_type=\"column\">\n\t\t\t<div class=\"elementor-widget-wrap elementor-element-populated\">\n\t\t\t\t\t\t\t\t<div class=\"elementor-element elementor-element-9da4548 elementor-button-info elementor-widget elementor-widget-button\" data-id=\"9da4548\" data-element_type=\"widget\" data-widget_type=\"button.default\">\n\t\t\t\t<div class=\"elementor-widget-container\">\n\t\t\t\t\t<div class=\"elementor-button-wrapper\">\n\t\t\t<a class=\"elementor-button elementor-size-xs\" role=\"button\">\n\t\t\t\t\t\t<span class=\"elementor-button-content-wrapper\">\n\t\t\t\t\t\t<span class=\"elementor-button-text\">Valeur Ajout\u00e9e<\/span>\n\t\t<\/span>\n\t\t\t\t\t<\/a>\n\t\t<\/div>\n\t\t\t\t<\/div>\n\t\t\t\t<\/div>\n\t\t\t\t<div class=\"elementor-element elementor-element-c7fc124 elementor-widget elementor-widget-Element_Ready_Box_Widget\" data-id=\"c7fc124\" data-element_type=\"widget\" data-widget_type=\"Element_Ready_Box_Widget.default\">\n\t\t\t\t<div class=\"elementor-widget-container\">\n\t\t\t\n\t\t\t\t<div class=\"single__box single__box__layout__6\">\n\t\t\t\t\t\n\t\t\t\t\t<div class=\"box__icon elementor-animation-\"><\/div>\n\t\t\t\t\t<h3 class=\"box__title\">Nouvelle vision strat\u00e9gique de l&#039;entreprise \u200b<\/h3>\n\t\t\t\t\t\n\t\t\t\t\t\n\t\t\t\t\t\n\t\t\t\t<\/div>\n\t\t\t\t\t<\/div>\n\t\t\t\t<\/div>\n\t\t\t\t<div class=\"elementor-element elementor-element-b1f86d2 elementor-widget elementor-widget-Element_Ready_Box_Widget\" data-id=\"b1f86d2\" data-element_type=\"widget\" data-widget_type=\"Element_Ready_Box_Widget.default\">\n\t\t\t\t<div class=\"elementor-widget-container\">\n\t\t\t\n\t\t\t\t<div class=\"single__box single__box__layout__6\">\n\t\t\t\t\t\n\t\t\t\t\t<div class=\"box__icon elementor-animation-\"><\/div>\n\t\t\t\t\t<h3 class=\"box__title\">Culture d&#039;innovation renforc\u00e9e <\/h3>\n\t\t\t\t\t\n\t\t\t\t\t\n\t\t\t\t\t\n\t\t\t\t<\/div>\n\t\t\t\t\t<\/div>\n\t\t\t\t<\/div>\n\t\t\t\t<div class=\"elementor-element elementor-element-50cceda elementor-widget elementor-widget-Element_Ready_Box_Widget\" data-id=\"50cceda\" data-element_type=\"widget\" data-widget_type=\"Element_Ready_Box_Widget.default\">\n\t\t\t\t<div class=\"elementor-widget-container\">\n\t\t\t\n\t\t\t\t<div class=\"single__box single__box__layout__6\">\n\t\t\t\t\t\n\t\t\t\t\t<div class=\"box__icon elementor-animation-\"><\/div>\n\t\t\t\t\t<h3 class=\"box__title\">Optimisation de la collaboration interne <\/h3>\n\t\t\t\t\t\n\t\t\t\t\t\n\t\t\t\t\t\n\t\t\t\t<\/div>\n\t\t\t\t\t<\/div>\n\t\t\t\t<\/div>\n\t\t\t\t<div class=\"elementor-element elementor-element-d8b7375 elementor-widget elementor-widget-Element_Ready_Box_Widget\" data-id=\"d8b7375\" data-element_type=\"widget\" data-widget_type=\"Element_Ready_Box_Widget.default\">\n\t\t\t\t<div class=\"elementor-widget-container\">\n\t\t\t\n\t\t\t\t<div class=\"single__box single__box__layout__6\">\n\t\t\t\t\t\n\t\t\t\t\t<div class=\"box__icon elementor-animation-\"><\/div>\n\t\t\t\t\t<h3 class=\"box__title\">Optimisation du \u00abCustomer Journey\u00bb <\/h3>\n\t\t\t\t\t\n\t\t\t\t\t\n\t\t\t\t\t\n\t\t\t\t<\/div>\n\t\t\t\t\t<\/div>\n\t\t\t\t<\/div>\n\t\t\t\t<div class=\"elementor-element elementor-element-a2e05e7 elementor-widget elementor-widget-Element_Ready_Box_Widget\" data-id=\"a2e05e7\" data-element_type=\"widget\" data-widget_type=\"Element_Ready_Box_Widget.default\">\n\t\t\t\t<div class=\"elementor-widget-container\">\n\t\t\t\n\t\t\t\t<div class=\"single__box single__box__layout__6\">\n\t\t\t\t\t\n\t\t\t\t\t<div class=\"box__icon elementor-animation-\"><\/div>\n\t\t\t\t\t<h3 class=\"box__title\">Augmentation de l&#039;attractivit\u00e9 et de la fid\u00e9lisation des clients.<\/h3>\n\t\t\t\t\t\n\t\t\t\t\t\n\t\t\t\t\t\n\t\t\t\t<\/div>\n\t\t\t\t\t<\/div>\n\t\t\t\t<\/div>\n\t\t\t\t\t<\/div>\n\t\t<\/div>\n\t\t\t\t<div class=\"elementor-column elementor-col-50 elementor-top-column elementor-element elementor-element-d8cd938\" data-id=\"d8cd938\" data-element_type=\"column\">\n\t\t\t<div class=\"elementor-widget-wrap\">\n\t\t\t\t\t\t\t\t\t<\/div>\n\t\t<\/div>\n\t\t\t\t\t\t\t<\/div>\n\t\t<\/section>\n\t\t\t\t\t\t\t<\/div>\n\t\t","protected":false},"excerpt":{"rendered":"<p>BH Assurance Exp\u00e9rience Digitale Omnicanale BH Assurance, leader en Tunisie, mais avec une grande partie de son chiffre d&rsquo;affaires provenant du groupe (BH Bank).BH Assurance propose diff\u00e9rents services \u00e0 ses clients, notamment : Vie, Sant\u00e9, Automobile, etc., pour les particuliers et les entreprises. Solution par Proxym Ateliers Innovation + Design Thinking Approche 100% agile Comit\u00e9 [&hellip;]<\/p>\n","protected":false},"author":1,"featured_media":0,"parent":0,"menu_order":0,"comment_status":"closed","ping_status":"closed","template":"page-templates\/full-width.php","meta":{"content-type":"","_monsterinsights_skip_tracking":false,"_monsterinsights_sitenote_active":false,"_monsterinsights_sitenote_note":"","_monsterinsights_sitenote_category":0,"footnotes":""},"aioseo_notices":[],"_links":{"self":[{"href":"https:\/\/www.proxym-group.com\/fr\/wp-json\/wp\/v2\/pages\/16217"}],"collection":[{"href":"https:\/\/www.proxym-group.com\/fr\/wp-json\/wp\/v2\/pages"}],"about":[{"href":"https:\/\/www.proxym-group.com\/fr\/wp-json\/wp\/v2\/types\/page"}],"author":[{"embeddable":true,"href":"https:\/\/www.proxym-group.com\/fr\/wp-json\/wp\/v2\/users\/1"}],"replies":[{"embeddable":true,"href":"https:\/\/www.proxym-group.com\/fr\/wp-json\/wp\/v2\/comments?post=16217"}],"version-history":[{"count":40,"href":"https:\/\/www.proxym-group.com\/fr\/wp-json\/wp\/v2\/pages\/16217\/revisions"}],"predecessor-version":[{"id":23808,"href":"https:\/\/www.proxym-group.com\/fr\/wp-json\/wp\/v2\/pages\/16217\/revisions\/23808"}],"wp:attachment":[{"href":"https:\/\/www.proxym-group.com\/fr\/wp-json\/wp\/v2\/media?parent=16217"}],"curies":[{"name":"wp","href":"https:\/\/api.w.org\/{rel}","templated":true}]}}