{"id":15130,"date":"2023-03-13T09:11:25","date_gmt":"2023-03-13T08:11:25","guid":{"rendered":"https:\/\/www.proxym-group.com\/fr-tmp\/?page_id=15130"},"modified":"2025-01-23T10:42:58","modified_gmt":"2025-01-23T09:42:58","slug":"vacations","status":"publish","type":"page","link":"https:\/\/www.proxym-group.com\/fr\/vacations\/","title":{"rendered":"Offres d\u2019emploi"},"content":{"rendered":"\t\t<div data-elementor-type=\"wp-page\" data-elementor-id=\"15130\" class=\"elementor elementor-15130\" data-elementor-post-type=\"page\">\n\t\t\t\t\t\t\t\t\t<section class=\"elementor-section elementor-top-section elementor-element elementor-element-8ec23e2 elementor-section-boxed elementor-section-height-default elementor-section-height-default\" data-id=\"8ec23e2\" data-element_type=\"section\" data-settings=\"{&quot;background_background&quot;:&quot;classic&quot;}\">\n\t\t\t\t\t\t<div class=\"elementor-container elementor-column-gap-extended\">\n\t\t\t\t\t<div class=\"elementor-column elementor-col-50 elementor-top-column elementor-element elementor-element-021c3e2\" data-id=\"021c3e2\" data-element_type=\"column\">\n\t\t\t<div class=\"elementor-widget-wrap elementor-element-populated\">\n\t\t\t\t\t\t\t\t<div class=\"elementor-element elementor-element-f55fa48 elementor-widget elementor-widget-heading\" data-id=\"f55fa48\" data-element_type=\"widget\" data-widget_type=\"heading.default\">\n\t\t\t\t<div class=\"elementor-widget-container\">\n\t\t\t<style>\/*! elementor - v3.17.0 - 01-11-2023 *\/\n.elementor-heading-title{padding:0;margin:0;line-height:1}.elementor-widget-heading .elementor-heading-title[class*=elementor-size-]>a{color:inherit;font-size:inherit;line-height:inherit}.elementor-widget-heading .elementor-heading-title.elementor-size-small{font-size:15px}.elementor-widget-heading .elementor-heading-title.elementor-size-medium{font-size:19px}.elementor-widget-heading .elementor-heading-title.elementor-size-large{font-size:29px}.elementor-widget-heading .elementor-heading-title.elementor-size-xl{font-size:39px}.elementor-widget-heading .elementor-heading-title.elementor-size-xxl{font-size:59px}<\/style><h2 class=\"elementor-heading-title elementor-size-default\">Dynamisez votre <br> carri\u00e8re avec une touche d\u2019enthousiasme<\/h2>\t\t<\/div>\n\t\t\t\t<\/div>\n\t\t\t\t<div class=\"elementor-element elementor-element-6e3b52a elementor-widget elementor-widget-heading\" data-id=\"6e3b52a\" data-element_type=\"widget\" data-widget_type=\"heading.default\">\n\t\t\t\t<div class=\"elementor-widget-container\">\n\t\t\t<p class=\"elementor-heading-title elementor-size-default\">Lancez votre carri\u00e8re vers de nouveaux horizons<\/p>\t\t<\/div>\n\t\t\t\t<\/div>\n\t\t\t\t<div class=\"elementor-element elementor-element-51c0426 elementor-widget elementor-widget-text-editor\" data-id=\"51c0426\" data-element_type=\"widget\" data-widget_type=\"text-editor.default\">\n\t\t\t\t<div class=\"elementor-widget-container\">\n\t\t\t<style>\/*! elementor - v3.17.0 - 01-11-2023 *\/\n.elementor-widget-text-editor.elementor-drop-cap-view-stacked .elementor-drop-cap{background-color:#69727d;color:#fff}.elementor-widget-text-editor.elementor-drop-cap-view-framed .elementor-drop-cap{color:#69727d;border:3px solid;background-color:transparent}.elementor-widget-text-editor:not(.elementor-drop-cap-view-default) .elementor-drop-cap{margin-top:8px}.elementor-widget-text-editor:not(.elementor-drop-cap-view-default) .elementor-drop-cap-letter{width:1em;height:1em}.elementor-widget-text-editor .elementor-drop-cap{float:left;text-align:center;line-height:1;font-size:50px}.elementor-widget-text-editor .elementor-drop-cap-letter{display:inline-block}<\/style>\t\t\t\t<p>Chez Proxym, notre ambition est de transformer l&rsquo;industrie financi\u00e8re en pla\u00e7ant le client au c\u0153ur de toutes nos actions. Pour r\u00e9aliser cet objectif, nous sommes en permanence \u00e0 la recherche de talents cr\u00e9atifs et visionnaires, pr\u00eats \u00e0 nous accompagner dans cette d\u00e9marche innovante.<\/p><p>Int\u00e9grez une \u00e9quipe dynamique o\u00f9 l&rsquo;exp\u00e9rience et l&rsquo;innovation sont les moteurs de notre progr\u00e8s. Au c\u0153ur de cette synergie, la rencontre de la cr\u00e9ativit\u00e9 et de la technologie engendre des id\u00e9es transformantes et visionnaires.<\/p>\t\t\t\t\t\t<\/div>\n\t\t\t\t<\/div>\n\t\t\t\t\t<\/div>\n\t\t<\/div>\n\t\t\t\t<div class=\"elementor-column elementor-col-50 elementor-top-column elementor-element elementor-element-48774f3 animated-slow elementor-invisible\" data-id=\"48774f3\" data-element_type=\"column\" data-settings=\"{&quot;background_background&quot;:&quot;classic&quot;,&quot;animation&quot;:&quot;fadeIn&quot;}\">\n\t\t\t<div class=\"elementor-widget-wrap elementor-element-populated\">\n\t\t\t\t\t\t\t\t<div class=\"elementor-element elementor-element-a254456 elementor-widget elementor-widget-image\" data-id=\"a254456\" data-element_type=\"widget\" data-widget_type=\"image.default\">\n\t\t\t\t<div class=\"elementor-widget-container\">\n\t\t\t<style>\/*! elementor - v3.17.0 - 01-11-2023 *\/\n.elementor-widget-image{text-align:center}.elementor-widget-image a{display:inline-block}.elementor-widget-image a img[src$=\".svg\"]{width:48px}.elementor-widget-image img{vertical-align:middle;display:inline-block}<\/style>\t\t\t\t\t\t\t\t\t\t\t\t<img decoding=\"async\" loading=\"lazy\" width=\"639\" height=\"746\" src=\"https:\/\/www.proxym-group.com\/wp-content\/uploads\/sites\/8\/2023\/11\/MicrosoftTeams-image-77.png\" class=\"attachment-full size-full wp-image-21414\" alt=\"\" srcset=\"https:\/\/www.proxym-group.com\/wp-content\/uploads\/sites\/8\/2023\/11\/MicrosoftTeams-image-77.png 639w, https:\/\/www.proxym-group.com\/wp-content\/uploads\/sites\/8\/2023\/11\/MicrosoftTeams-image-77-257x300.png 257w, https:\/\/www.proxym-group.com\/wp-content\/uploads\/sites\/8\/2023\/11\/MicrosoftTeams-image-77-283x330.png 283w, https:\/\/www.proxym-group.com\/wp-content\/uploads\/sites\/8\/2023\/11\/MicrosoftTeams-image-77-154x180.png 154w\" sizes=\"(max-width: 639px) 100vw, 639px\" \/>\t\t\t\t\t\t\t\t\t\t\t\t\t\t\t<\/div>\n\t\t\t\t<\/div>\n\t\t\t\t\t<\/div>\n\t\t<\/div>\n\t\t\t\t\t\t\t<\/div>\n\t\t<\/section>\n\t\t\t\t<section class=\"elementor-section elementor-top-section elementor-element elementor-element-7bcb242 elementor-section-boxed elementor-section-height-default elementor-section-height-default\" data-id=\"7bcb242\" data-element_type=\"section\">\n\t\t\t\t\t\t<div class=\"elementor-container elementor-column-gap-default\">\n\t\t\t\t\t<div class=\"elementor-column elementor-col-50 elementor-top-column elementor-element elementor-element-10f3989\" data-id=\"10f3989\" data-element_type=\"column\">\n\t\t\t<div class=\"elementor-widget-wrap elementor-element-populated\">\n\t\t\t\t\t\t\t\t<div class=\"elementor-element elementor-element-58ff044 e-transform elementor-widget elementor-widget-Element_Ready_Box_Widget\" data-id=\"58ff044\" data-element_type=\"widget\" data-settings=\"{&quot;_transform_scale_effect_hover&quot;:{&quot;unit&quot;:&quot;px&quot;,&quot;size&quot;:1.02,&quot;sizes&quot;:[]},&quot;_transform_scale_effect_hover_tablet&quot;:{&quot;unit&quot;:&quot;px&quot;,&quot;size&quot;:&quot;&quot;,&quot;sizes&quot;:[]},&quot;_transform_scale_effect_hover_mobile&quot;:{&quot;unit&quot;:&quot;px&quot;,&quot;size&quot;:&quot;&quot;,&quot;sizes&quot;:[]}}\" data-widget_type=\"Element_Ready_Box_Widget.default\">\n\t\t\t\t<div class=\"elementor-widget-container\">\n\t\t\t\n\t\t\t\t\t<div class=\"single__box_wrap wrap__single__box__layout__3\">\n\t\t\t\t\t\t<div class=\"box__big__thumb\"><img decoding=\"async\" loading=\"lazy\" width=\"800\" height=\"534\" src=\"https:\/\/www.proxym-group.com\/wp-content\/uploads\/sites\/8\/2023\/05\/postrecrut-1.jpg\" class=\"attachment-large size-large wp-image-19075\" alt=\"\" srcset=\"https:\/\/www.proxym-group.com\/wp-content\/uploads\/sites\/8\/2023\/05\/postrecrut-1.jpg 1000w, https:\/\/www.proxym-group.com\/wp-content\/uploads\/sites\/8\/2023\/05\/postrecrut-1-300x200.jpg 300w, https:\/\/www.proxym-group.com\/wp-content\/uploads\/sites\/8\/2023\/05\/postrecrut-1-768x512.jpg 768w, https:\/\/www.proxym-group.com\/wp-content\/uploads\/sites\/8\/2023\/05\/postrecrut-1-495x330.jpg 495w, https:\/\/www.proxym-group.com\/wp-content\/uploads\/sites\/8\/2023\/05\/postrecrut-1-270x180.jpg 270w, https:\/\/www.proxym-group.com\/wp-content\/uploads\/sites\/8\/2023\/05\/postrecrut-1-600x400.jpg 600w\" sizes=\"(max-width: 800px) 100vw, 800px\" \/><\/div>\n\t\t\t\t\t\t<div class=\"single__box single__box__layout__3\">\n\t\t\t\t\t\t\t\n\t\t\t\t\t\t\t\n\t\t\t\t\t\t\t<h3 class=\"box__title\">Senior Java Developer<\/h3>\n\t\t\t\t\t\t\t<div class=\"box__description\"><p>You already have experience in Java \/ J2EE but you have the ambition to stimulate your career with new challenges while capitalizing on your potential and your perpetual thirst for learning. You have the sense of sharing<\/p>\n<\/div>\n\t\t\t\t\t\t\t<a class=\"box__button elementor-animation-\" href=\"\/senior-java\">Apply<i class=\"box__button_icon_right fa fa-arrow-right\"><\/i><\/a>\n\t\t\t\t\t\t\t\n\t\t\t\t\t\t<\/div>\n\t\t\t\t\t<\/div>\n\t\t\t\t\t\t<\/div>\n\t\t\t\t<\/div>\n\t\t\t\t\t<\/div>\n\t\t<\/div>\n\t\t\t\t<div class=\"elementor-column elementor-col-50 elementor-top-column elementor-element elementor-element-a9a74cf\" data-id=\"a9a74cf\" data-element_type=\"column\">\n\t\t\t<div class=\"elementor-widget-wrap elementor-element-populated\">\n\t\t\t\t\t\t\t\t<div class=\"elementor-element elementor-element-1c96caa e-transform elementor-widget elementor-widget-Element_Ready_Box_Widget\" data-id=\"1c96caa\" data-element_type=\"widget\" data-settings=\"{&quot;_transform_scale_effect_hover&quot;:{&quot;unit&quot;:&quot;px&quot;,&quot;size&quot;:1.02,&quot;sizes&quot;:[]},&quot;_transform_scale_effect_hover_tablet&quot;:{&quot;unit&quot;:&quot;px&quot;,&quot;size&quot;:&quot;&quot;,&quot;sizes&quot;:[]},&quot;_transform_scale_effect_hover_mobile&quot;:{&quot;unit&quot;:&quot;px&quot;,&quot;size&quot;:&quot;&quot;,&quot;sizes&quot;:[]}}\" data-widget_type=\"Element_Ready_Box_Widget.default\">\n\t\t\t\t<div class=\"elementor-widget-container\">\n\t\t\t\n\t\t\t\t\t<div class=\"single__box_wrap wrap__single__box__layout__3\">\n\t\t\t\t\t\t<div class=\"box__big__thumb\"><img decoding=\"async\" loading=\"lazy\" width=\"567\" height=\"378\" src=\"https:\/\/www.proxym-group.com\/wp-content\/uploads\/sites\/8\/2023\/10\/jobdevelopers.jpg\" class=\"attachment-large size-large wp-image-21150\" alt=\"\" srcset=\"https:\/\/www.proxym-group.com\/wp-content\/uploads\/sites\/8\/2023\/10\/jobdevelopers.jpg 567w, https:\/\/www.proxym-group.com\/wp-content\/uploads\/sites\/8\/2023\/10\/jobdevelopers-300x200.jpg 300w, https:\/\/www.proxym-group.com\/wp-content\/uploads\/sites\/8\/2023\/10\/jobdevelopers-495x330.jpg 495w, https:\/\/www.proxym-group.com\/wp-content\/uploads\/sites\/8\/2023\/10\/jobdevelopers-270x180.jpg 270w\" sizes=\"(max-width: 567px) 100vw, 567px\" \/><\/div>\n\t\t\t\t\t\t<div class=\"single__box single__box__layout__3\">\n\t\t\t\t\t\t\t\n\t\t\t\t\t\t\t\n\t\t\t\t\t\t\t<h3 class=\"box__title\">Mobile Developer<\/h3>\n\t\t\t\t\t\t\t<div class=\"box__description\"><p>You have a solid background in mobile application development and a strong desire to advance your career by embracing fresh challenges, leveraging your full potential and seek new knowledge.<\/p>\n<\/div>\n\t\t\t\t\t\t\t<a class=\"box__button elementor-animation-\" href=\"\/mobile-developer\">Apply<i class=\"box__button_icon_right fa fa-arrow-right\"><\/i><\/a>\n\t\t\t\t\t\t\t\n\t\t\t\t\t\t<\/div>\n\t\t\t\t\t<\/div>\n\t\t\t\t\t\t<\/div>\n\t\t\t\t<\/div>\n\t\t\t\t\t<\/div>\n\t\t<\/div>\n\t\t\t\t\t\t\t<\/div>\n\t\t<\/section>\n\t\t\t\t\t\t\t<\/div>\n\t\t","protected":false},"excerpt":{"rendered":"<p>Dynamisez votre carri\u00e8re avec une touche d\u2019enthousiasme Lancez votre carri\u00e8re vers de nouveaux horizons Chez Proxym, notre ambition est de transformer l&rsquo;industrie financi\u00e8re en pla\u00e7ant le client au c\u0153ur de toutes nos actions. Pour r\u00e9aliser cet objectif, nous sommes en permanence \u00e0 la recherche de talents cr\u00e9atifs et visionnaires, pr\u00eats \u00e0 nous accompagner dans cette [&hellip;]<\/p>\n","protected":false},"author":1,"featured_media":0,"parent":0,"menu_order":0,"comment_status":"closed","ping_status":"closed","template":"page-templates\/full-width.php","meta":{"content-type":"","_monsterinsights_skip_tracking":false,"_monsterinsights_sitenote_active":false,"_monsterinsights_sitenote_note":"","_monsterinsights_sitenote_category":0,"footnotes":""},"aioseo_notices":[],"_links":{"self":[{"href":"https:\/\/www.proxym-group.com\/fr\/wp-json\/wp\/v2\/pages\/15130"}],"collection":[{"href":"https:\/\/www.proxym-group.com\/fr\/wp-json\/wp\/v2\/pages"}],"about":[{"href":"https:\/\/www.proxym-group.com\/fr\/wp-json\/wp\/v2\/types\/page"}],"author":[{"embeddable":true,"href":"https:\/\/www.proxym-group.com\/fr\/wp-json\/wp\/v2\/users\/1"}],"replies":[{"embeddable":true,"href":"https:\/\/www.proxym-group.com\/fr\/wp-json\/wp\/v2\/comments?post=15130"}],"version-history":[{"count":72,"href":"https:\/\/www.proxym-group.com\/fr\/wp-json\/wp\/v2\/pages\/15130\/revisions"}],"predecessor-version":[{"id":24025,"href":"https:\/\/www.proxym-group.com\/fr\/wp-json\/wp\/v2\/pages\/15130\/revisions\/24025"}],"wp:attachment":[{"href":"https:\/\/www.proxym-group.com\/fr\/wp-json\/wp\/v2\/media?parent=15130"}],"curies":[{"name":"wp","href":"https:\/\/api.w.org\/{rel}","templated":true}]}}