{"id":14950,"date":"2023-03-08T10:02:08","date_gmt":"2023-03-08T09:02:08","guid":{"rendered":"http:\/\/localhost\/prxgroup\/?page_id=14950"},"modified":"2024-12-25T10:48:31","modified_gmt":"2024-12-25T09:48:31","slug":"internship-book","status":"publish","type":"page","link":"https:\/\/www.proxym-group.com\/fr\/internship-book\/","title":{"rendered":"PFE Book"},"content":{"rendered":"\t\t<div data-elementor-type=\"wp-page\" data-elementor-id=\"14950\" class=\"elementor elementor-14950\" data-elementor-post-type=\"page\">\n\t\t\t\t\t\t\t\t\t<section class=\"elementor-section elementor-top-section elementor-element elementor-element-c8b70a0 elementor-section-content-middle elementor-section-boxed elementor-section-height-default elementor-section-height-default\" data-id=\"c8b70a0\" data-element_type=\"section\">\n\t\t\t\t\t\t<div class=\"elementor-container elementor-column-gap-default\">\n\t\t\t\t\t<div class=\"elementor-column elementor-col-50 elementor-top-column elementor-element elementor-element-7837ab5\" data-id=\"7837ab5\" data-element_type=\"column\">\n\t\t\t<div class=\"elementor-widget-wrap elementor-element-populated\">\n\t\t\t\t\t\t\t\t<div class=\"elementor-element elementor-element-80cd8bd elementor-widget elementor-widget-heading\" data-id=\"80cd8bd\" data-element_type=\"widget\" data-widget_type=\"heading.default\">\n\t\t\t\t<div class=\"elementor-widget-container\">\n\t\t\t<style>\/*! elementor - v3.17.0 - 01-11-2023 *\/\n.elementor-heading-title{padding:0;margin:0;line-height:1}.elementor-widget-heading .elementor-heading-title[class*=elementor-size-]>a{color:inherit;font-size:inherit;line-height:inherit}.elementor-widget-heading .elementor-heading-title.elementor-size-small{font-size:15px}.elementor-widget-heading .elementor-heading-title.elementor-size-medium{font-size:19px}.elementor-widget-heading .elementor-heading-title.elementor-size-large{font-size:29px}.elementor-widget-heading .elementor-heading-title.elementor-size-xl{font-size:39px}.elementor-widget-heading .elementor-heading-title.elementor-size-xxl{font-size:59px}<\/style><h2 class=\"elementor-heading-title elementor-size-default\">Internship Book\u200b<\/h2>\t\t<\/div>\n\t\t\t\t<\/div>\n\t\t\t\t<div class=\"elementor-element elementor-element-7fe6157 elementor-widget elementor-widget-text-editor\" data-id=\"7fe6157\" data-element_type=\"widget\" data-widget_type=\"text-editor.default\">\n\t\t\t\t<div class=\"elementor-widget-container\">\n\t\t\t<style>\/*! elementor - v3.17.0 - 01-11-2023 *\/\n.elementor-widget-text-editor.elementor-drop-cap-view-stacked .elementor-drop-cap{background-color:#69727d;color:#fff}.elementor-widget-text-editor.elementor-drop-cap-view-framed .elementor-drop-cap{color:#69727d;border:3px solid;background-color:transparent}.elementor-widget-text-editor:not(.elementor-drop-cap-view-default) .elementor-drop-cap{margin-top:8px}.elementor-widget-text-editor:not(.elementor-drop-cap-view-default) .elementor-drop-cap-letter{width:1em;height:1em}.elementor-widget-text-editor .elementor-drop-cap{float:left;text-align:center;line-height:1;font-size:50px}.elementor-widget-text-editor .elementor-drop-cap-letter{display:inline-block}<\/style>\t\t\t\t<p>Chaque ann\u00e9e, Proxym propose des stages. Les gagnants seront recrut\u00e9s par Proxym.<br \/><br \/>Un Livret de Stages est partag\u00e9 chaque ann\u00e9e sur notre site et les r\u00e9seaux sociaux, dans lequel se trouvent tous les sujets propos\u00e9s.<\/p>\t\t\t\t\t\t<\/div>\n\t\t\t\t<\/div>\n\t\t\t\t<div class=\"elementor-element elementor-element-67a0e23 elementor-widget elementor-widget-Element_Ready_Dual_Button\" data-id=\"67a0e23\" data-element_type=\"widget\" data-widget_type=\"Element_Ready_Dual_Button.default\">\n\t\t\t\t<div class=\"elementor-widget-container\">\n\t\t\t<div class=\"element__ready__dual__button btn__layout__1\"><a ><div class=\"button__title\">Une nouvelle session sera bient\u00f4t ouverte<\/div><\/a><\/div>\t\t<\/div>\n\t\t\t\t<\/div>\n\t\t\t\t\t<\/div>\n\t\t<\/div>\n\t\t\t\t<div class=\"elementor-column elementor-col-50 elementor-top-column elementor-element elementor-element-6a33bd4\" data-id=\"6a33bd4\" data-element_type=\"column\">\n\t\t\t<div class=\"elementor-widget-wrap elementor-element-populated\">\n\t\t\t\t\t\t\t\t<div class=\"elementor-element elementor-element-b8561c3 elementor-widget elementor-widget-image\" data-id=\"b8561c3\" data-element_type=\"widget\" data-widget_type=\"image.default\">\n\t\t\t\t<div class=\"elementor-widget-container\">\n\t\t\t<style>\/*! elementor - v3.17.0 - 01-11-2023 *\/\n.elementor-widget-image{text-align:center}.elementor-widget-image a{display:inline-block}.elementor-widget-image a img[src$=\".svg\"]{width:48px}.elementor-widget-image img{vertical-align:middle;display:inline-block}<\/style>\t\t\t\t\t\t\t\t\t\t\t\t<img decoding=\"async\" loading=\"lazy\" width=\"625\" height=\"620\" src=\"https:\/\/www.proxym-group.com\/wp-content\/uploads\/sites\/8\/2023\/11\/MicrosoftTeams-image-78.png\" class=\"attachment-medium_large size-medium_large wp-image-21533\" alt=\"\" srcset=\"https:\/\/www.proxym-group.com\/wp-content\/uploads\/sites\/8\/2023\/11\/MicrosoftTeams-image-78.png 625w, https:\/\/www.proxym-group.com\/wp-content\/uploads\/sites\/8\/2023\/11\/MicrosoftTeams-image-78-300x298.png 300w, https:\/\/www.proxym-group.com\/wp-content\/uploads\/sites\/8\/2023\/11\/MicrosoftTeams-image-78-150x150.png 150w, https:\/\/www.proxym-group.com\/wp-content\/uploads\/sites\/8\/2023\/11\/MicrosoftTeams-image-78-333x330.png 333w, https:\/\/www.proxym-group.com\/wp-content\/uploads\/sites\/8\/2023\/11\/MicrosoftTeams-image-78-181x180.png 181w, https:\/\/www.proxym-group.com\/wp-content\/uploads\/sites\/8\/2023\/11\/MicrosoftTeams-image-78-80x80.png 80w\" sizes=\"(max-width: 625px) 100vw, 625px\" \/>\t\t\t\t\t\t\t\t\t\t\t\t\t\t\t<\/div>\n\t\t\t\t<\/div>\n\t\t\t\t\t<\/div>\n\t\t<\/div>\n\t\t\t\t\t\t\t<\/div>\n\t\t<\/section>\n\t\t\t\t\t\t\t<\/div>\n\t\t","protected":false},"excerpt":{"rendered":"<p>Internship Book\u200b Chaque ann\u00e9e, Proxym propose des stages. Les gagnants seront recrut\u00e9s par Proxym. Un Livret de Stages est partag\u00e9 chaque ann\u00e9e sur notre site et les r\u00e9seaux sociaux, dans lequel se trouvent tous les sujets propos\u00e9s. Une nouvelle session sera bient\u00f4t ouverte<\/p>\n","protected":false},"author":1,"featured_media":0,"parent":0,"menu_order":0,"comment_status":"closed","ping_status":"closed","template":"page-templates\/full-width.php","meta":{"content-type":"","_monsterinsights_skip_tracking":false,"_monsterinsights_sitenote_active":false,"_monsterinsights_sitenote_note":"","_monsterinsights_sitenote_category":0,"footnotes":""},"aioseo_notices":[],"_links":{"self":[{"href":"https:\/\/www.proxym-group.com\/fr\/wp-json\/wp\/v2\/pages\/14950"}],"collection":[{"href":"https:\/\/www.proxym-group.com\/fr\/wp-json\/wp\/v2\/pages"}],"about":[{"href":"https:\/\/www.proxym-group.com\/fr\/wp-json\/wp\/v2\/types\/page"}],"author":[{"embeddable":true,"href":"https:\/\/www.proxym-group.com\/fr\/wp-json\/wp\/v2\/users\/1"}],"replies":[{"embeddable":true,"href":"https:\/\/www.proxym-group.com\/fr\/wp-json\/wp\/v2\/comments?post=14950"}],"version-history":[{"count":89,"href":"https:\/\/www.proxym-group.com\/fr\/wp-json\/wp\/v2\/pages\/14950\/revisions"}],"predecessor-version":[{"id":23555,"href":"https:\/\/www.proxym-group.com\/fr\/wp-json\/wp\/v2\/pages\/14950\/revisions\/23555"}],"wp:attachment":[{"href":"https:\/\/www.proxym-group.com\/fr\/wp-json\/wp\/v2\/media?parent=14950"}],"curies":[{"name":"wp","href":"https:\/\/api.w.org\/{rel}","templated":true}]}}