{"id":13449,"date":"2023-02-21T16:55:40","date_gmt":"2023-02-21T15:55:40","guid":{"rendered":"http:\/\/localhost\/prxgroup\/?page_id=13449"},"modified":"2024-12-24T11:36:15","modified_gmt":"2024-12-24T10:36:15","slug":"gestion-agile-des-services","status":"publish","type":"page","link":"https:\/\/www.proxym-group.com\/fr\/gestion-agile-des-services\/","title":{"rendered":"Services Management Agile"},"content":{"rendered":"\t\t<div data-elementor-type=\"wp-page\" data-elementor-id=\"13449\" class=\"elementor elementor-13449\" data-elementor-post-type=\"page\">\n\t\t\t\t\t\t\t\t\t<section class=\"elementor-section elementor-top-section elementor-element elementor-element-a7ed2f8 elementor-section-boxed elementor-section-height-default elementor-section-height-default\" data-id=\"a7ed2f8\" data-element_type=\"section\" data-settings=\"{&quot;background_background&quot;:&quot;classic&quot;}\">\n\t\t\t\t\t\t<div class=\"elementor-container elementor-column-gap-default\">\n\t\t\t\t\t<div class=\"elementor-column elementor-col-100 elementor-top-column elementor-element elementor-element-04a32cd animated-slow elementor-invisible\" data-id=\"04a32cd\" data-element_type=\"column\" data-settings=\"{&quot;animation&quot;:&quot;slideInUp&quot;,&quot;background_background&quot;:&quot;classic&quot;}\">\n\t\t\t<div class=\"elementor-widget-wrap elementor-element-populated\">\n\t\t\t\t\t\t\t\t<div class=\"elementor-element elementor-element-185e775 elementor-widget elementor-widget-heading\" data-id=\"185e775\" data-element_type=\"widget\" data-widget_type=\"heading.default\">\n\t\t\t\t<div class=\"elementor-widget-container\">\n\t\t\t<style>\/*! elementor - v3.17.0 - 01-11-2023 *\/\n.elementor-heading-title{padding:0;margin:0;line-height:1}.elementor-widget-heading .elementor-heading-title[class*=elementor-size-]>a{color:inherit;font-size:inherit;line-height:inherit}.elementor-widget-heading .elementor-heading-title.elementor-size-small{font-size:15px}.elementor-widget-heading .elementor-heading-title.elementor-size-medium{font-size:19px}.elementor-widget-heading .elementor-heading-title.elementor-size-large{font-size:29px}.elementor-widget-heading .elementor-heading-title.elementor-size-xl{font-size:39px}.elementor-widget-heading .elementor-heading-title.elementor-size-xxl{font-size:59px}<\/style><h2 class=\"elementor-heading-title elementor-size-default\">Gestion Agile des Services<\/h2>\t\t<\/div>\n\t\t\t\t<\/div>\n\t\t\t\t<div class=\"elementor-element elementor-element-ba96958 elementor-widget elementor-widget-heading\" data-id=\"ba96958\" data-element_type=\"widget\" data-widget_type=\"heading.default\">\n\t\t\t\t<div class=\"elementor-widget-container\">\n\t\t\t<h2 class=\"elementor-heading-title elementor-size-default\">Assurez une configuration fluide, <br> une s\u00e9curit\u00e9 renforc\u00e9e et un succ\u00e8s durable<\/h2>\t\t<\/div>\n\t\t\t\t<\/div>\n\t\t\t\t<div class=\"elementor-element elementor-element-13cf062 elementor-widget elementor-widget-heading\" data-id=\"13cf062\" data-element_type=\"widget\" data-widget_type=\"heading.default\">\n\t\t\t\t<div class=\"elementor-widget-container\">\n\t\t\t<h2 class=\"elementor-heading-title elementor-size-default\">Innovation durable et transformation digitale continue gr\u00e2ce \u00e0 un suivi rigoureux apr\u00e8s le lancement initial. <br>Nous proposons des services agiles qui assurent une am\u00e9lioration continue des applications et une optimisation des co\u00fbts apr\u00e8s leur d\u00e9ploiement.<\/h2>\t\t<\/div>\n\t\t\t\t<\/div>\n\t\t\t\t\t<\/div>\n\t\t<\/div>\n\t\t\t\t\t\t\t<\/div>\n\t\t<\/section>\n\t\t\t\t<section class=\"elementor-section elementor-top-section elementor-element elementor-element-5c88b13 elementor-section-full_width elementor-section-stretched animated-slow elementor-section-height-default elementor-section-height-default elementor-invisible\" data-id=\"5c88b13\" data-element_type=\"section\" data-settings=\"{&quot;stretch_section&quot;:&quot;section-stretched&quot;,&quot;animation&quot;:&quot;fadeInUp&quot;}\">\n\t\t\t\t\t\t<div class=\"elementor-container elementor-column-gap-default\">\n\t\t\t\t\t<div class=\"elementor-column elementor-col-100 elementor-top-column elementor-element elementor-element-4607d15\" data-id=\"4607d15\" data-element_type=\"column\" data-settings=\"{&quot;animation&quot;:&quot;none&quot;}\">\n\t\t\t<div class=\"elementor-widget-wrap elementor-element-populated\">\n\t\t\t\t\t\t\t\t<div class=\"elementor-element elementor-element-52757a9 elementor-widget elementor-widget-image\" data-id=\"52757a9\" data-element_type=\"widget\" data-widget_type=\"image.default\">\n\t\t\t\t<div class=\"elementor-widget-container\">\n\t\t\t<style>\/*! elementor - v3.17.0 - 01-11-2023 *\/\n.elementor-widget-image{text-align:center}.elementor-widget-image a{display:inline-block}.elementor-widget-image a img[src$=\".svg\"]{width:48px}.elementor-widget-image img{vertical-align:middle;display:inline-block}<\/style>\t\t\t\t\t\t\t\t\t\t\t\t<img decoding=\"async\" loading=\"lazy\" width=\"800\" height=\"235\" src=\"https:\/\/www.proxym-group.com\/wp-content\/uploads\/sites\/8\/2023\/03\/homeBanner-1024x301.png\" class=\"attachment-large size-large wp-image-15028\" alt=\"\" srcset=\"https:\/\/www.proxym-group.com\/wp-content\/uploads\/sites\/8\/2023\/03\/homeBanner-1024x301.png 1024w, https:\/\/www.proxym-group.com\/wp-content\/uploads\/sites\/8\/2023\/03\/homeBanner-300x88.png 300w, https:\/\/www.proxym-group.com\/wp-content\/uploads\/sites\/8\/2023\/03\/homeBanner-768x226.png 768w, https:\/\/www.proxym-group.com\/wp-content\/uploads\/sites\/8\/2023\/03\/homeBanner-570x167.png 570w, https:\/\/www.proxym-group.com\/wp-content\/uploads\/sites\/8\/2023\/03\/homeBanner-270x79.png 270w, https:\/\/www.proxym-group.com\/wp-content\/uploads\/sites\/8\/2023\/03\/homeBanner-600x176.png 600w, https:\/\/www.proxym-group.com\/wp-content\/uploads\/sites\/8\/2023\/03\/homeBanner.png 1464w\" sizes=\"(max-width: 800px) 100vw, 800px\" \/>\t\t\t\t\t\t\t\t\t\t\t\t\t\t\t<\/div>\n\t\t\t\t<\/div>\n\t\t\t\t\t<\/div>\n\t\t<\/div>\n\t\t\t\t\t\t\t<\/div>\n\t\t<\/section>\n\t\t\t\t<section class=\"elementor-section elementor-top-section elementor-element elementor-element-7e03223 elementor-section-boxed elementor-section-height-default elementor-section-height-default\" data-id=\"7e03223\" data-element_type=\"section\">\n\t\t\t\t\t\t<div class=\"elementor-container elementor-column-gap-default\">\n\t\t\t\t\t<div class=\"elementor-column elementor-col-100 elementor-top-column elementor-element elementor-element-bfe142b\" data-id=\"bfe142b\" data-element_type=\"column\">\n\t\t\t<div class=\"elementor-widget-wrap elementor-element-populated\">\n\t\t\t\t\t\t\t\t<div class=\"elementor-element elementor-element-6f66823 elementor-button-info elementor-widget elementor-widget-button\" data-id=\"6f66823\" data-element_type=\"widget\" data-widget_type=\"button.default\">\n\t\t\t\t<div class=\"elementor-widget-container\">\n\t\t\t\t\t<div class=\"elementor-button-wrapper\">\n\t\t\t<a class=\"elementor-button elementor-size-xs\" role=\"button\">\n\t\t\t\t\t\t<span class=\"elementor-button-content-wrapper\">\n\t\t\t\t\t\t<span class=\"elementor-button-text\">Avantages<\/span>\n\t\t<\/span>\n\t\t\t\t\t<\/a>\n\t\t<\/div>\n\t\t\t\t<\/div>\n\t\t\t\t<\/div>\n\t\t\t\t<section class=\"elementor-section elementor-inner-section elementor-element elementor-element-1584f75 elementor-section-boxed elementor-section-height-default elementor-section-height-default\" data-id=\"1584f75\" data-element_type=\"section\" data-settings=\"{&quot;background_background&quot;:&quot;classic&quot;}\">\n\t\t\t\t\t\t<div class=\"elementor-container elementor-column-gap-default\">\n\t\t\t\t\t<div class=\"elementor-column elementor-col-25 elementor-inner-column elementor-element elementor-element-c170ef8 elementor-invisible\" data-id=\"c170ef8\" data-element_type=\"column\" data-settings=\"{&quot;background_background&quot;:&quot;classic&quot;,&quot;animation&quot;:&quot;fadeInLeft&quot;}\">\n\t\t\t<div class=\"elementor-widget-wrap elementor-element-populated\">\n\t\t\t\t\t\t\t\t<div class=\"elementor-element elementor-element-baf7a2d elementor-widget elementor-widget-Element_Ready_Box_Widget\" data-id=\"baf7a2d\" data-element_type=\"widget\" data-settings=\"{&quot;_animation&quot;:&quot;none&quot;,&quot;_animation_delay&quot;:600}\" data-widget_type=\"Element_Ready_Box_Widget.default\">\n\t\t\t\t<div class=\"elementor-widget-container\">\n\t\t\t\n\t\t\t\t<div class=\"single__box\">\n\t\t\t\t\t\n\t\t\t\t\t<div class=\"box__icon elementor-animation-\"><img decoding=\"async\" src=\"https:\/\/www.proxym-group.com\/wp-content\/uploads\/sites\/8\/2023\/06\/MicrosoftTeams-image-54.png\" alt=\"\" \/><\/div>\n\t\t\t\t\t<h3 class=\"box__title\">Expertise et comp\u00e9tences pour r\u00e9pondre aux besoins<\/h3>\n\t\t\t\t\t<div class=\"box__description\"><p>Nos experts agissent comme une extension de votre \u00e9quipe, garantissant la maintenance et la s\u00e9curit\u00e9 de vos applications, afin de vous permettre de vous concentrer sur de nouveaux projets.<\/p>\n<\/div>\n\t\t\t\t\t\n\t\t\t\t\t\n\t\t\t\t<\/div>\n\t\t\t\t\t<\/div>\n\t\t\t\t<\/div>\n\t\t\t\t\t<\/div>\n\t\t<\/div>\n\t\t\t\t<div class=\"elementor-column elementor-col-25 elementor-inner-column elementor-element elementor-element-a6eea78 elementor-invisible\" data-id=\"a6eea78\" data-element_type=\"column\" data-settings=\"{&quot;background_background&quot;:&quot;classic&quot;,&quot;animation&quot;:&quot;fadeInLeft&quot;}\">\n\t\t\t<div class=\"elementor-widget-wrap elementor-element-populated\">\n\t\t\t\t\t\t\t\t<div class=\"elementor-element elementor-element-cd66e7a elementor-widget elementor-widget-Element_Ready_Box_Widget\" data-id=\"cd66e7a\" data-element_type=\"widget\" data-settings=\"{&quot;_animation&quot;:&quot;none&quot;,&quot;_animation_delay&quot;:600}\" data-widget_type=\"Element_Ready_Box_Widget.default\">\n\t\t\t\t<div class=\"elementor-widget-container\">\n\t\t\t\n\t\t\t\t<div class=\"single__box\">\n\t\t\t\t\t\n\t\t\t\t\t<div class=\"box__icon elementor-animation-\"><img decoding=\"async\" src=\"https:\/\/www.proxym-group.com\/wp-content\/uploads\/sites\/8\/2023\/06\/MicrosoftTeams-image-56.png\" alt=\"\" \/><\/div>\n\t\t\t\t\t<h3 class=\"box__title\">Maintenez une longueur d&#039;avance sur la concurrence<\/h3>\n\t\t\t\t\t<div class=\"box__description\"><p>Nous garantissons la mise \u00e0 jour rapide de votre technologie pour renforcer la comp\u00e9titivit\u00e9 de votre entreprise et optimiser la valeur de votre investissement.<\/p>\n<\/div>\n\t\t\t\t\t\n\t\t\t\t\t\n\t\t\t\t<\/div>\n\t\t\t\t\t<\/div>\n\t\t\t\t<\/div>\n\t\t\t\t\t<\/div>\n\t\t<\/div>\n\t\t\t\t<div class=\"elementor-column elementor-col-25 elementor-inner-column elementor-element elementor-element-4ef7c99 elementor-invisible\" data-id=\"4ef7c99\" data-element_type=\"column\" data-settings=\"{&quot;background_background&quot;:&quot;classic&quot;,&quot;animation&quot;:&quot;fadeInLeft&quot;}\">\n\t\t\t<div class=\"elementor-widget-wrap elementor-element-populated\">\n\t\t\t\t\t\t\t\t<div class=\"elementor-element elementor-element-7c48789 elementor-widget elementor-widget-Element_Ready_Box_Widget\" data-id=\"7c48789\" data-element_type=\"widget\" data-settings=\"{&quot;_animation&quot;:&quot;none&quot;,&quot;_animation_delay&quot;:600}\" data-widget_type=\"Element_Ready_Box_Widget.default\">\n\t\t\t\t<div class=\"elementor-widget-container\">\n\t\t\t\n\t\t\t\t<div class=\"single__box\">\n\t\t\t\t\t\n\t\t\t\t\t<div class=\"box__icon elementor-animation-\"><img decoding=\"async\" src=\"https:\/\/www.proxym-group.com\/wp-content\/uploads\/sites\/8\/2023\/06\/MicrosoftTeams-image-58.png\" alt=\"\" \/><\/div>\n\t\t\t\t\t<h3 class=\"box__title\">R\u00e9duire les d\u00e9penses inutiles<\/h3>\n\t\t\t\t\t<div class=\"box__description\"><p>Optimisez vos co\u00fbts li\u00e9s au personnel, \u00e0 la formation et aux op\u00e9rations gr\u00e2ce \u00e0 l'expertise de nos professionnels chevronn\u00e9s, tout en garantissant un budget stable et pr\u00e9visible.<\/p>\n<\/div>\n\t\t\t\t\t\n\t\t\t\t\t\n\t\t\t\t<\/div>\n\t\t\t\t\t<\/div>\n\t\t\t\t<\/div>\n\t\t\t\t\t<\/div>\n\t\t<\/div>\n\t\t\t\t<div class=\"elementor-column elementor-col-25 elementor-inner-column elementor-element elementor-element-8706bee elementor-invisible\" data-id=\"8706bee\" data-element_type=\"column\" data-settings=\"{&quot;background_background&quot;:&quot;classic&quot;,&quot;animation&quot;:&quot;fadeInLeft&quot;}\">\n\t\t\t<div class=\"elementor-widget-wrap elementor-element-populated\">\n\t\t\t\t\t\t\t\t<div class=\"elementor-element elementor-element-fa8e91e elementor-widget elementor-widget-Element_Ready_Box_Widget\" data-id=\"fa8e91e\" data-element_type=\"widget\" data-settings=\"{&quot;_animation&quot;:&quot;none&quot;,&quot;_animation_delay&quot;:600}\" data-widget_type=\"Element_Ready_Box_Widget.default\">\n\t\t\t\t<div class=\"elementor-widget-container\">\n\t\t\t\n\t\t\t\t<div class=\"single__box\">\n\t\t\t\t\t\n\t\t\t\t\t<div class=\"box__icon elementor-animation-\"><img decoding=\"async\" src=\"https:\/\/www.proxym-group.com\/wp-content\/uploads\/sites\/8\/2023\/06\/MicrosoftTeams-image-59.png\" alt=\"\" \/><\/div>\n\t\t\t\t\t<h3 class=\"box__title\">Fiabilit\u00e9 \u00e0 chaque instant<\/h3>\n\t\t\t\t\t<div class=\"box__description\"><p>\u00c9liminez les pr\u00e9occupations li\u00e9es aux interruptions gr\u00e2ce \u00e0 notre surveillance 24 heures sur 24 de vos applications, garantissant ainsi une performance optimale en tout temps.<\/p>\n<\/div>\n\t\t\t\t\t\n\t\t\t\t\t\n\t\t\t\t<\/div>\n\t\t\t\t\t<\/div>\n\t\t\t\t<\/div>\n\t\t\t\t\t<\/div>\n\t\t<\/div>\n\t\t\t\t\t\t\t<\/div>\n\t\t<\/section>\n\t\t\t\t\t<\/div>\n\t\t<\/div>\n\t\t\t\t\t\t\t<\/div>\n\t\t<\/section>\n\t\t\t\t<section class=\"elementor-section elementor-top-section elementor-element elementor-element-24a8506 elementor-section-full_width elementor-section-height-default elementor-section-height-default\" data-id=\"24a8506\" data-element_type=\"section\" data-settings=\"{&quot;background_background&quot;:&quot;classic&quot;}\">\n\t\t\t\t\t\t<div class=\"elementor-container elementor-column-gap-default\">\n\t\t\t\t\t<div class=\"elementor-column elementor-col-100 elementor-top-column elementor-element elementor-element-9c3ac46\" data-id=\"9c3ac46\" data-element_type=\"column\">\n\t\t\t<div class=\"elementor-widget-wrap elementor-element-populated\">\n\t\t\t\t\t\t\t\t<section class=\"elementor-section elementor-inner-section elementor-element elementor-element-2c50c19 elementor-section-full_width elementor-section-height-default elementor-section-height-default\" data-id=\"2c50c19\" data-element_type=\"section\">\n\t\t\t\t\t\t<div class=\"elementor-container elementor-column-gap-default\">\n\t\t\t\t\t<div class=\"elementor-column elementor-col-50 elementor-inner-column elementor-element elementor-element-4a414b6\" data-id=\"4a414b6\" data-element_type=\"column\">\n\t\t\t<div class=\"elementor-widget-wrap elementor-element-populated\">\n\t\t\t\t\t\t\t\t<div class=\"elementor-element elementor-element-4785979 elementor-widget elementor-widget-image\" data-id=\"4785979\" data-element_type=\"widget\" data-widget_type=\"image.default\">\n\t\t\t\t<div class=\"elementor-widget-container\">\n\t\t\t\t\t\t\t\t\t\t\t\t\t\t\t<img decoding=\"async\" loading=\"lazy\" width=\"766\" height=\"679\" src=\"https:\/\/www.proxym-group.com\/wp-content\/uploads\/sites\/8\/2023\/05\/Rectangle-22914-2.png\" class=\"attachment-large size-large wp-image-18292\" alt=\"\" srcset=\"https:\/\/www.proxym-group.com\/wp-content\/uploads\/sites\/8\/2023\/05\/Rectangle-22914-2.png 766w, https:\/\/www.proxym-group.com\/wp-content\/uploads\/sites\/8\/2023\/05\/Rectangle-22914-2-300x266.png 300w, https:\/\/www.proxym-group.com\/wp-content\/uploads\/sites\/8\/2023\/05\/Rectangle-22914-2-372x330.png 372w, https:\/\/www.proxym-group.com\/wp-content\/uploads\/sites\/8\/2023\/05\/Rectangle-22914-2-203x180.png 203w, https:\/\/www.proxym-group.com\/wp-content\/uploads\/sites\/8\/2023\/05\/Rectangle-22914-2-600x532.png 600w\" sizes=\"(max-width: 766px) 100vw, 766px\" \/>\t\t\t\t\t\t\t\t\t\t\t\t\t\t\t<\/div>\n\t\t\t\t<\/div>\n\t\t\t\t\t<\/div>\n\t\t<\/div>\n\t\t\t\t<div class=\"elementor-column elementor-col-50 elementor-inner-column elementor-element elementor-element-690023d\" data-id=\"690023d\" data-element_type=\"column\">\n\t\t\t<div class=\"elementor-widget-wrap elementor-element-populated\">\n\t\t\t\t\t\t\t\t<div class=\"elementor-element elementor-element-2a9696f elementor-invisible elementor-widget elementor-widget-heading\" data-id=\"2a9696f\" data-element_type=\"widget\" data-settings=\"{&quot;_animation&quot;:&quot;fadeInUp&quot;}\" data-widget_type=\"heading.default\">\n\t\t\t\t<div class=\"elementor-widget-container\">\n\t\t\t<h2 class=\"elementor-heading-title elementor-size-default\">Comment \u00e9voluez-vous \u00e0 nos c\u00f4t\u00e9s ?<\/h2>\t\t<\/div>\n\t\t\t\t<\/div>\n\t\t\t\t<div class=\"elementor-element elementor-element-e23a021 elementor-widget elementor-widget-heading\" data-id=\"e23a021\" data-element_type=\"widget\" data-widget_type=\"heading.default\">\n\t\t\t\t<div class=\"elementor-widget-container\">\n\t\t\t<h2 class=\"elementor-heading-title elementor-size-default\">De l'ing\u00e9nierie experte <br>aux mesures de s\u00e9curit\u00e9 proactives, <\/h2>\t\t<\/div>\n\t\t\t\t<\/div>\n\t\t\t\t<div class=\"elementor-element elementor-element-7b8bfb7 elementor-invisible elementor-widget elementor-widget-heading\" data-id=\"7b8bfb7\" data-element_type=\"widget\" data-settings=\"{&quot;_animation&quot;:&quot;fadeInUp&quot;}\" data-widget_type=\"heading.default\">\n\t\t\t\t<div class=\"elementor-widget-container\">\n\t\t\t<h2 class=\"elementor-heading-title elementor-size-default\">Nous avons tout ce qu'il vous faut<\/h2>\t\t<\/div>\n\t\t\t\t<\/div>\n\t\t\t\t<div class=\"elementor-element elementor-element-897f961 elementor-widget__width-initial elementor-widget-mobile__width-inherit elementor-widget elementor-widget-Element_Ready_Box_Widget\" data-id=\"897f961\" data-element_type=\"widget\" data-widget_type=\"Element_Ready_Box_Widget.default\">\n\t\t\t\t<div class=\"elementor-widget-container\">\n\t\t\t\n\t\t\t\t<div class=\"single__box\">\n\t\t\t\t\t\n\t\t\t\t\t<div class=\"box__icon elementor-animation-\"><img decoding=\"async\" src=\"https:\/\/www.proxym-group.com\/wp-content\/uploads\/sites\/8\/2023\/05\/Vector-Stroke-4.png\" alt=\"\" \/><\/div>\n\t\t\t\t\t<h3 class=\"box__title\">Expert en Innovation<\/h3>\n\t\t\t\t\t<div class=\"box__description\"><p>Solutions de haute performance pour votre entreprise.<\/p>\n<\/div>\n\t\t\t\t\t\n\t\t\t\t\t\n\t\t\t\t<\/div>\n\t\t\t\t\t<\/div>\n\t\t\t\t<\/div>\n\t\t\t\t<div class=\"elementor-element elementor-element-d309277 elementor-widget__width-initial elementor-widget-mobile__width-inherit elementor-widget elementor-widget-Element_Ready_Box_Widget\" data-id=\"d309277\" data-element_type=\"widget\" data-widget_type=\"Element_Ready_Box_Widget.default\">\n\t\t\t\t<div class=\"elementor-widget-container\">\n\t\t\t\n\t\t\t\t<div class=\"single__box single__box__layout__1\">\n\t\t\t\t\t\n\t\t\t\t\t<div class=\"box__icon elementor-animation-\"><img decoding=\"async\" src=\"https:\/\/www.proxym-group.com\/wp-content\/uploads\/sites\/8\/2023\/05\/Union-15.png\" alt=\"\" \/><\/div>\n\t\t\t\t\t<h3 class=\"box__title\">Tests de p\u00e9n\u00e9tration<\/h3>\n\t\t\t\t\t<div class=\"box__description\"><p>Des mesures de s\u00e9curit\u00e9 proactives pour votre entreprise.<\/p>\n<\/div>\n\t\t\t\t\t\n\t\t\t\t\t\n\t\t\t\t<\/div>\n\t\t\t\t\t<\/div>\n\t\t\t\t<\/div>\n\t\t\t\t<div class=\"elementor-element elementor-element-c473c7a elementor-widget__width-initial elementor-widget-mobile__width-inherit elementor-widget elementor-widget-Element_Ready_Box_Widget\" data-id=\"c473c7a\" data-element_type=\"widget\" data-widget_type=\"Element_Ready_Box_Widget.default\">\n\t\t\t\t<div class=\"elementor-widget-container\">\n\t\t\t\n\t\t\t\t<div class=\"single__box single__box__layout__1\">\n\t\t\t\t\t\n\t\t\t\t\t<div class=\"box__icon elementor-animation-\"><img decoding=\"async\" src=\"https:\/\/www.proxym-group.com\/wp-content\/uploads\/sites\/8\/2023\/05\/Group-240011.png\" alt=\"\" \/><\/div>\n\t\t\t\t\t<h3 class=\"box__title\">Am\u00e9liorations novatrices<\/h3>\n\t\t\t\t\t<div class=\"box__description\"><p>Gardez une longueur d'avance sur la concurrence gr\u00e2ce \u00e0 nos fonctionnalit\u00e9s innovantes.<\/p>\n<\/div>\n\t\t\t\t\t\n\t\t\t\t\t\n\t\t\t\t<\/div>\n\t\t\t\t\t<\/div>\n\t\t\t\t<\/div>\n\t\t\t\t<div class=\"elementor-element elementor-element-23be536 elementor-widget__width-initial elementor-widget-mobile__width-inherit elementor-widget elementor-widget-Element_Ready_Box_Widget\" data-id=\"23be536\" data-element_type=\"widget\" data-widget_type=\"Element_Ready_Box_Widget.default\">\n\t\t\t\t<div class=\"elementor-widget-container\">\n\t\t\t\n\t\t\t\t<div class=\"single__box single__box__layout__1\">\n\t\t\t\t\t\n\t\t\t\t\t<div class=\"box__icon elementor-animation-\"><img decoding=\"async\" src=\"https:\/\/www.proxym-group.com\/wp-content\/uploads\/sites\/8\/2023\/05\/Group-240011.png\" alt=\"\" \/><\/div>\n\t\t\t\t\t<h3 class=\"box__title\">Surveillance continue<\/h3>\n\t\t\t\t\t<div class=\"box__description\"><p>La s\u00e9curit\u00e9 et la performance de votre application sont garanties 24h\/24<\/p>\n<\/div>\n\t\t\t\t\t\n\t\t\t\t\t\n\t\t\t\t<\/div>\n\t\t\t\t\t<\/div>\n\t\t\t\t<\/div>\n\t\t\t\t<div class=\"elementor-element elementor-element-95f0c97 elementor-widget__width-initial elementor-widget-mobile__width-inherit elementor-widget elementor-widget-Element_Ready_Box_Widget\" data-id=\"95f0c97\" data-element_type=\"widget\" data-widget_type=\"Element_Ready_Box_Widget.default\">\n\t\t\t\t<div class=\"elementor-widget-container\">\n\t\t\t\n\t\t\t\t<div class=\"single__box single__box__layout__1\">\n\t\t\t\t\t\n\t\t\t\t\t<div class=\"box__icon elementor-animation-\"><img decoding=\"async\" src=\"https:\/\/www.proxym-group.com\/wp-content\/uploads\/sites\/8\/2023\/05\/Union-14.png\" alt=\"\" \/><\/div>\n\t\t\t\t\t<h3 class=\"box__title\">Maintenance proactive<\/h3>\n\t\t\t\t\t<div class=\"box__description\"><p>Optimisez en permanence les performances de votre code.<\/p>\n<\/div>\n\t\t\t\t\t\n\t\t\t\t\t\n\t\t\t\t<\/div>\n\t\t\t\t\t<\/div>\n\t\t\t\t<\/div>\n\t\t\t\t<div class=\"elementor-element elementor-element-574853b elementor-widget__width-initial elementor-widget-mobile__width-inherit elementor-widget elementor-widget-Element_Ready_Box_Widget\" data-id=\"574853b\" data-element_type=\"widget\" data-widget_type=\"Element_Ready_Box_Widget.default\">\n\t\t\t\t<div class=\"elementor-widget-container\">\n\t\t\t\n\t\t\t\t<div class=\"single__box single__box__layout__1\">\n\t\t\t\t\t\n\t\t\t\t\t<div class=\"box__icon elementor-animation-\"><img decoding=\"async\" src=\"https:\/\/www.proxym-group.com\/wp-content\/uploads\/sites\/8\/2023\/05\/Group-240012-1.png\" alt=\"\" \/><\/div>\n\t\t\t\t\t<h3 class=\"box__title\">Collaboration am\u00e9lior\u00e9e<\/h3>\n\t\t\t\t\t<div class=\"box__description\"><p>Collaboration entre la direction et les services informatiques. Pour un meilleur alignement et une prise de d\u00e9cision plus rapide.<\/p>\n<\/div>\n\t\t\t\t\t\n\t\t\t\t\t\n\t\t\t\t<\/div>\n\t\t\t\t\t<\/div>\n\t\t\t\t<\/div>\n\t\t\t\t\t<\/div>\n\t\t<\/div>\n\t\t\t\t\t\t\t<\/div>\n\t\t<\/section>\n\t\t\t\t\t<\/div>\n\t\t<\/div>\n\t\t\t\t\t\t\t<\/div>\n\t\t<\/section>\n\t\t\t\t\t\t\t<\/div>\n\t\t","protected":false},"excerpt":{"rendered":"<p>Gestion Agile des Services Assurez une configuration fluide, une s\u00e9curit\u00e9 renforc\u00e9e et un succ\u00e8s durable Innovation durable et transformation digitale continue gr\u00e2ce \u00e0 un suivi rigoureux apr\u00e8s le lancement initial. Nous proposons des services agiles qui assurent une am\u00e9lioration continue des applications et une optimisation des co\u00fbts apr\u00e8s leur d\u00e9ploiement. Avantages Expertise et comp\u00e9tences pour [&hellip;]<\/p>\n","protected":false},"author":1,"featured_media":0,"parent":0,"menu_order":0,"comment_status":"closed","ping_status":"closed","template":"page-templates\/full-width.php","meta":{"content-type":"","_monsterinsights_skip_tracking":false,"_monsterinsights_sitenote_active":false,"_monsterinsights_sitenote_note":"","_monsterinsights_sitenote_category":0,"footnotes":""},"aioseo_notices":[],"_links":{"self":[{"href":"https:\/\/www.proxym-group.com\/fr\/wp-json\/wp\/v2\/pages\/13449"}],"collection":[{"href":"https:\/\/www.proxym-group.com\/fr\/wp-json\/wp\/v2\/pages"}],"about":[{"href":"https:\/\/www.proxym-group.com\/fr\/wp-json\/wp\/v2\/types\/page"}],"author":[{"embeddable":true,"href":"https:\/\/www.proxym-group.com\/fr\/wp-json\/wp\/v2\/users\/1"}],"replies":[{"embeddable":true,"href":"https:\/\/www.proxym-group.com\/fr\/wp-json\/wp\/v2\/comments?post=13449"}],"version-history":[{"count":114,"href":"https:\/\/www.proxym-group.com\/fr\/wp-json\/wp\/v2\/pages\/13449\/revisions"}],"predecessor-version":[{"id":23152,"href":"https:\/\/www.proxym-group.com\/fr\/wp-json\/wp\/v2\/pages\/13449\/revisions\/23152"}],"wp:attachment":[{"href":"https:\/\/www.proxym-group.com\/fr\/wp-json\/wp\/v2\/media?parent=13449"}],"curies":[{"name":"wp","href":"https:\/\/api.w.org\/{rel}","templated":true}]}}